{"id":85746,"date":"2021-07-22T15:04:07","date_gmt":"2021-07-22T11:05:31","guid":{"rendered":"https:\/\/www.seaflowerstore.com\/nl\/sicce-airlight-1500-air-pump\/"},"modified":"2025-08-02T09:53:24","modified_gmt":"2025-08-02T07:53:24","slug":"sicce-airlight-1500-air-pump","status":"publish","type":"product","link":"https:\/\/www.seaflowerstore.com\/de\/sicce-airlight-1500-air-pump\/","title":{"rendered":"Sicce Airlight 1500 air pump"},"content":{"rendered":"<h2>Sicce Airlight 1500 air pumps for the oxygenation and enhancement of every type of aquarium<\/h2>\n<p>Wir stellen eine fantastische Reihe von Luftpumpen vor, die die Sauerstoffversorgung in jedem Aquariumtyp verbessern sollen. Diese Pumpen sind in drei Modellen erh\u00e4ltlich und zeichnen sich durch ein kompaktes, leises und einzigartig gestaltetes Wal-Design aus.<\/p>\n<h4>Hauptmerkmale<\/h4>\n<ul>\n<li>Externe Verwendung<\/li>\n<li>Einzelner Luftauslass<\/li>\n<li>Auslass aus Edelstahl<\/li>\n<li>Transparenter Schlauch enthalten<\/li>\n<li>Q-max <strong>90 l\/h<\/strong><\/li>\n<li>Spannung\/Hertz: 230\u2013240\u00a0V\/50\u00a0Hz<\/li>\n<li>Watt: 2<\/li>\n<li>Kabell\u00e4nge: 1,5\u00a0m \u2013 EU 2p<\/li>\n<\/ul>\n<p>Diese Luftpumpen sind perfekt, um sicherzustellen, dass Ihr Aquarium lebendig und gesund bleibt. Sie werden ihre Effizienz und ihren leisen Betrieb zu sch\u00e4tzen wissen, was sie zu einer hervorragenden Erg\u00e4nzung f\u00fcr Ihre Wasserumgebung macht.<\/p>\n","protected":false},"excerpt":{"rendered":"<p>Sicce Airlight air pumps for the oxygenation and enhancement of every type of aquarium<\/p>\n","protected":false},"featured_media":83623,"template":"","meta":[],"pwb-brand":[2163],"product_cat":[1489,2104],"product_tag":[],"class_list":{"0":"post-85746","1":"product","2":"type-product","3":"status-publish","4":"has-post-thumbnail","6":"pwb-brand-sicce","7":"product_cat-luftpumpen","8":"product_cat-sicce-de","10":"first","11":"instock","12":"taxable","13":"shipping-taxable","14":"purchasable","15":"product-type-simple"},"acf":[],"brands":[{"id":2163,"name":"Sicce","slug":"sicce"}],"_links":{"self":[{"href":"https:\/\/www.seaflowerstore.com\/de\/wp-json\/wp\/v2\/product\/85746","targetHints":{"allow":["GET"]}}],"collection":[{"href":"https:\/\/www.seaflowerstore.com\/de\/wp-json\/wp\/v2\/product"}],"about":[{"href":"https:\/\/www.seaflowerstore.com\/de\/wp-json\/wp\/v2\/types\/product"}],"wp:featuredmedia":[{"embeddable":true,"href":"https:\/\/www.seaflowerstore.com\/de\/wp-json\/wp\/v2\/media\/83623"}],"wp:attachment":[{"href":"https:\/\/www.seaflowerstore.com\/de\/wp-json\/wp\/v2\/media?parent=85746"}],"wp:term":[{"taxonomy":"pwb-brand","embeddable":true,"href":"https:\/\/www.seaflowerstore.com\/de\/wp-json\/wp\/v2\/pwb-brand?post=85746"},{"taxonomy":"product_cat","embeddable":true,"href":"https:\/\/www.seaflowerstore.com\/de\/wp-json\/wp\/v2\/product_cat?post=85746"},{"taxonomy":"product_tag","embeddable":true,"href":"https:\/\/www.seaflowerstore.com\/de\/wp-json\/wp\/v2\/product_tag?post=85746"}],"curies":[{"name":"wp","href":"https:\/\/api.w.org\/{rel}","templated":true}]}}