{"id":85748,"date":"2021-07-22T14:07:15","date_gmt":"2021-07-22T10:11:02","guid":{"rendered":"https:\/\/www.seaflowerstore.com\/nl\/grotech-corafix-gel-20g\/"},"modified":"2024-03-19T15:45:18","modified_gmt":"2024-03-19T14:45:18","slug":"grotech-corafix-gel-20g","status":"publish","type":"product","link":"https:\/\/www.seaflowerstore.com\/de\/grotech-corafix-gel-20g\/","title":{"rendered":"Grotech CoraFix Gel &#8211; 20g"},"content":{"rendered":"<h2>Grotech CoraFix Gel &#8211; 20g<\/h2>\n<p>Grotech CoraFix Gel eignet sich hervorragend zum Fixieren von Steinkorallen, die eine Basalscheibe bilden, sowie f\u00fcr Leder- und Weichkorallen, die kein Substrat in Ihrer Aquariendekoration ben\u00f6tigen. Dieser Korallenkleber ist so konzipiert, dass er unter Wasser aush\u00e4rtet und schnell von Kalkrotalgen oder Korallengewebe bedeckt wird.<\/p>\n<p><strong>Bedienungsanleitung:<\/strong><\/p>\n<ul>\n<li>Befeuchten Sie die Korallenschicht an der Bruchstelle mit Kleber.<\/li>\n<li>Positionieren Sie die Koralle an der gew\u00fcnschten Stelle und dr\u00fccken Sie sie einige Sekunden lang fest an.<\/li>\n<\/ul>\n<p>Keine Sorge; Korallengewebe wird durch den Kontakt mit dem Kleber nicht besch\u00e4digt!<\/p>\n","protected":false},"excerpt":{"rendered":"<p>Grotech CoraFix Gel 20g for the fixing of hard corals<\/p>\n","protected":false},"featured_media":83622,"template":"","meta":[],"pwb-brand":[2135],"product_cat":[1405],"product_tag":[],"class_list":{"0":"post-85748","1":"product","2":"type-product","3":"status-publish","4":"has-post-thumbnail","6":"pwb-brand-grotech","7":"product_cat-korallenkleber-versiegelungsmittel","9":"first","10":"outofstock","11":"taxable","12":"shipping-taxable","13":"purchasable","14":"product-type-simple"},"acf":[],"brands":[{"id":2135,"name":"Grotech","slug":"grotech"}],"_links":{"self":[{"href":"https:\/\/www.seaflowerstore.com\/de\/wp-json\/wp\/v2\/product\/85748","targetHints":{"allow":["GET"]}}],"collection":[{"href":"https:\/\/www.seaflowerstore.com\/de\/wp-json\/wp\/v2\/product"}],"about":[{"href":"https:\/\/www.seaflowerstore.com\/de\/wp-json\/wp\/v2\/types\/product"}],"wp:featuredmedia":[{"embeddable":true,"href":"https:\/\/www.seaflowerstore.com\/de\/wp-json\/wp\/v2\/media\/83622"}],"wp:attachment":[{"href":"https:\/\/www.seaflowerstore.com\/de\/wp-json\/wp\/v2\/media?parent=85748"}],"wp:term":[{"taxonomy":"pwb-brand","embeddable":true,"href":"https:\/\/www.seaflowerstore.com\/de\/wp-json\/wp\/v2\/pwb-brand?post=85748"},{"taxonomy":"product_cat","embeddable":true,"href":"https:\/\/www.seaflowerstore.com\/de\/wp-json\/wp\/v2\/product_cat?post=85748"},{"taxonomy":"product_tag","embeddable":true,"href":"https:\/\/www.seaflowerstore.com\/de\/wp-json\/wp\/v2\/product_tag?post=85748"}],"curies":[{"name":"wp","href":"https:\/\/api.w.org\/{rel}","templated":true}]}}