{"id":85751,"date":"2021-07-21T19:04:00","date_gmt":"2021-07-21T17:04:00","guid":{"rendered":"https:\/\/www.seaflowerstore.com\/nl\/aqua-medic-kalkwasser-powder\/"},"modified":"2024-03-19T15:45:12","modified_gmt":"2024-03-19T14:45:12","slug":"aqua-medic-kalkwasser-powder","status":"publish","type":"product","link":"https:\/\/www.seaflowerstore.com\/de\/aqua-medic-kalkwasser-powder\/","title":{"rendered":"Aqua Medic Kalkwasser powder"},"content":{"rendered":"<h2>Aqua Medic REEF LIFE Kalkwasser powder 350 g\/1.000 ml can For enhanced calcium supply during water top up<\/h2>\n<p>Die Zugabe von Kalkwasser bringt mehrere Vorteile f\u00fcr das Wasser in Ihrem Riffaquarium. Es erh\u00f6ht den Kalziumspiegel, reduziert die Phosphatkonzentration durch Ausf\u00e4llung und erh\u00f6ht den pH-Wert. Dieser Prozess hilft, das Wachstum von Haaralgen zu verringern und f\u00f6rdert die Entwicklung von Kalkalgen.<\/p>\n<p><strong>Anwendung\/Dosierung<\/strong><\/p>\n<p>Bitte beachten Sie die Bedienungsanleitungen f\u00fcr Kalkwasserr\u00fchrer und -reaktoren. Wenn Sie es manuell hinzuf\u00fcgen, nehmen Sie einen L\u00f6ffel pro 5 Liter Leitungs- oder Osmosewasser und mischen Sie es gut. Lassen Sie die milchige L\u00f6sung eine Weile stehen und verwenden Sie nur die klare L\u00f6sung, indem Sie sie tropfenweise dem Wasser hinzuf\u00fcgen. Beachten Sie, dass der hohe pH-Wert von Kalkwasser den pH-Wert in Ihrem Aquarium erh\u00f6ht. Daher ist es wichtig, es langsam hinzuzuf\u00fcgen und eine \u00dcberdosierung zu vermeiden.<\/p>\n<p><strong>Zutaten<\/strong><\/p>\n<p>Calciumhydroxid (chemisches Element: Ca(OH2))<\/p>\n","protected":false},"excerpt":{"rendered":"<p>Aqua Medic REEF LIFE Kalkwasser powder for enhanced calcium supply during water top up<\/p>\n","protected":false},"featured_media":83611,"template":"","meta":[],"pwb-brand":[2149],"product_cat":[1421,1391,515,741],"product_tag":[],"class_list":{"0":"post-85751","1":"product","2":"type-product","3":"status-publish","4":"has-post-thumbnail","6":"pwb-brand-aqua-medic","7":"product_cat-aqua-medic-de","8":"product_cat-ergaenzungen","9":"product_cat-additives","10":"product_cat-brands","12":"first","13":"outofstock","14":"taxable","15":"shipping-taxable","16":"purchasable","17":"product-type-simple"},"acf":[],"brands":[{"id":2149,"name":"Aqua Medic","slug":"aqua-medic"}],"_links":{"self":[{"href":"https:\/\/www.seaflowerstore.com\/de\/wp-json\/wp\/v2\/product\/85751","targetHints":{"allow":["GET"]}}],"collection":[{"href":"https:\/\/www.seaflowerstore.com\/de\/wp-json\/wp\/v2\/product"}],"about":[{"href":"https:\/\/www.seaflowerstore.com\/de\/wp-json\/wp\/v2\/types\/product"}],"wp:featuredmedia":[{"embeddable":true,"href":"https:\/\/www.seaflowerstore.com\/de\/wp-json\/wp\/v2\/media\/83611"}],"wp:attachment":[{"href":"https:\/\/www.seaflowerstore.com\/de\/wp-json\/wp\/v2\/media?parent=85751"}],"wp:term":[{"taxonomy":"pwb-brand","embeddable":true,"href":"https:\/\/www.seaflowerstore.com\/de\/wp-json\/wp\/v2\/pwb-brand?post=85751"},{"taxonomy":"product_cat","embeddable":true,"href":"https:\/\/www.seaflowerstore.com\/de\/wp-json\/wp\/v2\/product_cat?post=85751"},{"taxonomy":"product_tag","embeddable":true,"href":"https:\/\/www.seaflowerstore.com\/de\/wp-json\/wp\/v2\/product_tag?post=85751"}],"curies":[{"name":"wp","href":"https:\/\/api.w.org\/{rel}","templated":true}]}}