{"id":85752,"date":"2021-07-21T16:19:55","date_gmt":"2021-07-21T14:19:55","guid":{"rendered":"https:\/\/www.seaflowerstore.com\/nl\/reef-life-system-coral-c-trace\/"},"modified":"2024-03-19T15:45:31","modified_gmt":"2024-03-19T14:45:31","slug":"reef-life-system-coral-c-trace","status":"publish","type":"product","link":"https:\/\/www.seaflowerstore.com\/de\/reef-life-system-coral-c-trace\/","title":{"rendered":"REEF LIFE System Coral C Trace"},"content":{"rendered":"<h2>REEF LIFE System Coral C Trace<\/h2>\n<p><strong>Aqua Medic REEF LIFE System Coral C Trace<\/strong> liefert wichtige Spurenelemente f\u00fcr Ihre Fische, Korallen und Wirbellosen. Dieses Produkt versorgt Ihr Meerwasseraquarium mit wichtigen Spurenelementen wie:<\/p>\n<ul>\n<li>Bor<\/li>\n<li>Chrom<\/li>\n<li>Kobalt<\/li>\n<li>Kupfer<\/li>\n<li>Fluorid<\/li>\n<li>Eisen<\/li>\n<li>Mangan<\/li>\n<li>Molybd\u00e4n<\/li>\n<li>Zink<\/li>\n<\/ul>\n<p><strong>REEF LIFE System Coral Trace<\/strong> enth\u00e4lt keine Chelatbildner und gew\u00e4hrleistet so einen unkomplizierten Ansatz zur Erhaltung der Gesundheit Ihres Aquariums.<\/p>\n<h3>Anwendung\/Dosierung<\/h3>\n<p>F\u00fcr optimale Ergebnisse w\u00f6chentlich 35 ml pro 100 Liter Aquarienwasser anwenden.<\/p>\n<p><strong>Inhaltsstoffe:<\/strong> Die Formel enth\u00e4lt Eisen, Kupfer, Mangan, Bors\u00e4ure, Nickel, Zink, Molybd\u00e4n, Vanadium, Kobalt, Chrom, Lithium und Rubidium (chemische Elemente: Fe, Cu, Mn, B, Ni, Zn, Mo, V, Co, Cr, Li, Rb).<\/p>\n","protected":false},"excerpt":{"rendered":"<p>Aqua Medic REEF LIFE System Coral C Trace Contains vital trace elements for fish, corals and invertebrates<\/p>\n","protected":false},"featured_media":83610,"template":"","meta":[],"pwb-brand":[2149],"product_cat":[1421,1391,515,741],"product_tag":[],"class_list":{"0":"post-85752","1":"product","2":"type-product","3":"status-publish","4":"has-post-thumbnail","6":"pwb-brand-aqua-medic","7":"product_cat-aqua-medic-de","8":"product_cat-ergaenzungen","9":"product_cat-additives","10":"product_cat-brands","11":"pa_content-100-ml","12":"pa_content-1000-ml","13":"pa_content-250-ml","14":"pa_content-5000-ml","15":"pa_inhoud-100-ml-de","16":"pa_inhoud-1000-ml-de","17":"pa_inhoud-250-ml-de","18":"pa_inhoud-5000-ml-de","20":"first","21":"instock","22":"taxable","23":"shipping-taxable","24":"purchasable","25":"product-type-variable"},"acf":[],"brands":[{"id":2149,"name":"Aqua Medic","slug":"aqua-medic"}],"_links":{"self":[{"href":"https:\/\/www.seaflowerstore.com\/de\/wp-json\/wp\/v2\/product\/85752","targetHints":{"allow":["GET"]}}],"collection":[{"href":"https:\/\/www.seaflowerstore.com\/de\/wp-json\/wp\/v2\/product"}],"about":[{"href":"https:\/\/www.seaflowerstore.com\/de\/wp-json\/wp\/v2\/types\/product"}],"wp:featuredmedia":[{"embeddable":true,"href":"https:\/\/www.seaflowerstore.com\/de\/wp-json\/wp\/v2\/media\/83610"}],"wp:attachment":[{"href":"https:\/\/www.seaflowerstore.com\/de\/wp-json\/wp\/v2\/media?parent=85752"}],"wp:term":[{"taxonomy":"pwb-brand","embeddable":true,"href":"https:\/\/www.seaflowerstore.com\/de\/wp-json\/wp\/v2\/pwb-brand?post=85752"},{"taxonomy":"product_cat","embeddable":true,"href":"https:\/\/www.seaflowerstore.com\/de\/wp-json\/wp\/v2\/product_cat?post=85752"},{"taxonomy":"product_tag","embeddable":true,"href":"https:\/\/www.seaflowerstore.com\/de\/wp-json\/wp\/v2\/product_tag?post=85752"}],"curies":[{"name":"wp","href":"https:\/\/api.w.org\/{rel}","templated":true}]}}