{"id":85761,"date":"2021-07-20T14:21:30","date_gmt":"2021-07-20T11:32:12","guid":{"rendered":"https:\/\/www.seaflowerstore.com\/nl\/hanna-hi98303-dist-3-ec-tester-0-2000-%c2%b5s-cm\/"},"modified":"2024-03-19T15:45:05","modified_gmt":"2024-03-19T14:45:05","slug":"hanna-hi98303-dist-3-ec-tester-0-2000-%c2%b5s-cm","status":"publish","type":"product","link":"https:\/\/www.seaflowerstore.com\/de\/hanna-hi98303-dist-3-ec-tester-0-2000-%c2%b5s-cm\/","title":{"rendered":"Hanna HI98303 Dist 3 EC Tester (0-2000 \u00b5S\/cm)"},"content":{"rendered":"<h2>Hanna HI98303 Dist 3 EC Tester (0-2000 \u00b5S\/cm)<\/h2>\n<p>Die DiST\u00ae-Tester sind eine beliebte Wahl zur \u00dcberwachung der Leitf\u00e4higkeit in verschiedenen Anwendungen wie Trinkwasser, Wasseraufbereitung, Umkehrosmose, K\u00fchlt\u00fcrmen, Abwassermanagement, Laboren, Landwirtschaft, Aquarien, Hydrokulturen und der Druckindustrie. Diese Tester sind mit einer amperometrischen Graphitelektrode ausgestattet, die die Wiederholbarkeit der Messungen verbessert, da sie im Laufe der Zeit nicht oxidiert. Die amperometrische Messung der Leitf\u00e4higkeit basiert auf dem Ohmschen Gesetz: I = V\/R, wobei R von der Entfernung und der Oberfl\u00e4che zwischen zwei Stiften beeinflusst wird. Durch Oxidation k\u00f6nnen sowohl die Entfernung als auch die Oberfl\u00e4che ver\u00e4ndert werden, was sich direkt auf die Messgenauigkeit auswirkt. Gl\u00fccklicherweise sorgen die nicht oxidierenden Graphitstifte in den DiST\u00ae-Testern f\u00fcr eine optimale Oberfl\u00e4che, um genaue und zuverl\u00e4ssige Ergebnisse zu erzielen.<\/p>\n<h3>Automatische Kalibrierung<\/h3>\n<p>Wenn Sie das Ger\u00e4t kalibrieren m\u00fcssen, tauchen Sie die Elektrodenspitze einfach in die Kalibrierungsl\u00f6sung und das Messger\u00e4t \u00fcbernimmt die Kalibrierung automatisch!<\/p>\n<h3>Freiliegender Temperatursensor<\/h3>\n<p>Diese Tester verf\u00fcgen au\u00dferdem \u00fcber freiliegende Temperatursensoren, die schnellere Reaktionszeiten bieten.<\/p>\n<h3>Wasserfest<\/h3>\n<p>Eine leicht abnehmbare Abdeckung bietet schnellen Zugriff auf das Batteriefach.<\/p>\n<ul>\n<li>Wasserfest<\/li>\n<li>Automatische Temperaturkompensation (ATC)<\/li>\n<li>Automatische Einpunktkalibrierung<\/li>\n<li>Messstabilit\u00e4tsanzeige<\/li>\n<li>Temperaturmessung F\u00e4higkeit<\/li>\n<\/ul>\n<h3>Spezifikationen<\/h3>\n<ul>\n<li>EC-Bereich: 0 bis 2000 S\/cm<\/li>\n<li>Aufl\u00f6sung: 1 S\/cm<\/li>\n<li>Genauigkeit: \u00b12 % Vollausschlag (bei 20 \u00b0C)<\/li>\n<li>\u00b0C-Bereich: 0,0 bis 50,0 \u00b0C<\/li>\n<li>Aufl\u00f6sung: 0,1 \u00b0C<\/li>\n<li>Genauigkeit: \u00b10,5 \u00b0C (bei 20 \u00b0C)<\/li>\n<li>Kalibrierung: Automatisch an 1 Punkt<\/li>\n<li>Temperaturkompensation: Automatisch, 0 bis 50 \u00b0C<\/li>\n<li>Batterietyp\/Lebensdauer: CR2032 3 V Li-Ionen\/ca. 250 Stunden Dauerbetrieb<\/li>\n<li>Umgebungsbedingungen: 0 bis 50 \u00b0C, RH max. 100 %<\/li>\n<li>Abmessungen: 160 x 40 x 17 mm<\/li>\n<li>Gewicht: 75 g<\/li>\n<li>HI98303 (DiST 3) wird mit einer CR2032-Batterie, vier Beuteln mit 1413 \u03bcS\/cm-Kalibrierungsl\u00f6sung, einer Aufbewahrungs-\/Schutzh\u00fclle, einer Bedienungsanleitung und einem Qualit\u00e4tszertifikat geliefert.<\/li>\n<\/ul>\n","protected":false},"excerpt":{"rendered":"<p>Hanna HI98303 Dist 3 conductivity (EC) up to 1999 \u00b5S\/cm tester<\/p>\n","protected":false},"featured_media":83601,"template":"","meta":[],"pwb-brand":[2229],"product_cat":[1400],"product_tag":[],"class_list":{"0":"post-85761","1":"product","2":"type-product","3":"status-publish","4":"has-post-thumbnail","6":"pwb-brand-hanna-instruments","7":"product_cat-tester","9":"first","10":"instock","11":"taxable","12":"shipping-taxable","13":"purchasable","14":"product-type-simple"},"acf":[],"brands":[{"id":2229,"name":"Hanna Instruments","slug":"hanna-instruments"}],"_links":{"self":[{"href":"https:\/\/www.seaflowerstore.com\/de\/wp-json\/wp\/v2\/product\/85761","targetHints":{"allow":["GET"]}}],"collection":[{"href":"https:\/\/www.seaflowerstore.com\/de\/wp-json\/wp\/v2\/product"}],"about":[{"href":"https:\/\/www.seaflowerstore.com\/de\/wp-json\/wp\/v2\/types\/product"}],"wp:featuredmedia":[{"embeddable":true,"href":"https:\/\/www.seaflowerstore.com\/de\/wp-json\/wp\/v2\/media\/83601"}],"wp:attachment":[{"href":"https:\/\/www.seaflowerstore.com\/de\/wp-json\/wp\/v2\/media?parent=85761"}],"wp:term":[{"taxonomy":"pwb-brand","embeddable":true,"href":"https:\/\/www.seaflowerstore.com\/de\/wp-json\/wp\/v2\/pwb-brand?post=85761"},{"taxonomy":"product_cat","embeddable":true,"href":"https:\/\/www.seaflowerstore.com\/de\/wp-json\/wp\/v2\/product_cat?post=85761"},{"taxonomy":"product_tag","embeddable":true,"href":"https:\/\/www.seaflowerstore.com\/de\/wp-json\/wp\/v2\/product_tag?post=85761"}],"curies":[{"name":"wp","href":"https:\/\/api.w.org\/{rel}","templated":true}]}}