{"id":85762,"date":"2021-07-20T13:40:22","date_gmt":"2021-07-20T11:40:22","guid":{"rendered":"https:\/\/www.seaflowerstore.com\/nl\/hanna-hi774-phosphate-ulr-checker\/"},"modified":"2026-04-23T14:55:35","modified_gmt":"2026-04-23T12:55:35","slug":"hanna-hi774-phosphate-ulr-checker","status":"publish","type":"product","link":"https:\/\/www.seaflowerstore.com\/de\/hanna-hi774-phosphate-ulr-checker\/","title":{"rendered":"Hanna HI774 Phosphate ULR checker"},"content":{"rendered":"<h2>Hanna HI774 Phosphate ULR checker for measuring PO4 in your marine aquarium<\/h2>\n<p>Orthophosphate kommen sowohl in nat\u00fcrlichem Wasser als auch in Abwasser vor. Sie werden dem Trinkwasser h\u00e4ufig als Korrosionshemmer zugesetzt. Die Analyse von Orthophosphaten durch kolorimetrische Bestimmung liefert schnelle Ergebnisse unter Verwendung einer standardm\u00e4\u00dfigen Analysetechnik. Der Hanna Checker\u00ae HC wurde als pr\u00e4zisere Alternative zu herk\u00f6mmlichen chemischen Testkits entwickelt und liefert schnelle und genaue Ergebnisse in nur vier einfachen Schritten.<\/p>\n<p>Diese Checker sind so konzipiert, dass sie bequem in Ihre Handfl\u00e4che oder Tasche passen, und das gro\u00dfe LCD-Display ist leicht abzulesen. Eine automatische Abschaltfunktion hilft, die Batterielebensdauer zu verl\u00e4ngern.<\/p>\n<ul>\n<li>Einfacher und genauer als chemische Testkits<\/li>\n<li>Praktisches Taschenformat<\/li>\n<li>Leicht lesbares Display<\/li>\n<li>Einfache Ein-Knopf-Bedienung<\/li>\n<li>Automatische Abschaltung<\/li>\n<li>Funktioniert mit einer einzigen AAA-Batterie<\/li>\n<\/ul>\n<h3>TIPPS F\u00dcR GENAUE MESSUNGEN<\/h3>\n<ul>\n<li>Stellen Sie sicher, dass die zu messende Probe frei von Schwebeteilchen oder Flecken ist.<\/li>\n<li>Die Au\u00dfenseite der K\u00fcvette muss sauber und trocken sein.<\/li>\n<li>Vermeiden Sie das Sch\u00fctteln der K\u00fcvette, da dadurch Luftblasen entstehen k\u00f6nnen, die zu ungenauen Messwerten f\u00fchren. Bewegen Sie die K\u00fcvette stattdessen vorsichtig kreisf\u00f6rmig oder klopfen Sie leicht darauf, um Luftblasen zu entfernen.<\/li>\n<li>Fahren Sie sofort nach Zugabe des Reagenzes mit dem Messvorgang fort.<\/li>\n<li>Verwenden Sie immer einen Timer, um jede Messung konsistent zu halten (beispielsweise k\u00f6nnen 1:50 einmal und 2:05 ein anderes Mal zu unterschiedlichen Ergebnissen f\u00fchren).<\/li>\n<li>Sp\u00fclen Sie die K\u00fcvette direkt nach Gebrauch aus, um die Ansammlung von Reagenzien (Farbstoffen) zu verhindern.<\/li>\n<li>Halten Sie das Innere der K\u00fcvette stets sauber.<\/li>\n<\/ul>\n<h3>Funktionen des Hanna HI774:<\/h3>\n<ul>\n<li>Salzwasseranwendung<\/li>\n<li>Bereich: 0,00 bis 0,90 ppm (ULR)<\/li>\n<li>Aufl\u00f6sung: 0,01 ppm<\/li>\n<li>Genauigkeit: \u00b10,02 ppm \u00b15 % des Messwerts (bei 25 \u00b0C) <strong>(Dies ist etwas ungenauer als der Phosphor-Checker Hanna HI736)<\/strong><\/li>\n<li>Lichtquelle: LED bei 525 nm<\/li>\n<li>Lichtdetektor: Silikon-Fotozelle<\/li>\n<li>Methode: Anpassung der Ascorbins\u00e4ure-Methode<\/li>\n<li>Betriebsbedingungen: 0 bis 50 \u00b0C, RH max. 95 %, nicht kondensierend<\/li>\n<li>Batterie: 1 x 1,5 V AAA (im Lieferumfang enthalten)<\/li>\n<li>Enth\u00e4lt 10 Reagenzienpakete f\u00fcr 10 Messungen<\/li>\n<li>Abmessungen: 86,0 x 61,0 x 37,5 mm<\/li>\n<\/ul>\n","protected":false},"excerpt":{"rendered":"<p>Hanna HI774 Phosphate ULR checker for measuring PO4 in your marine aquarium<\/p>\n","protected":false},"featured_media":83600,"template":"","meta":[],"pwb-brand":[2229],"product_cat":[1400,1533],"product_tag":[],"class_list":{"0":"post-85762","1":"product","2":"type-product","3":"status-publish","4":"has-post-thumbnail","6":"pwb-brand-hanna-instruments","7":"product_cat-tester","8":"product_cat-dsr-empfohlen","10":"first","11":"instock","12":"taxable","13":"shipping-taxable","14":"purchasable","15":"product-type-simple"},"acf":[],"brands":[{"id":2229,"name":"Hanna Instruments","slug":"hanna-instruments"}],"_links":{"self":[{"href":"https:\/\/www.seaflowerstore.com\/de\/wp-json\/wp\/v2\/product\/85762","targetHints":{"allow":["GET"]}}],"collection":[{"href":"https:\/\/www.seaflowerstore.com\/de\/wp-json\/wp\/v2\/product"}],"about":[{"href":"https:\/\/www.seaflowerstore.com\/de\/wp-json\/wp\/v2\/types\/product"}],"wp:featuredmedia":[{"embeddable":true,"href":"https:\/\/www.seaflowerstore.com\/de\/wp-json\/wp\/v2\/media\/83600"}],"wp:attachment":[{"href":"https:\/\/www.seaflowerstore.com\/de\/wp-json\/wp\/v2\/media?parent=85762"}],"wp:term":[{"taxonomy":"pwb-brand","embeddable":true,"href":"https:\/\/www.seaflowerstore.com\/de\/wp-json\/wp\/v2\/pwb-brand?post=85762"},{"taxonomy":"product_cat","embeddable":true,"href":"https:\/\/www.seaflowerstore.com\/de\/wp-json\/wp\/v2\/product_cat?post=85762"},{"taxonomy":"product_tag","embeddable":true,"href":"https:\/\/www.seaflowerstore.com\/de\/wp-json\/wp\/v2\/product_tag?post=85762"}],"curies":[{"name":"wp","href":"https:\/\/api.w.org\/{rel}","templated":true}]}}