{"id":85763,"date":"2021-07-18T19:19:35","date_gmt":"2021-07-18T17:19:35","guid":{"rendered":"https:\/\/www.seaflowerstore.com\/nl\/af-phyto-mix-250-ml\/"},"modified":"2024-03-19T15:45:03","modified_gmt":"2024-03-19T14:45:03","slug":"af-phyto-mix-250-ml","status":"publish","type":"product","link":"https:\/\/www.seaflowerstore.com\/de\/af-phyto-mix-250-ml\/","title":{"rendered":"AF Phyto Mix &#8211; 250 ml"},"content":{"rendered":"<h2>AF Phyto Mix &#8211; 250 ml<\/h2>\n<h2>Aquaforest AF Phyto Mix \u2013 250 ml, haupts\u00e4chlich f\u00fcr Weichkorallen, Gorgonien und nicht-photosynthetische Korallen<\/h2>\n<p>Aquaforest AF Phyto Mix ist ein speziell formuliertes Fl\u00fcssigfutter, das haupts\u00e4chlich f\u00fcr Weichkorallen, Gorgonien und nicht-photosynthetische Korallen entwickelt wurde. Diese einzigartige Formel stellt ein ideales Gleichgewicht zwischen Phytoplankton und Zooplankton her und versorgt Korallen mit wichtigen N\u00e4hrstoffen wie Proteinen, Fetten und Kohlenhydraten.<\/p>\n<p>Um den gesamten Ern\u00e4hrungsbedarf von Korallen zu decken, enth\u00e4lt AF Phyto Mix hochwertige Zusatzstoffe tierischen Ursprungs. Die Formel wird durch Schalentiere erg\u00e4nzt, die reich an leicht absorbierbarem Protein sind. Dank dieser hervorragenden N\u00e4hrstoffbalance wird AF Phyto Mix nicht nur von Korallen bevorzugt, sondern auch von kleinen Fischen wie Fahnenbarschen gerne verzehrt. Dar\u00fcber hinaus k\u00f6nnen LPS-Korallen es direkt aus dem Wasser aufnehmen.<\/p>\n<p>Die regelm\u00e4\u00dfige Verwendung von AF Phyto Mix sorgt daf\u00fcr, dass Korallen gesund und kr\u00e4ftig wachsen und eine leuchtende Farbe aufweisen.<\/p>\n<p><strong>Dosierung:<\/strong> Verwenden Sie bei einem durchschnittlichen Korallenbesatz jeden zweiten Tag 10 Tropfen pro 100 Liter (27 US-Gallonen) Wasser. Bitte verd\u00fcnnen oder mischen Sie es nicht mit anderen Produkten in einem einzigen Beh\u00e4lter. Bewahren Sie es nach dem \u00d6ffnen unbedingt im K\u00fchlschrank auf.<\/p>\n<p>Obwohl alle Korallenerg\u00e4nzungsmittel mit einer empfohlenen Dosierung geliefert werden, ist es wichtig zu beachten, dass jedes Aquarium einzigartig ist. Daher muss die Dosierung m\u00f6glicherweise basierend auf Ihrer spezifischen Korallengemeinschaft angepasst werden. Wir empfehlen, mit der H\u00e4lfte der empfohlenen Dosis (oder sogar \u00bc) zu beginnen und die Reaktionen der Korallen auf das bereitgestellte Futter genau zu beobachten. Wenn Sie keine Anzeichen einer \u00dcberdosierung feststellen, k\u00f6nnen Sie die Dosierung schrittweise auf das Zielniveau erh\u00f6hen.<\/p>\n<p>Um die Nahrungsaufnahme zu verbessern, f\u00fcttern Sie SPS- und LPS-Korallen am besten, nachdem die Lichter ausgeschaltet sind. Korallen wie Zoanthus, Ricordea und andere Pilzkorallen sollten hingegen tags\u00fcber gef\u00fcttert werden. F\u00fcr eine optimale N\u00e4hrstoffaufnahme geben Sie alle Erg\u00e4nzungs- und Futtermittel immer direkt in das Aquarium.<\/p>\n<p>W\u00e4hrend der F\u00fctterung empfehlen wir, den Absch\u00e4umer etwa eine Stunde lang auszuschalten. Bewahren Sie das Produkt nach dem \u00d6ffnen im K\u00fchlschrank auf und vermeiden Sie ein zu festes Anziehen des Schraubverschlusses, um eine Besch\u00e4digung des Deckels zu vermeiden.<\/p>\n","protected":false},"excerpt":{"rendered":"<p>Aquaforest AF Phyto Mix &#8211; 250 ml dedicated mainly for soft corals, gorgonias and non-phosynthetic corals<\/p>\n","protected":false},"featured_media":83599,"template":"","meta":[],"pwb-brand":[2199],"product_cat":[1402,1414],"product_tag":[],"class_list":{"0":"post-85763","1":"product","2":"type-product","3":"status-publish","4":"has-post-thumbnail","6":"pwb-brand-aquaforest","7":"product_cat-verschieden","8":"product_cat-aquaforest-de","10":"first","11":"instock","12":"sale","13":"taxable","14":"shipping-taxable","15":"purchasable","16":"product-type-simple"},"acf":[],"brands":[{"id":2199,"name":"Aquaforest","slug":"aquaforest"}],"_links":{"self":[{"href":"https:\/\/www.seaflowerstore.com\/de\/wp-json\/wp\/v2\/product\/85763","targetHints":{"allow":["GET"]}}],"collection":[{"href":"https:\/\/www.seaflowerstore.com\/de\/wp-json\/wp\/v2\/product"}],"about":[{"href":"https:\/\/www.seaflowerstore.com\/de\/wp-json\/wp\/v2\/types\/product"}],"wp:featuredmedia":[{"embeddable":true,"href":"https:\/\/www.seaflowerstore.com\/de\/wp-json\/wp\/v2\/media\/83599"}],"wp:attachment":[{"href":"https:\/\/www.seaflowerstore.com\/de\/wp-json\/wp\/v2\/media?parent=85763"}],"wp:term":[{"taxonomy":"pwb-brand","embeddable":true,"href":"https:\/\/www.seaflowerstore.com\/de\/wp-json\/wp\/v2\/pwb-brand?post=85763"},{"taxonomy":"product_cat","embeddable":true,"href":"https:\/\/www.seaflowerstore.com\/de\/wp-json\/wp\/v2\/product_cat?post=85763"},{"taxonomy":"product_tag","embeddable":true,"href":"https:\/\/www.seaflowerstore.com\/de\/wp-json\/wp\/v2\/product_tag?post=85763"}],"curies":[{"name":"wp","href":"https:\/\/api.w.org\/{rel}","templated":true}]}}