{"id":85764,"date":"2021-07-18T19:01:30","date_gmt":"2021-07-18T17:01:30","guid":{"rendered":"https:\/\/www.seaflowerstore.com\/nl\/af-marine-mix-s\/"},"modified":"2024-03-19T15:45:02","modified_gmt":"2024-03-19T14:45:02","slug":"af-marine-mix-s","status":"publish","type":"product","link":"https:\/\/www.seaflowerstore.com\/de\/af-marine-mix-s\/","title":{"rendered":"AF Marine Mix S"},"content":{"rendered":"<h2>Aquaforest AF Marine Mix S 120gr contains a high protein content to provide fish with proper growth and excellent condition<\/h2>\n<p>Aquaforest AF Marine Mix S ist eine fantastische Option f\u00fcr Ihre Fische, insbesondere wenn Sie fleischfressende Zierfische wie <em>Amphiprion<\/em> (allgemein bekannt als Clownfische oder Anemonenfische) pflegen. Dieses proteinreiche Granulatfutter wurde entwickelt, um das richtige Wachstum zu unterst\u00fctzen und sicherzustellen, dass Ihre Fische in hervorragender Verfassung bleiben.<\/p>\n<p>Wir empfehlen, Ihren Fischen mehrmals t\u00e4glich kleine Portionen zu geben, damit sie gesund und gl\u00fccklich bleiben. Dar\u00fcber hinaus eignet sich AF Marine Mix S auch gut zur F\u00fctterung Ihrer Korallen. Bitte beachten Sie, dass dieses Produkt nur f\u00fcr den Einsatz im Aquarium bestimmt und nicht f\u00fcr den menschlichen Verzehr geeignet ist. Au\u00dferhalb der Reichweite von Kindern aufbewahren.<\/p>\n<p><strong>Zutaten:<\/strong><\/p>\n<ul>\n<li>Fischmehl<\/li>\n<li>Weizenmehl<\/li>\n<li>Weizengluten<\/li>\n<li>Maisst\u00e4rke<\/li>\n<li>Fisch\u00f6l<\/li>\n<li>Lecithin<\/li>\n<li>Hefe<\/li>\n<li>Propylenglykol<\/li>\n<li>Ascorbins\u00e4ure (Vitamin-C-Quelle)<\/li>\n<li>Cholecalciferol<\/li>\n<li>Vitamin-A-Acetat (Vitamin-A-Quelle)<\/li>\n<li>Tocopherolacetat (Vitamin-E-Quelle)<\/li>\n<li>Eisensulfat-Monohydrat<\/li>\n<li>Zinkoxid<\/li>\n<li>Manganoxid<\/li>\n<li>Kaliumjodid<\/li>\n<li>Kupfersulfat Pentahydrat<\/li>\n<\/ul>\n<p><strong>Garantierte Analyse:<\/strong><\/p>\n<ul>\n<li>Rohprotein (min.): 42,1 %<\/li>\n<li>Rohfett (min.): 11,7 %<\/li>\n<li>Rohfaser (max.): 0,23 %<\/li>\n<li>Rohasche (max.): 7,9 %<\/li>\n<li>Feuchtigkeit (max.): 28,5 %<\/li>\n<li>Vitamin A (min.): 9360 IE\/kg<\/li>\n<li>Vitamin C (min.): 468 mg\/kg<\/li>\n<li>Vitamin E (min.): 187 mg\/kg<\/li>\n<li>Vitamin D3 (min.): 545 IE\/kg<\/li>\n<\/ul>\n","protected":false},"excerpt":{"rendered":"<p>Aquaforest AF Marine Mix S contains a high protein content to provide fish with proper growth and excellent condition<\/p>\n","protected":false},"featured_media":83597,"template":"","meta":[],"pwb-brand":[2199],"product_cat":[1438,1414],"product_tag":[],"class_list":{"0":"post-85764","1":"product","2":"type-product","3":"status-publish","4":"has-post-thumbnail","6":"pwb-brand-aquaforest","7":"product_cat-fischfutter","8":"product_cat-aquaforest-de","10":"first","11":"instock","12":"sale","13":"taxable","14":"shipping-taxable","15":"purchasable","16":"product-type-simple"},"acf":[],"brands":[{"id":2199,"name":"Aquaforest","slug":"aquaforest"}],"_links":{"self":[{"href":"https:\/\/www.seaflowerstore.com\/de\/wp-json\/wp\/v2\/product\/85764","targetHints":{"allow":["GET"]}}],"collection":[{"href":"https:\/\/www.seaflowerstore.com\/de\/wp-json\/wp\/v2\/product"}],"about":[{"href":"https:\/\/www.seaflowerstore.com\/de\/wp-json\/wp\/v2\/types\/product"}],"wp:featuredmedia":[{"embeddable":true,"href":"https:\/\/www.seaflowerstore.com\/de\/wp-json\/wp\/v2\/media\/83597"}],"wp:attachment":[{"href":"https:\/\/www.seaflowerstore.com\/de\/wp-json\/wp\/v2\/media?parent=85764"}],"wp:term":[{"taxonomy":"pwb-brand","embeddable":true,"href":"https:\/\/www.seaflowerstore.com\/de\/wp-json\/wp\/v2\/pwb-brand?post=85764"},{"taxonomy":"product_cat","embeddable":true,"href":"https:\/\/www.seaflowerstore.com\/de\/wp-json\/wp\/v2\/product_cat?post=85764"},{"taxonomy":"product_tag","embeddable":true,"href":"https:\/\/www.seaflowerstore.com\/de\/wp-json\/wp\/v2\/product_tag?post=85764"}],"curies":[{"name":"wp","href":"https:\/\/api.w.org\/{rel}","templated":true}]}}