{"id":85765,"date":"2023-12-03T14:04:11","date_gmt":"2023-12-03T13:04:11","guid":{"rendered":"https:\/\/www.seaflowerstore.com\/nl\/?post_type=product&#038;p=85765"},"modified":"2025-02-06T15:18:29","modified_gmt":"2025-02-06T14:18:29","slug":"ecotech-marine-versa-vxf-1-4-pack","status":"publish","type":"product","link":"https:\/\/www.seaflowerstore.com\/de\/ecotech-marine-versa-vxf-1-4-pack\/","title":{"rendered":"Ecotech Marine Versa VXF-1 4 pack"},"content":{"rendered":"<h2>Ecotech Marine Versa VXF-1 4 dosing pump set with base plate<\/h2>\n<p>Die Versa ist viel mehr als nur eine herk\u00f6mmliche \u201eDosierpumpe\u201c; sie ist hochpr\u00e4zise, \u200b\u200blanglebig und vielseitig. Diese Pumpe eignet sich hervorragend f\u00fcr verschiedene Pr\u00e4zisionsanwendungen im Aquarium, darunter:<\/p>\n<ul>\n<li>Dosierung<\/li>\n<li>Automatische Nachf\u00fcllung (ATO)<\/li>\n<li>Automatischer Wasserwechsel<\/li>\n<li>Reaktorversorgung<\/li>\n<\/ul>\n<p>Die Pumpe verf\u00fcgt \u00fcber einen Gleichstrom-Schrittmotor mit Planetengetriebe. Dank intelligenter Steuerung und BLE-Konnektivit\u00e4t sind Kalibrierung und Programmierung unglaublich unkompliziert und schnell. Erfahrene Hobbyisten werden schnell erkennen, warum die Versa eine erstklassige Wahl f\u00fcr Pr\u00e4zisionspumpen im Aquarium ist, w\u00e4hrend Neulinge die Mobius-Steuerung und die drahtlose Konnektivit\u00e4t mit Smart-Ger\u00e4ten benutzerfreundlich finden werden.<\/p>\n<p>Sie k\u00f6nnen die Versa als Einzelpumpe oder als Viererpack kaufen, das eine praktische Sammelschienen-Basisstation enth\u00e4lt. Wenn Sie einzelne Pumpen separat kaufen, k\u00f6nnen Sie diese sp\u00e4ter problemlos zu einer Basisstation hinzuf\u00fcgen.<\/p>\n<h3>Funktionen<\/h3>\n<ul>\n<li>Gro\u00dfer Dosierkapazit\u00e4tsbereich (0,5 \u00b5L-300 ml\/Minute)<\/li>\n<li>Robuste Konstruktion<\/li>\n<li>Zuverl\u00e4ssiger Schrittmotor mit Planetengetriebe<\/li>\n<li>Schutz vor \u00dcberdosierung und Benutzerfehlern<\/li>\n<li>Drahtlose Kommunikation<\/li>\n<li>Die Mobius-Programmierung erm\u00f6glicht: Kontinuierliche Abgabe \u00fcber einen bestimmten Zeitraum, Bis zu 30 diskrete Abgabepunkte, 3 Abgabemodi (automatisch, berechnet oder manuell), Dosierung als Teil von Szenen und Routinen, Integration mit anderen EcoTech-\/Mobius-Ger\u00e4ten (z. B. Eingabemodus)<\/li>\n<li>Kapazit\u00e4t von \u00fcber 200 Versa-Pumpen pro System<\/li>\n<li>Ger\u00e4uschloser Betrieb<\/li>\n<li>Modulares Design<\/li>\n<li>Einfache Wartung<\/li>\n<li>Anschluss mit Aufh\u00e4ngehaken im Lieferumfang enthalten; zwei optionale austauschbare Anschl\u00fcsse sind ebenfalls erh\u00e4ltlich<\/li>\n<\/ul>\n<p>Die Heavy Duty Versa ist f\u00fcr hohe Kapazit\u00e4t und gewerbliche Leistung ausgelegt und eignet sich daher f\u00fcr den Dauereinsatz. Die robusten Schl\u00e4uche sind leicht austauschbar und gew\u00e4hrleisten eine lange Lebensdauer bei minimalen Wartungskosten. Die Genauigkeit der N\u00e4hrstoffdosierung h\u00e4ngt von der Fl\u00fcssigkeitsviskosit\u00e4t und anderen Faktoren ab.<\/p>\n<p>Die Planetengetriebekonfiguration der Versa ist auf Pr\u00e4zision und Langlebigkeit optimiert \u2013 zwei entscheidende Eigenschaften f\u00fcr eine zuverl\u00e4ssige und f\u00fchrende Schlauchpumpe.<\/p>\n<p>Die Mobius-Programmierung ist vollgepackt mit Sicherheitsvorkehrungen, \u00dcberholvorg\u00e4ngen und zahlreichen Funktionen. Eine der herausragenden Eigenschaften der EcoTech-Ausr\u00fcstung ist die Vielseitigkeit und Kontrolle, die sie Aquarienliebhabern bietet. Mobius kombiniert all diese Funktionen auf intuitive, schnelle und benutzerfreundliche Weise.<\/p>\n<p>Die Versa eignet sich f\u00fcr eine Vielzahl von Aquarienanwendungen und erm\u00f6glicht die Feinsteuerung kleiner Dosiermengen f\u00fcr Zusatzstoffe oder fl\u00fcssige Salze sowie gro\u00dfer Mengen f\u00fcr automatische Nachf\u00fcllsysteme oder automatische Wasserwechsel.<\/p>\n<h3>Pumpenspezifikationen:<\/h3>\n<ul>\n<li>Mindestdosiervolumen: 0,5 \u00b5L\/min<\/li>\n<li>Maximales Dosiervolumen: 300 mL\/min<\/li>\n<li>Genauigkeit: +\/- 0,2 mL f\u00fcr < 1 mL, +\/- 2 % f\u00fcr 1-300 mL<\/li>\n<li>Abmessungen: 325 mm x 89 mm x 108 mm (L x B x H)<\/li>\n<li>Eingangsspannung: 100-240 V Wechselstrom, 50\/60 Hz<\/li>\n<li>Vertikaler Druck: 545 cm<\/li>\n<li>Schlauchanschl\u00fcsse: 1\/4&#8243; AD-Steckanschluss*<\/li>\n<li>Stromverbrauch: 60 W<\/li>\n<\/ul>\n<p>Der Versa ist mit 1\/4&#8243; RO-Schl\u00e4uchen kompatibel und f\u00fcr einen 1\/4&#8243; Schaft x Widerhakenadapter zum Anschluss an weiche Schl\u00e4uche geeignet.<\/p>\n<h3>Was ist in der Box?<\/h3>\n<ul>\n<li>4x Versa VX-1 Schlauchdosierpumpen<\/li>\n<li>Versa-Basisstation f\u00fcr 4 Pumpen<\/li>\n<li>Stromversorgung<\/li>\n<\/ul>\n","protected":false},"excerpt":{"rendered":"<p>Ecotech Marine Versa VXF-1 4 dosing pump set with base plate<\/p>\n","protected":false},"featured_media":83498,"template":"","meta":[],"pwb-brand":[2169],"product_cat":[1406],"product_tag":[],"class_list":{"0":"post-85765","1":"product","2":"type-product","3":"status-publish","4":"has-post-thumbnail","6":"pwb-brand-ecotech-marine","7":"product_cat-dosierpumpen","9":"first","10":"instock","11":"taxable","12":"shipping-taxable","13":"purchasable","14":"product-type-simple"},"acf":[],"brands":[{"id":2169,"name":"Ecotech Marine","slug":"ecotech-marine"}],"_links":{"self":[{"href":"https:\/\/www.seaflowerstore.com\/de\/wp-json\/wp\/v2\/product\/85765","targetHints":{"allow":["GET"]}}],"collection":[{"href":"https:\/\/www.seaflowerstore.com\/de\/wp-json\/wp\/v2\/product"}],"about":[{"href":"https:\/\/www.seaflowerstore.com\/de\/wp-json\/wp\/v2\/types\/product"}],"wp:featuredmedia":[{"embeddable":true,"href":"https:\/\/www.seaflowerstore.com\/de\/wp-json\/wp\/v2\/media\/83498"}],"wp:attachment":[{"href":"https:\/\/www.seaflowerstore.com\/de\/wp-json\/wp\/v2\/media?parent=85765"}],"wp:term":[{"taxonomy":"pwb-brand","embeddable":true,"href":"https:\/\/www.seaflowerstore.com\/de\/wp-json\/wp\/v2\/pwb-brand?post=85765"},{"taxonomy":"product_cat","embeddable":true,"href":"https:\/\/www.seaflowerstore.com\/de\/wp-json\/wp\/v2\/product_cat?post=85765"},{"taxonomy":"product_tag","embeddable":true,"href":"https:\/\/www.seaflowerstore.com\/de\/wp-json\/wp\/v2\/product_tag?post=85765"}],"curies":[{"name":"wp","href":"https:\/\/api.w.org\/{rel}","templated":true}]}}