{"id":85766,"date":"2021-07-18T17:06:36","date_gmt":"2021-07-18T15:06:36","guid":{"rendered":"https:\/\/www.seaflowerstore.com\/nl\/?post_type=product&#038;p=85766"},"modified":"2024-03-19T15:43:31","modified_gmt":"2024-03-19T14:43:31","slug":"ecotech-marine-versa-vx-1","status":"publish","type":"product","link":"https:\/\/www.seaflowerstore.com\/de\/ecotech-marine-versa-vx-1\/","title":{"rendered":"Ecotech Marine Versa VX-1"},"content":{"rendered":"<h2>Ecotech Marine Versa VX-1 dosing pump excels in many precision aquarium pump applications<\/h2>\n<p>Die Versa ist viel mehr als eine typische Dosierpumpe; sie ist au\u00dfergew\u00f6hnlich pr\u00e4zise, \u200b\u200brobust und vielseitig. Diese Pumpe zeichnet sich durch verschiedene Pr\u00e4zisionsanwendungen im Aquarium aus, darunter:<\/p>\n<ul>\n<li>Dosierung<\/li>\n<li>Automatische Nachf\u00fcllung (ATO)<\/li>\n<li>Automatischer Wasserwechsel<\/li>\n<li>Reaktorf\u00fctterung<\/li>\n<\/ul>\n<p>Der Pumpenantrieb verf\u00fcgt \u00fcber einen Gleichstrom-Schrittmotor mit Planetengetriebe. Dank intelligenter Steuerung und Bluetooth Low Energy (BLE)-Konnektivit\u00e4t bietet sie eine unkomplizierte und schnelle Kalibrierung und Programmierung. Erfahrene Hobbyisten werden schnell erkennen, warum die Versa die erste Wahl f\u00fcr pr\u00e4zise Aquarienpumpen ist. Neueinsteiger werden die Einfachheit der Mobius-Steuerung und die drahtlose Konnektivit\u00e4t mit Smart-Ger\u00e4ten zu sch\u00e4tzen wissen.<\/p>\n<p>Die Versa ist als Einzelpumpe oder in einem praktischen Viererpack erh\u00e4ltlich, das mit einer konsolidierten Power Rail-Basisstation geliefert wird. Wenn Sie sich f\u00fcr einzelne Pumpen entscheiden, k\u00f6nnen diese problemlos zu einer separat erworbenen Basisstation hinzugef\u00fcgt werden.<\/p>\n<h3>Funktionen<\/h3>\n<ul>\n<li><strong>Gro\u00dfe Dosierkapazit\u00e4t<\/strong> (0,5 \u00b5L-300 mL\/Minute)<\/li>\n<li>Robuste Konstruktion mit zuverl\u00e4ssigem Schrittmotor und Planetengetriebe<\/li>\n<li>Integrierte Schutzvorrichtungen gegen \u00dcberdosierung und Benutzerfehler mit drahtloser Kommunikation<\/li>\n<li>Die Mobius-Programmierung erm\u00f6glicht:<\/li>\n<ul>\n<li>Kontinuierliche Dosierung \u00fcber einen bestimmten Zeitraum<\/li>\n<li>Bis zu 30 diskrete Dosierpunkte<\/li>\n<li>Drei Dosiermodi: automatisch, berechnet oder manuell<\/li>\n<li>Dosierung als Teil von Szenen und Routinen<\/li>\n<li>Integration mit anderen EcoTech\/Mobius-Ger\u00e4ten (z. B. F\u00fctterungsmodus)<\/li>\n<li>F\u00e4higkeit von \u00fcber 200 Versa-Pumpen pro System<\/li>\n<\/ul>\n<li>Einj\u00e4hrige EcoTech-Garantie auf Teile und Arbeit<\/li>\n<li>Leiser Betrieb und modulares Design<\/li>\n<li>Einfache Wartung mit mitgeliefertem Widerhakenverbinder und zwei optionalen austauschbaren Verbindern (Steckverbindungsschaft und Steckverbindungsbuchse)<\/li>\n<\/ul>\n<p>Mit seiner robusten, handels\u00fcblichen Konstruktion ist die Versa f\u00fcr den Dauereinsatz konzipiert und eignet sich daher f\u00fcr anspruchsvolle Anwendungen. Die robusten, austauschbaren Schl\u00e4uche sorgen f\u00fcr eine beeindruckende Langlebigkeit bei minimalem Wartungsaufwand. Bedenken Sie, dass die Zufuhr von der Fl\u00fcssigkeitsviskosit\u00e4t und anderen Faktoren abh\u00e4ngen kann.<\/p>\n<p>Die Antriebskonfiguration der Versa ist auf Pr\u00e4zision und Haltbarkeit optimiert, zwei wesentliche Merkmale f\u00fcr eine f\u00fchrende Schlauchpumpe auf dem Markt. Die Mobius-Programmierung umfasst Schutzvorrichtungen, Aufholfunktionen und eine Vielzahl anderer Funktionen. EcoTech-Ger\u00e4te sind f\u00fcr ihre Vielseitigkeit und leistungsstarke Steuerung bekannt und Mobius stellt sicher, dass all diese Funktionen auf intuitive, schnelle und problemlose Weise verpackt werden.<\/p>\n<p>Der Versa kann f\u00fcr eine breite Palette von Aquarienanwendungen eingesetzt werden. Es erm\u00f6glicht eine Feinsteuerung f\u00fcr sehr kleine Dosiermengen von Zusatzstoffen oder fl\u00fcssigen Salzen sowie die Abgabe gro\u00dfer Mengen f\u00fcr automatische Nachf\u00fcllsysteme oder automatische Wasserwechsel.<\/p>\n<h3>Pumpenspezifikationen:<\/h3>\n<ul>\n<li>Mindestdosiervolumen: 0,5 \u00b5l\/min<\/li>\n<li>Maximales Dosiervolumen: 300 ml\/min<\/li>\n<li>Genauigkeit: +\/- 0,2 ml f\u00fcr < 1 ml, +\/- 2 % f\u00fcr 1-300 ml<\/li>\n<li>Abmessungen: 80 mm x 59,4 mm x 106,9 mm (L x B x H)<\/li>\n<li>Eingangsspannung: 100-240 V Wechselstrom, 50\/60 Hz<\/li>\n<li>Vertikaler Druck: 545 cm<\/li>\n<li>Schlauchverbindungen: 1\/4&#8243; Au\u00dfendurchmesser verbinden*<\/li>\n<li>Stromverbrauch: 12 W<\/li>\n<\/ul>\n<p>*Akzeptiert 1\/4&#8243; RO-Schl\u00e4uche und akzeptiert auch einen 1\/4&#8243; Schaft x Widerhakenadapter zum Anschluss an weiche Schl\u00e4uche.<\/p>\n<h3>Was ist im Lieferumfang enthalten?<\/h3>\n<ul>\n<li>1x Versa Peristaltik-Dosierpumpe<\/li>\n<li>Versa-Basisstation<\/li>\n<li>Stromversorgung<\/li>\n<\/ul>\n","protected":false},"excerpt":{"rendered":"<p>Ecotech Marine Versa VX-1 dosing pump excels in many precision aquarium pump applications<\/p>\n","protected":false},"featured_media":83496,"template":"","meta":[],"pwb-brand":[2169],"product_cat":[1406],"product_tag":[],"class_list":{"0":"post-85766","1":"product","2":"type-product","3":"status-publish","4":"has-post-thumbnail","6":"pwb-brand-ecotech-marine","7":"product_cat-dosierpumpen","9":"first","10":"instock","11":"taxable","12":"shipping-taxable","13":"purchasable","14":"product-type-simple"},"acf":[],"brands":[{"id":2169,"name":"Ecotech Marine","slug":"ecotech-marine"}],"_links":{"self":[{"href":"https:\/\/www.seaflowerstore.com\/de\/wp-json\/wp\/v2\/product\/85766","targetHints":{"allow":["GET"]}}],"collection":[{"href":"https:\/\/www.seaflowerstore.com\/de\/wp-json\/wp\/v2\/product"}],"about":[{"href":"https:\/\/www.seaflowerstore.com\/de\/wp-json\/wp\/v2\/types\/product"}],"wp:featuredmedia":[{"embeddable":true,"href":"https:\/\/www.seaflowerstore.com\/de\/wp-json\/wp\/v2\/media\/83496"}],"wp:attachment":[{"href":"https:\/\/www.seaflowerstore.com\/de\/wp-json\/wp\/v2\/media?parent=85766"}],"wp:term":[{"taxonomy":"pwb-brand","embeddable":true,"href":"https:\/\/www.seaflowerstore.com\/de\/wp-json\/wp\/v2\/pwb-brand?post=85766"},{"taxonomy":"product_cat","embeddable":true,"href":"https:\/\/www.seaflowerstore.com\/de\/wp-json\/wp\/v2\/product_cat?post=85766"},{"taxonomy":"product_tag","embeddable":true,"href":"https:\/\/www.seaflowerstore.com\/de\/wp-json\/wp\/v2\/product_tag?post=85766"}],"curies":[{"name":"wp","href":"https:\/\/api.w.org\/{rel}","templated":true}]}}