{"id":85767,"date":"2021-07-18T16:45:53","date_gmt":"2021-07-18T14:45:53","guid":{"rendered":"https:\/\/www.seaflowerstore.com\/nl\/af-zoa-food-30-g\/"},"modified":"2024-03-19T15:45:01","modified_gmt":"2024-03-19T14:45:01","slug":"af-zoa-food-30-g","status":"publish","type":"product","link":"https:\/\/www.seaflowerstore.com\/de\/af-zoa-food-30-g\/","title":{"rendered":"AF Zoa Food &#8211; 30 g"},"content":{"rendered":"<h2>Aquaforest AF Zoa Food Powdered food dedicated mostly for Zoanthus, Ricordea, Rhodactis and other mushroom corals<\/h2>\n<p>Willkommen in der Welt von Aquaforest AF Zoa Food! Dieses speziell hergestellte Pulverfutter ist haupts\u00e4chlich f\u00fcr Zoanthus, Ricordea, Rhodactis und andere Pilzkorallen konzipiert. Es enth\u00e4lt eine sorgf\u00e4ltig ausgew\u00e4hlte Mischung pflanzlicher Inhaltsstoffe, die den besonderen Bed\u00fcrfnissen dieser wundersch\u00f6nen Korallen gerecht wird.<\/p>\n<p>Das AF Zoa Food ist mit einer einzigartigen Kombination von Vitaminen angereichert, die perfekt auf die Anforderungen Ihrer Korallen abgestimmt sind. Durch die Einbeziehung dieser Vitaminmischung unterst\u00fctzt AF Zoa Food nicht nur ein kr\u00e4ftiges und kr\u00e4ftiges Wachstum, sondern verbessert auch die Farbgebung und beschleunigt die Entwicklung.<\/p>\n<p><strong>Dosierung:<\/strong> <\/p>\n<ul>\n<li>Verwenden Sie einen Messl\u00f6ffel pro 100 Liter (27 US-Gallonen) Wasser.<\/li>\n<li>W\u00e4hrend der F\u00fctterung empfehlen wir, den Absch\u00e4umer f\u00fcr etwa eine Stunde auszuschalten.<\/li>\n<\/ul>\n<p>Um das Futter zuzubereiten, f\u00fcllen Sie einen kleinen Beh\u00e4lter mit etwa 20 ml Aquarienwasser, geben Sie einen L\u00f6ffel AF Zoa Food hinzu und mischen Sie es eine Minute lang. Sie k\u00f6nnen die Suspension dann direkt in das Becken gie\u00dfen oder eine Pipette verwenden, um bestimmte Korallen zu f\u00fcttern. Es wird empfohlen, dieses Futter mindestens einmal pro Woche zu verwenden. In gut bepflanzten, reifen Aquarien k\u00f6nnen Sie es h\u00e4ufiger verwenden, sogar t\u00e4glich.<\/p>\n<p>Obwohl bei allen Pulverfuttern im Allgemeinen eine Dosierung von einem Messl\u00f6ffel pro 100 Liter Wasser eingehalten wird, sollten Sie bedenken, dass jedes Aquarium einzigartig ist und die Dosierung je nach Korallengemeinschaft variieren kann. Wir empfehlen, mit der H\u00e4lfte der Dosis (oder sogar einem Viertel) zu beginnen und die Reaktionen der Korallen auf das bereitgestellte Futter genau zu beobachten. Sobald Sie keine Anzeichen einer \u00dcberdosierung sehen, k\u00f6nnen Sie die Dosis gerne auf Ihr Zielniveau erh\u00f6hen.<\/p>\n<p>Korallen wie Zoanthus, Ricordea und andere Pilzkorallen sollten idealerweise tags\u00fcber gef\u00fcttert werden. Damit SPS- und LPS-Korallen das Futter besser aufnehmen k\u00f6nnen, f\u00fcttern Sie sie am besten, nachdem die Lichter ausgehen. F\u00fcr eine optimale N\u00e4hrstoffaufnahme sollten Sie alle Nahrungserg\u00e4nzungsmittel und Korallenfutter direkt in das Aquarium geben.<\/p>\n","protected":false},"excerpt":{"rendered":"<p>Aquaforest AF Zoa Food Powdered food dedicated mostly for Zoanthus, Ricordea, Rhodactis and other mushroom corals<\/p>\n","protected":false},"featured_media":83594,"template":"","meta":[],"pwb-brand":[2199],"product_cat":[1436,1414],"product_tag":[],"class_list":{"0":"post-85767","1":"product","2":"type-product","3":"status-publish","4":"has-post-thumbnail","6":"pwb-brand-aquaforest","7":"product_cat-korallenfutter","8":"product_cat-aquaforest-de","10":"first","11":"instock","12":"sale","13":"taxable","14":"shipping-taxable","15":"purchasable","16":"product-type-simple"},"acf":[],"brands":[{"id":2199,"name":"Aquaforest","slug":"aquaforest"}],"_links":{"self":[{"href":"https:\/\/www.seaflowerstore.com\/de\/wp-json\/wp\/v2\/product\/85767","targetHints":{"allow":["GET"]}}],"collection":[{"href":"https:\/\/www.seaflowerstore.com\/de\/wp-json\/wp\/v2\/product"}],"about":[{"href":"https:\/\/www.seaflowerstore.com\/de\/wp-json\/wp\/v2\/types\/product"}],"wp:featuredmedia":[{"embeddable":true,"href":"https:\/\/www.seaflowerstore.com\/de\/wp-json\/wp\/v2\/media\/83594"}],"wp:attachment":[{"href":"https:\/\/www.seaflowerstore.com\/de\/wp-json\/wp\/v2\/media?parent=85767"}],"wp:term":[{"taxonomy":"pwb-brand","embeddable":true,"href":"https:\/\/www.seaflowerstore.com\/de\/wp-json\/wp\/v2\/pwb-brand?post=85767"},{"taxonomy":"product_cat","embeddable":true,"href":"https:\/\/www.seaflowerstore.com\/de\/wp-json\/wp\/v2\/product_cat?post=85767"},{"taxonomy":"product_tag","embeddable":true,"href":"https:\/\/www.seaflowerstore.com\/de\/wp-json\/wp\/v2\/product_tag?post=85767"}],"curies":[{"name":"wp","href":"https:\/\/api.w.org\/{rel}","templated":true}]}}