{"id":85768,"date":"2021-07-18T15:32:35","date_gmt":"2021-07-18T11:51:28","guid":{"rendered":"https:\/\/www.seaflowerstore.com\/nl\/aquaforest-af-liquid-vege-250ml\/"},"modified":"2024-03-19T15:45:00","modified_gmt":"2024-03-19T14:45:00","slug":"aquaforest-af-liquid-vege-250ml","status":"publish","type":"product","link":"https:\/\/www.seaflowerstore.com\/de\/aquaforest-af-liquid-vege-250ml\/","title":{"rendered":"Aquaforest AF Liquid Vege 250ml"},"content":{"rendered":"<h2>Aquaforest AF Liquid Vege 250ml is a perfect alternative for frozen foods<\/h2>\n<p>Aquaforest AF Liquid Vege 250 ml ist eine fantastische Wahl f\u00fcr alle, die nach einem pflanzlichen Futter aus den besten nat\u00fcrlichen Zutaten suchen. Diese reichhaltige Formel, angereichert mit Nori-Algen, wurde entwickelt, um Ihrer Aquariennahrung wichtige Mineralien hinzuzuf\u00fcgen, darunter <strong>Kalzium<\/strong>, <strong>Magnesium<\/strong>, <strong>Phosphor<\/strong>, <strong>Eisen<\/strong>, <strong>Kalium<\/strong> und <strong>Jod<\/strong>.<\/p>\n<p>Aquaforest Fl\u00fcssigfutter ist ein ausgezeichneter Ersatz f\u00fcr Tiefk\u00fchlkost und sollte \u00e4hnlich dosiert werden. Entscheidend ist, die Dosierung auf Basis der spezifischen Bed\u00fcrfnisse Ihrer Aquarienbewohner zu bestimmen.<\/p>\n<p><strong>Dosierung:<\/strong><\/p>\n<ul>\n<li>Einmal t\u00e4glich in kleinen Portionen verf\u00fcttern.<\/li>\n<li>Vor Gebrauch gut sch\u00fctteln.<\/li>\n<li>Nach dem \u00d6ffnen im K\u00fchlschrank aufbewahren.<\/li>\n<\/ul>\n<p><strong>Zusammensetzung:<\/strong> Spinat, Meeresalgen, Wasser, Salz, Antioxidationsmittel.<\/p>\n","protected":false},"excerpt":{"rendered":"<p>Aquaforest AF Liquid Vege 250ml is a perfect alternative for frozen foods<\/p>\n","protected":false},"featured_media":83643,"template":"","meta":[],"pwb-brand":[2199],"product_cat":[1414,1402],"product_tag":[],"class_list":{"0":"post-85768","1":"product","2":"type-product","3":"status-publish","4":"has-post-thumbnail","6":"pwb-brand-aquaforest","7":"product_cat-aquaforest-de","8":"product_cat-verschieden","10":"first","11":"instock","12":"sale","13":"taxable","14":"shipping-taxable","15":"purchasable","16":"product-type-simple"},"acf":[],"brands":[{"id":2199,"name":"Aquaforest","slug":"aquaforest"}],"_links":{"self":[{"href":"https:\/\/www.seaflowerstore.com\/de\/wp-json\/wp\/v2\/product\/85768","targetHints":{"allow":["GET"]}}],"collection":[{"href":"https:\/\/www.seaflowerstore.com\/de\/wp-json\/wp\/v2\/product"}],"about":[{"href":"https:\/\/www.seaflowerstore.com\/de\/wp-json\/wp\/v2\/types\/product"}],"wp:featuredmedia":[{"embeddable":true,"href":"https:\/\/www.seaflowerstore.com\/de\/wp-json\/wp\/v2\/media\/83643"}],"wp:attachment":[{"href":"https:\/\/www.seaflowerstore.com\/de\/wp-json\/wp\/v2\/media?parent=85768"}],"wp:term":[{"taxonomy":"pwb-brand","embeddable":true,"href":"https:\/\/www.seaflowerstore.com\/de\/wp-json\/wp\/v2\/pwb-brand?post=85768"},{"taxonomy":"product_cat","embeddable":true,"href":"https:\/\/www.seaflowerstore.com\/de\/wp-json\/wp\/v2\/product_cat?post=85768"},{"taxonomy":"product_tag","embeddable":true,"href":"https:\/\/www.seaflowerstore.com\/de\/wp-json\/wp\/v2\/product_tag?post=85768"}],"curies":[{"name":"wp","href":"https:\/\/api.w.org\/{rel}","templated":true}]}}