{"id":85769,"date":"2021-07-15T14:31:12","date_gmt":"2021-07-15T11:00:19","guid":{"rendered":"https:\/\/www.seaflowerstore.com\/nl\/kamoer-ato-one-2-se\/"},"modified":"2024-03-19T15:44:53","modified_gmt":"2024-03-19T14:44:53","slug":"kamoer-ato-one-2-se","status":"publish","type":"product","link":"https:\/\/www.seaflowerstore.com\/de\/kamoer-ato-one-2-se\/","title":{"rendered":"Kamoer ATO ONE 2 SE"},"content":{"rendered":"<h2>Kamoer ATO ONE 2 SE is a smart water replenishing device<\/h2>\n<p>Der ATO One 2 ist ein fortschrittliches Wassernachf\u00fcllger\u00e4t und stellt eine Weiterentwicklung des urspr\u00fcnglichen ATO One dar. Der ATO One 2 SE ist die Standardversion, die mit einer Tauchpumpe geliefert wird. Er ist unglaublich benutzerfreundlich; installieren Sie einfach den Sensor und die Tauchpumpe und schon sind Sie nach dem Einschalten einsatzbereit \u2013 keine komplizierten Einstellungen erforderlich.<\/p>\n<p>Der Sensor wird bequem mit einem Magneten befestigt, was die Installation und Anpassungen zu einem Kinderspiel macht. Er verf\u00fcgt \u00fcber einen optischen F\u00fcllstandssensor: Der blaue optische F\u00fcllstandssensor \u00fcberwacht den Wasserstand und bestimmt, wann nachgef\u00fcllt werden muss, w\u00e4hrend der rote optische F\u00fcllstandssensor ein \u00dcberlaufen verhindert.<\/p>\n<p>Der ATO One 2 SE verf\u00fcgt au\u00dferdem \u00fcber umfassende Statusanzeigen. Bei einem \u00dcberlauf, wenn das Nachf\u00fcllen von Wasser zu lange dauert oder wenn der Nachf\u00fcllbeh\u00e4lter fast leer ist, aktiviert der ATO One 2 SE eine Kontrollleuchte und einen Summeralarm, um Sie zu warnen.<\/p>\n<p>F\u00fcr alle, die an einer anderen Option interessiert sind: Der ATO One 2 RO ist mit einem Magnetventil ausgestattet. \u00c4hnlich wie bei der SE-Version m\u00fcssen nur Sensor und Magnetventil installiert werden und nach dem Einschalten ist es ohne komplizierte Einrichtung einsatzbereit.<\/p>\n<p>Wie das SE-Modell ist der ATO One 2 RO mit einem optischen F\u00fcllstandssensor ausgestattet: Der blaue Sensor \u00fcberwacht den Wasserstand und der rote Sensor verhindert ein \u00dcberlaufen. Diese Version verf\u00fcgt au\u00dferdem \u00fcber umfangreiche Statusanzeigen mit Warnungen bei \u00dcberlaufen, Verz\u00f6gerungen und niedrigem Wasserstand im Nachf\u00fcllbeh\u00e4lter, sodass Sie immer informiert sind.<\/p>\n<p><strong>Siehe Bilder, was mit dieser neuen Version geliefert wird<\/strong><\/p>\n","protected":false},"excerpt":{"rendered":"<p>Kamoer ATO ONE 2 SE is a smart water replenishing device<\/p>\n","protected":false},"featured_media":84309,"template":"","meta":[],"pwb-brand":[2275],"product_cat":[1433],"product_tag":[],"class_list":{"0":"post-85769","1":"product","2":"type-product","3":"status-publish","4":"has-post-thumbnail","6":"pwb-brand-kamoer","7":"product_cat-nachfuellsysteme","9":"first","10":"instock","11":"taxable","12":"shipping-taxable","13":"purchasable","14":"product-type-simple"},"acf":[],"brands":[{"id":2275,"name":"Kamoer","slug":"kamoer"}],"_links":{"self":[{"href":"https:\/\/www.seaflowerstore.com\/de\/wp-json\/wp\/v2\/product\/85769","targetHints":{"allow":["GET"]}}],"collection":[{"href":"https:\/\/www.seaflowerstore.com\/de\/wp-json\/wp\/v2\/product"}],"about":[{"href":"https:\/\/www.seaflowerstore.com\/de\/wp-json\/wp\/v2\/types\/product"}],"wp:featuredmedia":[{"embeddable":true,"href":"https:\/\/www.seaflowerstore.com\/de\/wp-json\/wp\/v2\/media\/84309"}],"wp:attachment":[{"href":"https:\/\/www.seaflowerstore.com\/de\/wp-json\/wp\/v2\/media?parent=85769"}],"wp:term":[{"taxonomy":"pwb-brand","embeddable":true,"href":"https:\/\/www.seaflowerstore.com\/de\/wp-json\/wp\/v2\/pwb-brand?post=85769"},{"taxonomy":"product_cat","embeddable":true,"href":"https:\/\/www.seaflowerstore.com\/de\/wp-json\/wp\/v2\/product_cat?post=85769"},{"taxonomy":"product_tag","embeddable":true,"href":"https:\/\/www.seaflowerstore.com\/de\/wp-json\/wp\/v2\/product_tag?post=85769"}],"curies":[{"name":"wp","href":"https:\/\/api.w.org\/{rel}","templated":true}]}}