{"id":85770,"date":"2021-07-15T13:32:16","date_gmt":"2021-07-15T11:32:16","guid":{"rendered":"https:\/\/www.seaflowerstore.com\/nl\/kamoer-ato-one-ro\/"},"modified":"2024-03-19T15:44:50","modified_gmt":"2024-03-19T14:44:50","slug":"kamoer-ato-one-ro","status":"publish","type":"product","link":"https:\/\/www.seaflowerstore.com\/de\/kamoer-ato-one-ro\/","title":{"rendered":"Kamoer ATO ONE RO"},"content":{"rendered":"<h2>Kamoer ATO ONE RO is a smart RO-water replenishing device<\/h2>\n<p>Der ATO One ist ein innovatives Wassernachf\u00fcllger\u00e4t, f\u00fcr dessen Installation nur der Sensor und die Nachf\u00fcllpumpe erforderlich sind. Sobald Sie es einschalten, ist es ohne komplizierte Einstellungen einsatzbereit. Solange die Sensoren und Schl\u00e4uche richtig installiert sind, funktioniert es sofort nach dem Einschalten.<\/p>\n<p>Der Sensor verf\u00fcgt \u00fcber einen magnetischen St\u00e4nder, der die Installation und Einstellung erleichtert. Er verwendet einen standardm\u00e4\u00dfigen optischen Einkanal-F\u00fcllstandssensor zur \u00dcberwachung des Wasserstands, sodass Sie immer wissen, wann er nachgef\u00fcllt werden muss. Zus\u00e4tzlich ist ein Einweg-Schwimmersensor enthalten, um ein \u00dcberlaufen zu verhindern. Der ATO One f\u00fcr RO ist au\u00dferdem mit verschiedenen Statusanzeigen sowie akustischen und visuellen Alarmen ausgestattet, um Sie auf dem Laufenden zu halten.<\/p>\n<p><strong><u>Was ist in der Box?<\/u><\/strong><\/p>\n<ul>\n<li>1x ATO One-Controller<\/li>\n<li>1x S1 Schwimmersensor<\/li>\n<li>1x S2 optischer Sensor<\/li>\n<li>1x Halterung f\u00fcr optischen Sensor<\/li>\n<li>1x Halterung f\u00fcr Schwimmersensor<\/li>\n<li>4x magnetische Kunststoffaufkleber<\/li>\n<li>1x DC 12V-Netzteil<\/li>\n<li>1x Magnetventil<\/li>\n<li>1x Schlauchhalter<\/li>\n<li>1x Siphonbrecher<\/li>\n<li>2x PVC-Schl\u00e4uche<\/li>\n<\/ul>\n","protected":false},"excerpt":{"rendered":"<p>Kamoer ATO ONE RO is a smart RO water replenishing device<\/p>\n","protected":false},"featured_media":83584,"template":"","meta":[],"pwb-brand":[2275],"product_cat":[1433],"product_tag":[],"class_list":{"0":"post-85770","1":"product","2":"type-product","3":"status-publish","4":"has-post-thumbnail","6":"pwb-brand-kamoer","7":"product_cat-nachfuellsysteme","9":"first","10":"instock","11":"taxable","12":"shipping-taxable","13":"purchasable","14":"product-type-simple"},"acf":[],"brands":[{"id":2275,"name":"Kamoer","slug":"kamoer"}],"_links":{"self":[{"href":"https:\/\/www.seaflowerstore.com\/de\/wp-json\/wp\/v2\/product\/85770","targetHints":{"allow":["GET"]}}],"collection":[{"href":"https:\/\/www.seaflowerstore.com\/de\/wp-json\/wp\/v2\/product"}],"about":[{"href":"https:\/\/www.seaflowerstore.com\/de\/wp-json\/wp\/v2\/types\/product"}],"wp:featuredmedia":[{"embeddable":true,"href":"https:\/\/www.seaflowerstore.com\/de\/wp-json\/wp\/v2\/media\/83584"}],"wp:attachment":[{"href":"https:\/\/www.seaflowerstore.com\/de\/wp-json\/wp\/v2\/media?parent=85770"}],"wp:term":[{"taxonomy":"pwb-brand","embeddable":true,"href":"https:\/\/www.seaflowerstore.com\/de\/wp-json\/wp\/v2\/pwb-brand?post=85770"},{"taxonomy":"product_cat","embeddable":true,"href":"https:\/\/www.seaflowerstore.com\/de\/wp-json\/wp\/v2\/product_cat?post=85770"},{"taxonomy":"product_tag","embeddable":true,"href":"https:\/\/www.seaflowerstore.com\/de\/wp-json\/wp\/v2\/product_tag?post=85770"}],"curies":[{"name":"wp","href":"https:\/\/api.w.org\/{rel}","templated":true}]}}