{"id":85773,"date":"2021-07-13T20:44:12","date_gmt":"2021-07-13T18:44:12","guid":{"rendered":"https:\/\/www.seaflowerstore.com\/nl\/aquaforest-af-liquid-rotifers-250ml\/"},"modified":"2024-03-19T15:44:45","modified_gmt":"2024-03-19T14:44:45","slug":"aquaforest-af-liquid-rotifers-250ml","status":"publish","type":"product","link":"https:\/\/www.seaflowerstore.com\/de\/aquaforest-af-liquid-rotifers-250ml\/","title":{"rendered":"Aquaforest AF Liquid Rotifers 250ml"},"content":{"rendered":"<h2>Aquaforest AF Liquid Rotifers 250ml<\/h2>\n<p>Aquaforest Liquid Rotifers enth\u00e4lt die wesentlichen Bestandteile des marinen Zooplanktons und ist damit eine ausgezeichnete und nat\u00fcrliche Nahrungsquelle f\u00fcr Korallen, insbesondere SPS. Diese reichhaltige Formel liefert alle lebenswichtigen N\u00e4hrstoffe, einschlie\u00dflich Omega-3 und andere unges\u00e4ttigte Fetts\u00e4uren. Dar\u00fcber hinaus ist diese \u00e4u\u00dferst n\u00fctzliche Mischung mit Meeresrogen angereichert, der Proteine \u200b\u200bund wertvolle Vitamine liefert.<\/p>\n<h3>Dosierung:<\/h3>\n<ul>\n<li>Mindestens einmal pro Woche verwenden.<\/li>\n<li>In gut bepflanzten, reifen Aquarien kann das Produkt h\u00e4ufiger, sogar t\u00e4glich, verwendet werden.<\/li>\n<\/ul>\n<p>Vor Gebrauch gut sch\u00fctteln und nach dem \u00d6ffnen im K\u00fchlschrank aufbewahren.<\/p>\n<p><strong>Zutaten:<\/strong><\/p>\n<p>R\u00e4dertierchen, Meeresrogen, rotes Plankton, Wasser, Salz, Antioxidationsmittel.<\/p>\n","protected":false},"excerpt":{"rendered":"<p>Aquaforest AF Liquid Rotifers 250ml contains the main components of marine zooplankton<\/p>\n","protected":false},"featured_media":84054,"template":"","meta":[],"pwb-brand":[2199],"product_cat":[1402,1414],"product_tag":[],"class_list":{"0":"post-85773","1":"product","2":"type-product","3":"status-publish","4":"has-post-thumbnail","6":"pwb-brand-aquaforest","7":"product_cat-verschieden","8":"product_cat-aquaforest-de","10":"first","11":"instock","12":"sale","13":"taxable","14":"shipping-taxable","15":"purchasable","16":"product-type-simple"},"acf":[],"brands":[{"id":2199,"name":"Aquaforest","slug":"aquaforest"}],"_links":{"self":[{"href":"https:\/\/www.seaflowerstore.com\/de\/wp-json\/wp\/v2\/product\/85773","targetHints":{"allow":["GET"]}}],"collection":[{"href":"https:\/\/www.seaflowerstore.com\/de\/wp-json\/wp\/v2\/product"}],"about":[{"href":"https:\/\/www.seaflowerstore.com\/de\/wp-json\/wp\/v2\/types\/product"}],"wp:featuredmedia":[{"embeddable":true,"href":"https:\/\/www.seaflowerstore.com\/de\/wp-json\/wp\/v2\/media\/84054"}],"wp:attachment":[{"href":"https:\/\/www.seaflowerstore.com\/de\/wp-json\/wp\/v2\/media?parent=85773"}],"wp:term":[{"taxonomy":"pwb-brand","embeddable":true,"href":"https:\/\/www.seaflowerstore.com\/de\/wp-json\/wp\/v2\/pwb-brand?post=85773"},{"taxonomy":"product_cat","embeddable":true,"href":"https:\/\/www.seaflowerstore.com\/de\/wp-json\/wp\/v2\/product_cat?post=85773"},{"taxonomy":"product_tag","embeddable":true,"href":"https:\/\/www.seaflowerstore.com\/de\/wp-json\/wp\/v2\/product_tag?post=85773"}],"curies":[{"name":"wp","href":"https:\/\/api.w.org\/{rel}","templated":true}]}}