{"id":85776,"date":"2021-07-08T18:01:26","date_gmt":"2021-07-08T16:01:26","guid":{"rendered":"https:\/\/www.seaflowerstore.com\/nl\/colombo-magnesium-test-marine\/"},"modified":"2025-10-14T13:02:19","modified_gmt":"2025-10-14T11:02:19","slug":"colombo-magnesium-test-marine","status":"publish","type":"product","link":"https:\/\/www.seaflowerstore.com\/de\/colombo-magnesium-test-marine\/","title":{"rendered":"Colombo Magnesium Test (marine)"},"content":{"rendered":"<h2>Colombo Magnesium Test (marine)<\/h2>\n<p>Der Colombo Magnesium Test ist auch f\u00fcr den Mastertronic geeignet, daher sollten Sie den Giesemann Test w\u00e4hlen, da der Colombo dem Giesemann Test entspricht. Sie ben\u00f6tigen zwei Testsets, um die Mastertronic Reagenzflaschen auf bis zu 20ml zu f\u00fcllen.<\/p>\n<p>Der Colombo Marine Magnesium Test misst den Magnesiumgehalt im Meerwasser pr\u00e4zise. Er ist benutzerfreundlich und liefert zuverl\u00e4ssige Ergebnisse.<\/p>\n<p>Magnesium spielt eine entscheidende Rolle bei der Aufrechterhaltung einer ausreichend hohen Calciumkonzentration (Ca) und H\u00e4rte (kH) im Wasser. Ist die Magnesiumkonzentration zu niedrig, kann sich dies negativ auf die Calciumkonzentration und H\u00e4rte in Ihrem Aquarium auswirken.<\/p>\n<p>Der ideale Magnesiumgehalt liegt zwischen 1300 und 1400, kann jedoch je nach Calcium- und KH-Wert variieren.<\/p>\n","protected":false},"excerpt":{"rendered":"<p>Colombo Magnesium Test (marine) for measuring the magnesium level in your seawater aquarium, but is also suitable for the Mastertronic<\/p>\n","protected":false},"featured_media":83570,"template":"","meta":[],"pwb-brand":[2249],"product_cat":[1400],"product_tag":[],"class_list":{"0":"post-85776","1":"product","2":"type-product","3":"status-publish","4":"has-post-thumbnail","6":"pwb-brand-colombo","7":"product_cat-tester","9":"first","10":"instock","11":"taxable","12":"shipping-taxable","13":"purchasable","14":"product-type-simple"},"acf":[],"brands":[{"id":2249,"name":"Colombo","slug":"colombo"}],"_links":{"self":[{"href":"https:\/\/www.seaflowerstore.com\/de\/wp-json\/wp\/v2\/product\/85776","targetHints":{"allow":["GET"]}}],"collection":[{"href":"https:\/\/www.seaflowerstore.com\/de\/wp-json\/wp\/v2\/product"}],"about":[{"href":"https:\/\/www.seaflowerstore.com\/de\/wp-json\/wp\/v2\/types\/product"}],"wp:featuredmedia":[{"embeddable":true,"href":"https:\/\/www.seaflowerstore.com\/de\/wp-json\/wp\/v2\/media\/83570"}],"wp:attachment":[{"href":"https:\/\/www.seaflowerstore.com\/de\/wp-json\/wp\/v2\/media?parent=85776"}],"wp:term":[{"taxonomy":"pwb-brand","embeddable":true,"href":"https:\/\/www.seaflowerstore.com\/de\/wp-json\/wp\/v2\/pwb-brand?post=85776"},{"taxonomy":"product_cat","embeddable":true,"href":"https:\/\/www.seaflowerstore.com\/de\/wp-json\/wp\/v2\/product_cat?post=85776"},{"taxonomy":"product_tag","embeddable":true,"href":"https:\/\/www.seaflowerstore.com\/de\/wp-json\/wp\/v2\/product_tag?post=85776"}],"curies":[{"name":"wp","href":"https:\/\/api.w.org\/{rel}","templated":true}]}}