{"id":85777,"date":"2021-07-06T21:36:19","date_gmt":"2021-07-06T17:39:21","guid":{"rendered":"https:\/\/www.seaflowerstore.com\/nl\/microbe-lift-bacterial-aquarium-balancer-236ml-8oz\/"},"modified":"2024-03-19T15:44:39","modified_gmt":"2024-03-19T14:44:39","slug":"microbe-lift-bacterial-aquarium-balancer-236ml-8oz","status":"publish","type":"product","link":"https:\/\/www.seaflowerstore.com\/de\/microbe-lift-bacterial-aquarium-balancer-236ml-8oz\/","title":{"rendered":"Microbe-Lift Bacterial Aquarium Balancer 236ml 8oz"},"content":{"rendered":"<h2>Microbe-Lift Bacterial Aquarium Balancer 236ml 8oz Introduces millions of beneficial bacteria into your aquarium ecosystem<\/h2>\n<p><strong>F\u00fcr Salz- und S\u00fc\u00dfwasser:<\/strong> Die Bakterien in diesem Produkt sind nat\u00fcrlich und nicht pathogen, was bedeutet, dass sie dazu beitragen, den von Fischen abgegebenen organischen Abfall zu reduzieren.<\/p>\n<ul>\n<li>Verhindert das \u201eNeubeckensyndrom\u201c<\/li>\n<li>Hilft, Ammoniak und Nitrat zu eliminieren<\/li>\n<li>Sorgt f\u00fcr eine schnelle Reduzierung des organischen Abfalls<\/li>\n<li>Hilft bei der Reinigung von Kraftfiltern, Dekorationen und Kies<\/li>\n<li>Hilft, Fischverluste zu reduzieren<\/li>\n<\/ul>\n<p>Wenn Sie neue Arten in Ihr Aquarium einf\u00fchren, halten Sie sich immer an die Standardrichtlinien bez\u00fcglich der Konzentration von NH3 und NO2. Das Vorhandensein von Ammoniak und\/oder Nitraten kann auf eine \u00dcberbelegung des Beckens hinweisen.<\/p>\n<p><strong>Beschreibung:<\/strong><\/p>\n<ul>\n<li>F\u00fcr Aquarien zum Einsetzen: Verwenden Sie zun\u00e4chst MICROBE-LIFT\/Dechlorinator +, um eventuell im Wasser vorhandenes Chlor und Chloramine zu entfernen.<\/li>\n<li>F\u00fcr neue Aquarien: Geben Sie in den n\u00e4chsten drei Wochen 1 Teel\u00f6ffel MICROBE-LIFT\/Bacterial Aquarium Balancer pro 20 Gallonen (76 Liter) Aquarienwasser hinzu.<\/li>\n<li>Befolgen Sie dann die nachstehenden Anweisungen f\u00fcr etablierte Aquarien.<\/li>\n<li>F\u00fcr etablierte Aquarien: Geben Sie jeden Monat und nach jedem Wasserwechsel 1 Teel\u00f6ffel (5 ml) MICROBE-LIFT\/Bacterial Aquarium Balancer pro 10 Gallonen (38 Liter) Wasser hinzu.<\/li>\n<li>Sie sollten MICROBE-LIFT\/Bacterial Aquarium Balancer auch nach der Reinigung der Filter hinzuf\u00fcgen. Filterwechsel oder 48 Stunden nach Zugabe von Medikamenten.<\/li>\n<\/ul>\n<p><strong>Hinweis:<\/strong> Salzwasser kann die Bakterienaktivit\u00e4t verlangsamen. F\u00fcr schnellere Ergebnisse sollten Sie 25 % bis 50 % mehr Produkt hinzuf\u00fcgen.<\/p>\n","protected":false},"excerpt":{"rendered":"<p>Microbe-Lift Bacterial Aquarium Balancer 236ml Introduces millions of beneficial bacteria into your aquarium ecosystem<\/p>\n","protected":false},"featured_media":83568,"template":"","meta":[],"pwb-brand":[2227],"product_cat":[1484,1391],"product_tag":[],"class_list":{"0":"post-85777","1":"product","2":"type-product","3":"status-publish","4":"has-post-thumbnail","6":"pwb-brand-microbe-lift","7":"product_cat-bakterien","8":"product_cat-ergaenzungen","10":"first","11":"instock","12":"sale","13":"taxable","14":"shipping-taxable","15":"purchasable","16":"product-type-simple"},"acf":[],"brands":[{"id":2227,"name":"Microbe-Lift","slug":"microbe-lift"}],"_links":{"self":[{"href":"https:\/\/www.seaflowerstore.com\/de\/wp-json\/wp\/v2\/product\/85777","targetHints":{"allow":["GET"]}}],"collection":[{"href":"https:\/\/www.seaflowerstore.com\/de\/wp-json\/wp\/v2\/product"}],"about":[{"href":"https:\/\/www.seaflowerstore.com\/de\/wp-json\/wp\/v2\/types\/product"}],"wp:featuredmedia":[{"embeddable":true,"href":"https:\/\/www.seaflowerstore.com\/de\/wp-json\/wp\/v2\/media\/83568"}],"wp:attachment":[{"href":"https:\/\/www.seaflowerstore.com\/de\/wp-json\/wp\/v2\/media?parent=85777"}],"wp:term":[{"taxonomy":"pwb-brand","embeddable":true,"href":"https:\/\/www.seaflowerstore.com\/de\/wp-json\/wp\/v2\/pwb-brand?post=85777"},{"taxonomy":"product_cat","embeddable":true,"href":"https:\/\/www.seaflowerstore.com\/de\/wp-json\/wp\/v2\/product_cat?post=85777"},{"taxonomy":"product_tag","embeddable":true,"href":"https:\/\/www.seaflowerstore.com\/de\/wp-json\/wp\/v2\/product_tag?post=85777"}],"curies":[{"name":"wp","href":"https:\/\/api.w.org\/{rel}","templated":true}]}}