{"id":85778,"date":"2021-07-06T16:18:47","date_gmt":"2021-07-06T12:29:54","guid":{"rendered":"https:\/\/www.seaflowerstore.com\/nl\/hanna-hi98107-phep\/"},"modified":"2024-03-19T15:44:37","modified_gmt":"2024-03-19T14:44:37","slug":"hanna-hi98107-phep","status":"publish","type":"product","link":"https:\/\/www.seaflowerstore.com\/de\/hanna-hi98107-phep\/","title":{"rendered":"Hanna HI98107 pHep"},"content":{"rendered":"<h2>Hanna HI98107 pHep measures pH and temperature quickly and easily<\/h2>\n<p>Der pHep ist ein bew\u00e4hrtes Werkzeug, das von Millionen Menschen auf der ganzen Welt zur Kontrolle des pH-Werts in verschiedenen Bereichen wie Laboren, industriellen Anwendungen, Landwirtschaft, Fischzucht, Lebensmittelproduktion, Qualit\u00e4tskontrolle, Schwimmb\u00e4dern und sogar der Druckindustrie verwendet wird. Eines seiner herausragenden Merkmale ist die erneuerbare Stoffverbindung, die dem pHep eine l\u00e4ngere Lebensdauer verleiht als herk\u00f6mmlichen pH-Testern. Im Gegensatz zu gew\u00f6hnlichen Verbindungsstellen, die mit der Zeit verstopfen und bei denen der gesamte Tester entsorgt werden muss, ist die Verbindungsstelle des pHep 2 cm lang und kann bei Verschmutzung herausgezogen werden, wodurch ein frischer Abschnitt freigelegt wird und die Lebensdauer des Testers effektiv verl\u00e4ngert wird.<\/p>\n<h3>Automatische Kalibrierung<\/h3>\n<p>Wenn eine Kalibrierung erforderlich ist, m\u00fcssen Sie nur die Elektrodenspitze in die Kalibrierungsl\u00f6sung tauchen und das Messger\u00e4t \u00fcbernimmt die Kalibrierung automatisch!<\/p>\n<h3>Freiliegender Temperatursensor<\/h3>\n<p>Diese Tester sind mit freiliegenden Temperatursensoren ausgestattet, die schnellere Reaktionszeiten f\u00fcr Ihre Messungen bieten.<\/p>\n<h3>Wasserfest<\/h3>\n<p>Der pHep verf\u00fcgt au\u00dferdem \u00fcber eine leicht abnehmbare Abdeckung, die Ihnen Zugang zur Batterie bietet.<\/p>\n<ul>\n<li><strong>Wasserfest<\/strong><\/li>\n<li><strong>Austauschbare Verbindungsstelle<\/strong><\/li>\n<li><strong>Automatische Temperaturkompensation (ATC)<\/strong><\/li>\n<li><strong>Automatische Ein- oder Zweipunktkalibrierung<\/strong><\/li>\n<li><strong>Stabilit\u00e4tsanzeige<\/strong><\/li>\n<li><strong>Batterieprozentanzeige<\/strong><\/li>\n<li><strong>Zwei-Tasten-Bedienung<\/strong><\/li>\n<\/ul>\n<p>Das HI98107 (pHep) wird mit einer Schutzkappe, zwei Beuteln pH 4,01-Kalibrierungsl\u00f6sung, zwei Beuteln pH 7,01-Kalibrierungsl\u00f6sung, Reinigungsl\u00f6sung, einer Batterie und einem Handbuch geliefert und ist somit ein Komplettpaket f\u00fcr Ihre pH-Testanforderungen.<\/p>\n","protected":false},"excerpt":{"rendered":"<p>Hanna HI98107 pHep measures pH and temperature quickly and easily<\/p>\n","protected":false},"featured_media":83563,"template":"","meta":[],"pwb-brand":[2229],"product_cat":[1400],"product_tag":[],"class_list":{"0":"post-85778","1":"product","2":"type-product","3":"status-publish","4":"has-post-thumbnail","6":"pwb-brand-hanna-instruments","7":"product_cat-tester","9":"first","10":"instock","11":"taxable","12":"shipping-taxable","13":"purchasable","14":"product-type-simple"},"acf":[],"brands":[{"id":2229,"name":"Hanna Instruments","slug":"hanna-instruments"}],"_links":{"self":[{"href":"https:\/\/www.seaflowerstore.com\/de\/wp-json\/wp\/v2\/product\/85778","targetHints":{"allow":["GET"]}}],"collection":[{"href":"https:\/\/www.seaflowerstore.com\/de\/wp-json\/wp\/v2\/product"}],"about":[{"href":"https:\/\/www.seaflowerstore.com\/de\/wp-json\/wp\/v2\/types\/product"}],"wp:featuredmedia":[{"embeddable":true,"href":"https:\/\/www.seaflowerstore.com\/de\/wp-json\/wp\/v2\/media\/83563"}],"wp:attachment":[{"href":"https:\/\/www.seaflowerstore.com\/de\/wp-json\/wp\/v2\/media?parent=85778"}],"wp:term":[{"taxonomy":"pwb-brand","embeddable":true,"href":"https:\/\/www.seaflowerstore.com\/de\/wp-json\/wp\/v2\/pwb-brand?post=85778"},{"taxonomy":"product_cat","embeddable":true,"href":"https:\/\/www.seaflowerstore.com\/de\/wp-json\/wp\/v2\/product_cat?post=85778"},{"taxonomy":"product_tag","embeddable":true,"href":"https:\/\/www.seaflowerstore.com\/de\/wp-json\/wp\/v2\/product_tag?post=85778"}],"curies":[{"name":"wp","href":"https:\/\/api.w.org\/{rel}","templated":true}]}}