{"id":85779,"date":"2021-07-05T15:22:14","date_gmt":"2021-07-05T13:22:14","guid":{"rendered":"https:\/\/www.seaflowerstore.com\/nl\/hanna-hi782-marine-nitrate-high-range-checker\/"},"modified":"2026-01-02T23:11:57","modified_gmt":"2026-01-02T22:11:57","slug":"hanna-hi782-marine-nitrate-high-range-checker","status":"publish","type":"product","link":"https:\/\/www.seaflowerstore.com\/de\/hanna-hi782-marine-nitrate-high-range-checker\/","title":{"rendered":"Hanna HI782 Marine Nitrate High Range Checker"},"content":{"rendered":"<h2>Hanna HI782 Marine Nitrate High Range Checker<\/h2>\n<p>Das HI782 Marine Nitrate High Range Colorimeter wurde speziell daf\u00fcr entwickelt, Ihnen dabei zu helfen, hohe Nitratwerte in Salzwasseraquarien und Meeresanwendungen schnell und genau zu bestimmen. Dank der digitalen Anzeige m\u00fcssen Sie sich nicht mehr mit visuellen Farbvergleichen herumschlagen.<\/p>\n<ul>\n<li>Messungen mit einem Bereich von bis zu 75,0 ppm<\/li>\n<li>Weniger komplexe Genauigkeit in Laborqualit\u00e4t \u2013 erfordert nur 1 Reagenz<\/li>\n<li>Einfache, intuitive digitale Bedienung<\/li>\n<li>Kompakt und pr\u00e4zise f\u00fcr den Einsatz zu Hause, bei der Arbeit oder unterwegs<\/li>\n<\/ul>\n<p>Nitrat ist der letzte Schritt im Stickstoffkreislauf. \u00dcberm\u00e4\u00dfige Nitratwerte in Salzwasseraquarien k\u00f6nnen das Wachstum unerw\u00fcnschter Organismen wie Algen und Dinoflagellaten f\u00f6rdern. Der HI782 bietet eine unkomplizierte, genaue und kosteng\u00fcnstige M\u00f6glichkeit, <strong>Nitrat von 0,0 bis 75,0 ppm<\/strong> (als NO3\u2013) in Ihrem Salzwasseraquarium zu messen.<\/p>\n<p>Der HI782 Nitrate Checker HC verwendet die Zinkreduktionsmethode, um die Nitratkonzentration kolorimetrisch zu messen und liefert schnelle und genaue Ergebnisse in nur vier einfachen Schritten.<\/p>\n<p><strong>Funktionen auf einen Blick:<\/strong><\/p>\n<ul>\n<li>Entwickelt f\u00fcr die Verwendung mit Salzwasserproben.<\/li>\n<li>Genauer als herk\u00f6mmliche chemische Testkits.<\/li>\n<li>Konzentriert sich auf einen einzigen Parameter f\u00fcr Pr\u00e4zision.<\/li>\n<li>Kompakte Gr\u00f6\u00dfe f\u00fcr gro\u00dfen Komfort.<\/li>\n<li>Keine Fehler mit digitaler Anzeige.<\/li>\n<li>Perfekt f\u00fcr Aquarien und Meeresbiologieanwendungen.<\/li>\n<\/ul>\n<h4><strong>HI782<\/strong> Hohe Reichweite Nitratpr\u00fcfer vs. HI781 Nitratpr\u00fcfer f\u00fcr niedrigen Bereich<\/h4>\n<p>Der HI782 wurde entwickelt, um schnell und einfach Nitratwerte f\u00fcr Aquarianer zu messen, die mit \u00fcberdurchschnittlich hohen N\u00e4hrstoffwerten zu tun haben. Dies ist besonders relevant f\u00fcr Salzwasseraquarien, die nur mit Fischen best\u00fcckt sind oder Korallen beherbergen, die erh\u00f6hte Nitratwerte von 30 ppm oder mehr vertragen.<\/p>\n<p>Sehr niedrige Nitratwerte sind f\u00fcr viele Salzwasser-Riffaquarien entscheidend, da ein hoher Nitratgehalt empfindliche Korallen und Wirbellose sch\u00e4digen kann. Daher bietet das HI781 eine un\u00fcbertroffene Genauigkeit bei der Messung sehr niedriger Nitratwerte (0,00 bis 5,00 ppm).<\/p>\n<table class=\"table table-condensed table-bordered\">\n<tbody>\n<tr>\n<th colspan=\"2\">\n<h4><strong>Hanna HI782 Marine Nitrate High Range Spezifikationen<\/strong><\/h4>\n<\/th>\n<\/tr>\n<tr>\n<th>Bereich<\/th>\n<td>0,0 bis 75,0 ppm (als NO3-)<\/td>\n<\/tr>\n<tr>\n<th>Aufl\u00f6sung<\/th>\n<td>0,1 ppm<\/td>\n<\/tr>\n<tr>\n<th>Genauigkeit bei 25 \u00b0C\/77 \u00b0F<\/th>\n<td><strong>\u00b12,0 ppm<\/strong> \u00b15 %<\/td>\n<\/tr>\n<tr>\n<th>Licht Quelle<\/th>\n<td>LED @ 525 nm<\/td>\n<\/tr>\n<tr>\n<th>Lichtdetektor<\/th>\n<td>Silizium-Fotozelle<\/td>\n<\/tr>\n<tr>\n<th>Methode<\/th>\n<td>Zinkreduktionsmethode. Die Reaktion zwischen Nitrat und Reagenz verursacht einen rosa Farbton in der Probe. Dieser Pr\u00fcfer wurde f\u00fcr die Arbeit mit Meerwasserproben entwickelt.<\/td>\n<\/tr>\n<tr>\n<th>Automatische Abschaltung<\/th>\n<td>Nach zehn Minuten Nichtbenutzung<\/td>\n<\/tr>\n<tr>\n<th>Umgebung<\/th>\n<td>0 bis 50 \u00b0C (32 bis 122 \u00b0F); RH max. 95 % nicht kondensierend<\/td>\n<\/tr>\n<tr>\n<th>Interferenzen<\/th>\n<td>Nitrit<\/td>\n<\/tr>\n<tr>\n<th>Batterietyp<\/th>\n<td>(1x) 1,5 V AAA<\/td>\n<\/tr>\n<tr>\n<th>Abmessungen<\/th>\n<td>3,4&#8243; x 2,4&#8243; x 1,5&#8243; (86 mm x 61 mm x 37,5 mm)<\/td>\n<\/tr>\n<tr>\n<th>Gewicht<\/th>\n<td>2,3 oz (64 g)<\/td>\n<\/tr>\n<\/tbody>\n<\/table>\n<p><strong>Was ist enthalten:<\/strong><\/p>\n<ul>\n<li>(1x) HI782 Checker HC<\/li>\n<li>(1x) 1,5 V AAA Alkalibatterie<\/li>\n<li>(1x) Bedienungsanleitung<\/li>\n<li>(2x) Probenk\u00fcvette und (2x) Kappen<\/li>\n<li>(1x) Marine Nitrate High Range Starter Kit (Reagenzien f\u00fcr 10 Tests)<\/li>\n<li>(1x) 3 ml Pasteurpipette<\/li>\n<li>(1x) 1,5 V AAA Alkalibatterie<\/li>\n<li>(1x) Bedienungsanleitung<\/li>\n<\/ul>\n","protected":false},"excerpt":{"rendered":"<p>Hanna HI782 Marine Nitrate High Range Checker for easy measurement of nitrate with an accuracy of +\/-2ppm<\/p>\n","protected":false},"featured_media":83561,"template":"","meta":[],"pwb-brand":[2229],"product_cat":[1400],"product_tag":[],"class_list":{"0":"post-85779","1":"product","2":"type-product","3":"status-publish","4":"has-post-thumbnail","6":"pwb-brand-hanna-instruments","7":"product_cat-tester","9":"first","10":"instock","11":"taxable","12":"shipping-taxable","13":"purchasable","14":"product-type-simple"},"acf":[],"brands":[{"id":2229,"name":"Hanna Instruments","slug":"hanna-instruments"}],"_links":{"self":[{"href":"https:\/\/www.seaflowerstore.com\/de\/wp-json\/wp\/v2\/product\/85779","targetHints":{"allow":["GET"]}}],"collection":[{"href":"https:\/\/www.seaflowerstore.com\/de\/wp-json\/wp\/v2\/product"}],"about":[{"href":"https:\/\/www.seaflowerstore.com\/de\/wp-json\/wp\/v2\/types\/product"}],"wp:featuredmedia":[{"embeddable":true,"href":"https:\/\/www.seaflowerstore.com\/de\/wp-json\/wp\/v2\/media\/83561"}],"wp:attachment":[{"href":"https:\/\/www.seaflowerstore.com\/de\/wp-json\/wp\/v2\/media?parent=85779"}],"wp:term":[{"taxonomy":"pwb-brand","embeddable":true,"href":"https:\/\/www.seaflowerstore.com\/de\/wp-json\/wp\/v2\/pwb-brand?post=85779"},{"taxonomy":"product_cat","embeddable":true,"href":"https:\/\/www.seaflowerstore.com\/de\/wp-json\/wp\/v2\/product_cat?post=85779"},{"taxonomy":"product_tag","embeddable":true,"href":"https:\/\/www.seaflowerstore.com\/de\/wp-json\/wp\/v2\/product_tag?post=85779"}],"curies":[{"name":"wp","href":"https:\/\/api.w.org\/{rel}","templated":true}]}}