{"id":85780,"date":"2021-07-01T23:19:16","date_gmt":"2021-07-01T21:19:16","guid":{"rendered":"https:\/\/www.seaflowerstore.com\/nl\/aqua-medic-easy-line-professional-100\/"},"modified":"2024-03-19T15:44:33","modified_gmt":"2024-03-19T14:44:33","slug":"aqua-medic-easy-line-professional-100","status":"publish","type":"product","link":"https:\/\/www.seaflowerstore.com\/de\/aqua-medic-easy-line-professional-100\/","title":{"rendered":"Aqua Medic easy line PROFESSIONAL 100"},"content":{"rendered":"<h2>Aqua Medic easy line PROFESSIONAL 100GPD (300L\/day) for the purification of tap water<\/h2>\n<p>Das Aqua Medic easy line PROFESSIONAL ist f\u00fcr die Herstellung von weichem und entsalztem Wasser konzipiert, das sowohl f\u00fcr Salz- als auch S\u00fc\u00dfwasseraquarien sowie zum Bespr\u00fchen von Terrarien und f\u00fcr verschiedene andere Anwendungen geeignet ist. Diese <strong>easy line professional<\/strong> Umkehrosmoseanlagen sind kompakt, leistungsstark und erf\u00fcllen die h\u00f6chsten Standards f\u00fcr Wasserqualit\u00e4t.<\/p>\n<p>Ein Sedimentfilter f\u00e4ngt effektiv alle Partikel ab, die gr\u00f6\u00dfer als 5 \u00b5m sind, w\u00e4hrend ein Kohlefilter die Membran sch\u00fctzt, indem er Chlor entfernt. Das System umfasst eine Membran, ein Druckrohr und ein Sp\u00fclventil. Die Membran ist das Herzst\u00fcck des Aufbaus und gew\u00e4hrleistet hochwertiges reines Wasser. Wir verwenden die neueste Generation von TFC-Membranen (Polyamid\/Polysulfon), um erstklassig aufbereitetes Wasser zu liefern und erreichen ein R\u00fcckgewinnungsverh\u00e4ltnis von etwa 3-4:1 Konzentrat zu Permeat sowie eine R\u00fcckweisungsrate von bis zu 98 %.<\/p>\n<p>Die <strong>easy line professional<\/strong> Umkehrosmoseanlagen eignen sich auch perfekt f\u00fcr die Wasseraufbereitung im Haushalt und l\u00f6sen Probleme wie Eisenverunreinigungen. Das Ger\u00e4t verf\u00fcgt \u00fcber einen Druckschalter, der das automatische Bef\u00fcllen eines Druckbeh\u00e4lters (nicht im Lieferumfang enthalten) erm\u00f6glicht und so eine schnellere Verf\u00fcgbarkeit von aufbereitetem Wasser gew\u00e4hrleistet.<\/p>\n<p>Durch die kompakte Bauweise wird nur minimaler Platz f\u00fcr die Aufstellung ben\u00f6tigt. Die Montageplatte bietet Optionen f\u00fcr die Wandmontage oder die Platzierung auf einer ebenen Fl\u00e4che. Ein integriertes Manometer zeigt den aktuellen Wasserdruck an.<\/p>\n<p>Mit der mitgelieferten verchromten Wasserhahnverl\u00e4ngerung haben Sie die Wahl zwischen gefiltertem (Osmose-)Wasser und Leitungswasser. Diese Funktion erm\u00f6glicht es, die Verl\u00e4ngerung dauerhaft an Ihrem Wasserhahn anzuschlie\u00dfen. Ein Universaladapter ist f\u00fcr die einfache, werkzeuglose Installation an handels\u00fcblichen Haushaltswasserh\u00e4hnen enthalten und passt f\u00fcr Mischd\u00fcsen mit entweder einem 22 mm Innengewinde oder einem 24 mm Au\u00dfengewinde (Adapter enthalten).<\/p>\n<p>Abmessungen (L x B x H): ca. 370 x 160 x 160 mm.<\/p>\n<p><strong>Die Reinwasserleistung der Umkehrosmosemembranen von Aqua Medic h\u00e4ngt vom Reinwasserdruck vor der Membran und der Wassertemperatur ab. Die Leistung steigt mit Druck und Temperatur.<\/strong><\/p>\n<h4><strong>Bestandteile:<\/strong><\/h4>\n<ul>\n<li>Durchflussbegrenzer: Dieses Ventil stellt das Permeat\/Konzentrat-Verh\u00e4ltnis auf ca. 1:4 ein.<\/li>\n<li>Leitungswasseranschlussnippel und <strong>4 x 1 m Druckschlauch<\/strong>.<\/li>\n<li>Halterung mit Anschl\u00fcssen (zum Aufstellen oder zur Wandmontage; Schrauben und D\u00fcbel nicht im Lieferumfang enthalten).<\/li>\n<li>Verbindungsclips zwischen Vorfilter und Membrangeh\u00e4use (4 St\u00fcck).<\/li>\n<li>Clip Membrangeh\u00e4use (2 St\u00fcck).<\/li>\n<li>Absperrventil.<\/li>\n<li>Druckmesser (\u00f6lged\u00e4mpft).<\/li>\n<li>Schl\u00fcssel f\u00fcr Membrangeh\u00e4use.<\/li>\n<li>Klemme f\u00fcr Abwasserschlauchmontage mit Dichtung.<\/li>\n<\/ul>\n<p>*Mit freundlicher Genehmigung von Pieter N. f\u00fcr dieses niederl\u00e4ndische Video*<\/p>\n","protected":false},"excerpt":{"rendered":"<p>Aqua Medic easy line PROFESSIONAL 100GPD (300L\/day) for the purification of tap water<\/p>\n","protected":false},"featured_media":83555,"template":"","meta":[],"pwb-brand":[2149],"product_cat":[1468,1421],"product_tag":[],"class_list":{"0":"post-85780","1":"product","2":"type-product","3":"status-publish","4":"has-post-thumbnail","6":"pwb-brand-aqua-medic","7":"product_cat-osmose-ionenaustauscher","8":"product_cat-aqua-medic-de","10":"first","11":"instock","12":"taxable","13":"shipping-taxable","14":"purchasable","15":"product-type-simple"},"acf":[],"brands":[{"id":2149,"name":"Aqua Medic","slug":"aqua-medic"}],"_links":{"self":[{"href":"https:\/\/www.seaflowerstore.com\/de\/wp-json\/wp\/v2\/product\/85780","targetHints":{"allow":["GET"]}}],"collection":[{"href":"https:\/\/www.seaflowerstore.com\/de\/wp-json\/wp\/v2\/product"}],"about":[{"href":"https:\/\/www.seaflowerstore.com\/de\/wp-json\/wp\/v2\/types\/product"}],"wp:featuredmedia":[{"embeddable":true,"href":"https:\/\/www.seaflowerstore.com\/de\/wp-json\/wp\/v2\/media\/83555"}],"wp:attachment":[{"href":"https:\/\/www.seaflowerstore.com\/de\/wp-json\/wp\/v2\/media?parent=85780"}],"wp:term":[{"taxonomy":"pwb-brand","embeddable":true,"href":"https:\/\/www.seaflowerstore.com\/de\/wp-json\/wp\/v2\/pwb-brand?post=85780"},{"taxonomy":"product_cat","embeddable":true,"href":"https:\/\/www.seaflowerstore.com\/de\/wp-json\/wp\/v2\/product_cat?post=85780"},{"taxonomy":"product_tag","embeddable":true,"href":"https:\/\/www.seaflowerstore.com\/de\/wp-json\/wp\/v2\/product_tag?post=85780"}],"curies":[{"name":"wp","href":"https:\/\/api.w.org\/{rel}","templated":true}]}}