{"id":85781,"date":"2021-07-01T23:12:18","date_gmt":"2021-07-01T19:14:59","guid":{"rendered":"https:\/\/www.seaflowerstore.com\/nl\/aqua-medic-easy-line-professional-50\/"},"modified":"2024-03-19T15:44:31","modified_gmt":"2024-03-19T14:44:31","slug":"aqua-medic-easy-line-professional-50","status":"publish","type":"product","link":"https:\/\/www.seaflowerstore.com\/de\/aqua-medic-easy-line-professional-50\/","title":{"rendered":"Aqua Medic easy line PROFESSIONAL 50"},"content":{"rendered":"<h2>Aqua Medic easy line PROFESSIONAL 50GPD (190L\/day) for the purification of tap water<\/h2>\n<p>Dieses System ist f\u00fcr die Produktion von weichem und entsalztem Wasser konzipiert und eignet sich perfekt f\u00fcr Salz- und S\u00fc\u00dfwasseraquarien sowie zum Bespr\u00fchen von Terrarien und f\u00fcr eine Vielzahl anderer Anwendungen. Die Umkehrosmoseanlagen <strong>easy line professional<\/strong> sind kompakt und dennoch leistungsstark und erf\u00fcllen die h\u00f6chsten Standards f\u00fcr Wasserqualit\u00e4t.<\/p>\n<p>Ein Sedimentfilter f\u00e4ngt alle Partikel ab, die gr\u00f6\u00dfer als 5 \u00b5m sind, w\u00e4hrend ein Kohlefilter die Membran sch\u00fctzt, indem er Chlor entfernt. Das Modul besteht aus einer Membran, einem Druckrohr und einem Sp\u00fclventil, wobei die Membran die Kernkomponente ist, die f\u00fcr die Gew\u00e4hrleistung der reinen Wasserqualit\u00e4t verantwortlich ist. Wir verwenden die neueste Generation von TFC-Membranen (Polyamid\/Polysulfon), die erstklassig aufbereitetes Wasser mit einem R\u00fcckgewinnungsverh\u00e4ltnis von etwa 3-4:1 Konzentrat zu Permeat und einer beeindruckenden R\u00fcckweisungsrate von bis zu 98 % liefern.<\/p>\n<p>Die Umkehrosmoseanlagen <strong>easy line professional<\/strong> eignen sich auch hervorragend f\u00fcr die Wasseraufbereitung im Haushalt und l\u00f6sen Probleme wie Eisenverunreinigungen. Dieses Ger\u00e4t verf\u00fcgt \u00fcber einen Druckschalter, der das automatische Bef\u00fcllen eines Druckbeh\u00e4lters (nicht im Lieferumfang enthalten) erm\u00f6glicht, wodurch aufbereitetes Wasser jederzeit verf\u00fcgbar ist.<\/p>\n<p>Dank seines kompakten Designs nimmt es beim Aufstellen nur minimalen Platz ein. Die Montageplatte erm\u00f6glicht sowohl die Wandmontage als auch die Platzierung auf einer ebenen Fl\u00e4che. Dar\u00fcber hinaus zeigt das integrierte Manometer den aktuellen Wasserdruck an.<\/p>\n<p>Mit der mitgelieferten verchromten Wasserhahnverl\u00e4ngerung k\u00f6nnen Sie ganz einfach zwischen gefiltertem Wasser (Osmosewasser) und Leitungswasser wechseln. Diese Verl\u00e4ngerung kann zur Bequemlichkeit dauerhaft an Ihrem Wasserhahn angeschlossen werden.<\/p>\n<p>Ein Universaladapter ist f\u00fcr die werkzeuglose Installation an handels\u00fcblichen Haushaltswasserh\u00e4hnen im Lieferumfang enthalten. Kompatibel mit Mischd\u00fcsen mit 22 mm Innengewinde oder 24 mm Au\u00dfengewinde (Adapter inklusive).<\/p>\n<p>Ma\u00dfe (L x B x H): ca. 370 x 160 x 160 mm.<\/p>\n<p><strong>Die Reinwasserleistung der Aqua Medic Umkehrosmose-Membranen wird durch den Druck vor der Membran und die Wassertemperatur beeinflusst. Die Leistung steigt mit Druck und Temperatur.<\/strong><\/p>\n<h4><strong>Bestandteile:<\/strong><\/h4>\n<ul>\n<li>Durchflussbegrenzer: Dieses Ventil stellt das Permeat\/Konzentrat-Verh\u00e4ltnis auf ca. 1:4 ein.<\/li>\n<li>Leitungswasseranschlussnippel und <strong>4 x 1 m Druckschlauch<\/strong><\/li>\n<li>Halterung mit Anschl\u00fcssen (zum Aufstellen oder zur Wandmontage; Schrauben und D\u00fcbel sind nicht im Lieferumfang enthalten)<\/li>\n<li>Verbindungsclip zwischen Vorfilter und Membrangeh\u00e4use (4 St\u00fcck)<\/li>\n<li>Clip f\u00fcr Membrangeh\u00e4use (2 St\u00fcck)<\/li>\n<li>Absperrventil<\/li>\n<li>Druckmesser (\u00f6lged\u00e4mpft)<\/li>\n<li>Schl\u00fcssel f\u00fcr Membrangeh\u00e4use<\/li>\n<li>Klemme f\u00fcr Abwasserschlauchleitung mit Dichtung<\/li>\n<\/ul>\n<p>*Mit freundlicher Genehmigung von Pieter N. f\u00fcr dieses niederl\u00e4ndische Video*<\/p>\n","protected":false},"excerpt":{"rendered":"<p>Aqua Medic easy line PROFESSIONAL 50GPD (190L\/day) for the purification of tap water<\/p>\n","protected":false},"featured_media":83555,"template":"","meta":[],"pwb-brand":[2149],"product_cat":[1468,1421],"product_tag":[],"class_list":{"0":"post-85781","1":"product","2":"type-product","3":"status-publish","4":"has-post-thumbnail","6":"pwb-brand-aqua-medic","7":"product_cat-osmose-ionenaustauscher","8":"product_cat-aqua-medic-de","10":"first","11":"instock","12":"taxable","13":"shipping-taxable","14":"purchasable","15":"product-type-simple"},"acf":[],"brands":[{"id":2149,"name":"Aqua Medic","slug":"aqua-medic"}],"_links":{"self":[{"href":"https:\/\/www.seaflowerstore.com\/de\/wp-json\/wp\/v2\/product\/85781","targetHints":{"allow":["GET"]}}],"collection":[{"href":"https:\/\/www.seaflowerstore.com\/de\/wp-json\/wp\/v2\/product"}],"about":[{"href":"https:\/\/www.seaflowerstore.com\/de\/wp-json\/wp\/v2\/types\/product"}],"wp:featuredmedia":[{"embeddable":true,"href":"https:\/\/www.seaflowerstore.com\/de\/wp-json\/wp\/v2\/media\/83555"}],"wp:attachment":[{"href":"https:\/\/www.seaflowerstore.com\/de\/wp-json\/wp\/v2\/media?parent=85781"}],"wp:term":[{"taxonomy":"pwb-brand","embeddable":true,"href":"https:\/\/www.seaflowerstore.com\/de\/wp-json\/wp\/v2\/pwb-brand?post=85781"},{"taxonomy":"product_cat","embeddable":true,"href":"https:\/\/www.seaflowerstore.com\/de\/wp-json\/wp\/v2\/product_cat?post=85781"},{"taxonomy":"product_tag","embeddable":true,"href":"https:\/\/www.seaflowerstore.com\/de\/wp-json\/wp\/v2\/product_tag?post=85781"}],"curies":[{"name":"wp","href":"https:\/\/api.w.org\/{rel}","templated":true}]}}