{"id":85782,"date":"2021-07-01T22:29:06","date_gmt":"2021-07-01T18:37:06","guid":{"rendered":"https:\/\/www.seaflowerstore.com\/nl\/aqua-medic-easy-line-professional-150\/"},"modified":"2024-03-19T15:44:25","modified_gmt":"2024-03-19T14:44:25","slug":"aqua-medic-easy-line-professional-150","status":"publish","type":"product","link":"https:\/\/www.seaflowerstore.com\/de\/aqua-medic-easy-line-professional-150\/","title":{"rendered":"Aqua Medic easy line PROFESSIONAL 150"},"content":{"rendered":"<h2>Aqua Medic easy line PROFESSIONAL 150GPD (600L\/day) for the purification of tap water<\/h2>\n<p>Dieses System ist f\u00fcr die Herstellung von weichem und entsalztem Wasser f\u00fcr Salz- und S\u00fc\u00dfwasseraquarien sowie f\u00fcr den Einsatz in Terrarien und verschiedenen anderen Anwendungen konzipiert.<\/p>\n<p>Die Umkehrosmoseanlagen <strong>easy line professional<\/strong> sind sowohl kompakt als auch leistungsstark und erf\u00fcllen die h\u00f6chsten Standards f\u00fcr Wasserqualit\u00e4t. Ein Sedimentfilter f\u00e4ngt alle Partikel ab, die gr\u00f6\u00dfer als 5 \u00b5m sind, w\u00e4hrend ein Kohlefilter die Membran sch\u00fctzt, indem er Chlor entfernt. Das Modul besteht aus einer Membran, einem Druckrohr und einem Sp\u00fclventil. Die Membran ist das Herzst\u00fcck des Systems und f\u00fcr die Gew\u00e4hrleistung reiner Wasserqualit\u00e4t unerl\u00e4sslich. Wir verwenden die neueste Generation von TFC-Membranen (Polyamid\/Polysulfon), um aufbereitetes Wasser von h\u00f6chster Qualit\u00e4t zu liefern und erreichen ein R\u00fcckgewinnungsverh\u00e4ltnis von etwa 3-4:1 Konzentrat zu Permeat sowie eine R\u00fcckweisungsrate von bis zu 98 %.<\/p>\n<p>Die Umkehrosmoseanlagen <strong>easy line professional<\/strong> eignen sich auch perfekt f\u00fcr die Wasseraufbereitung im Haushalt, beispielsweise zur Entfernung von Eisen. Dieses Ger\u00e4t verf\u00fcgt \u00fcber einen Druckschalter, der das automatische Bef\u00fcllen eines Druckbeh\u00e4lters (nicht im Lieferumfang enthalten) erm\u00f6glicht und so daf\u00fcr sorgt, dass aufbereitetes Wasser noch schneller zur Verf\u00fcgung steht.<\/p>\n<p>Durch die kompakte Bauweise ben\u00f6tigen Sie f\u00fcr die Aufstellung nur wenig Platz. Die Montageplatte erm\u00f6glicht sowohl eine Wandmontage als auch das Aufstellen auf einer ebenen Fl\u00e4che. Ein integriertes Manometer zeigt den aktuellen Wasserdruck an.<\/p>\n<p>Mit der im Lieferumfang enthaltenen verchromten Wasserhahnverl\u00e4ngerung k\u00f6nnen Sie ganz einfach zwischen gefiltertem Wasser (Osmosewasser) und normalem Leitungswasser wechseln. Diese Verl\u00e4ngerung kann bequem fest mit dem Wasserhahn verbunden werden. Im Lieferumfang ist au\u00dferdem ein Universaladapter f\u00fcr die werkzeuglose Montage an einem handels\u00fcblichen Haushaltswasserhahn enthalten. Er ist f\u00fcr Mischd\u00fcsen mit 22 mm Innengewinde oder 24 mm Au\u00dfengewinde geeignet (Adapter im Lieferumfang enthalten).<\/p>\n<p>Ma\u00dfe (L x B x H): ca. 370 x 160 x 160 mm.<\/p>\n<p><strong>Die Reinwasserleistung der Aqua Medic Umkehrosmose-Membranen ist abh\u00e4ngig vom Reinwasserdruck vor der Membran und der Wassertemperatur. Die Leistung steigt mit Druck und Temperatur.<\/strong><\/p>\n<h4><strong>Komponenten:<\/strong><\/h4>\n<ul>\n<li>Durchflussbegrenzer: Dieses Ventil stellt das Permeat\/Konzentrat-Verh\u00e4ltnis auf ca. 1:4 ein.<\/li>\n<li>Leitungswasseranschlussarmatur und <strong>4 x 1 m Druckschlauch<\/strong><\/li>\n<li>Halterung mit Anschl\u00fcssen (zum Aufstellen oder zur Wandmontage; Schrauben und D\u00fcbel nicht im Lieferumfang enthalten)<\/li>\n<li>Verbindungsclip zwischen Vorfilter und Membrangeh\u00e4use (4 St\u00fcck)<\/li>\n<li>Clip Membrangeh\u00e4use (2 St\u00fcck)<\/li>\n<li>Absperrventil<\/li>\n<li>Druckmesser (\u00f6lged\u00e4mpft)<\/li>\n<li>Schl\u00fcssel f\u00fcr Membrangeh\u00e4use<\/li>\n<li>Klemme f\u00fcr Abwasserschlauchleitung mit Dichtung<\/li>\n<\/ul>\n<p>*Mit freundlicher Genehmigung von Pieter N. f\u00fcr dieses niederl\u00e4ndische Video*<\/p>\n","protected":false},"excerpt":{"rendered":"<p>Aqua Medic easy line PROFESSIONAL 150GPD (600L\/day) for the purification of tap water<\/p>\n","protected":false},"featured_media":83555,"template":"","meta":[],"pwb-brand":[2149],"product_cat":[1468,1421],"product_tag":[],"class_list":{"0":"post-85782","1":"product","2":"type-product","3":"status-publish","4":"has-post-thumbnail","6":"pwb-brand-aqua-medic","7":"product_cat-osmose-ionenaustauscher","8":"product_cat-aqua-medic-de","10":"first","11":"instock","12":"taxable","13":"shipping-taxable","14":"purchasable","15":"product-type-simple"},"acf":[],"brands":[{"id":2149,"name":"Aqua Medic","slug":"aqua-medic"}],"_links":{"self":[{"href":"https:\/\/www.seaflowerstore.com\/de\/wp-json\/wp\/v2\/product\/85782","targetHints":{"allow":["GET"]}}],"collection":[{"href":"https:\/\/www.seaflowerstore.com\/de\/wp-json\/wp\/v2\/product"}],"about":[{"href":"https:\/\/www.seaflowerstore.com\/de\/wp-json\/wp\/v2\/types\/product"}],"wp:featuredmedia":[{"embeddable":true,"href":"https:\/\/www.seaflowerstore.com\/de\/wp-json\/wp\/v2\/media\/83555"}],"wp:attachment":[{"href":"https:\/\/www.seaflowerstore.com\/de\/wp-json\/wp\/v2\/media?parent=85782"}],"wp:term":[{"taxonomy":"pwb-brand","embeddable":true,"href":"https:\/\/www.seaflowerstore.com\/de\/wp-json\/wp\/v2\/pwb-brand?post=85782"},{"taxonomy":"product_cat","embeddable":true,"href":"https:\/\/www.seaflowerstore.com\/de\/wp-json\/wp\/v2\/product_cat?post=85782"},{"taxonomy":"product_tag","embeddable":true,"href":"https:\/\/www.seaflowerstore.com\/de\/wp-json\/wp\/v2\/product_tag?post=85782"}],"curies":[{"name":"wp","href":"https:\/\/api.w.org\/{rel}","templated":true}]}}