{"id":85783,"date":"2021-07-01T16:36:49","date_gmt":"2021-07-01T14:36:49","guid":{"rendered":"https:\/\/www.seaflowerstore.com\/nl\/bladerunner-ss-blade\/"},"modified":"2025-12-05T22:00:34","modified_gmt":"2025-12-05T21:00:34","slug":"bladerunner-ss-blade","status":"publish","type":"product","link":"https:\/\/www.seaflowerstore.com\/de\/bladerunner-ss-blade\/","title":{"rendered":"Bladerunner SS Blade"},"content":{"rendered":"<h2>Bladerunner SS Blade for replacement<\/h2>\n<p>Dies ist ein praktisches Set mit zwei Ersatzklingen aus Edelstahl f\u00fcr die Modelle Bladerunner Standard und Strong. Das Schnellwechseldesign erm\u00f6glicht ein einfaches Ausklipsen und Ersetzen der Klinge ohne Werkzeug.<\/p>\n<p>Bei Glasaquarien k\u00f6nnen Sie die Metallklinge auf einer Seite des Blade Runner zum Entfernen hartn\u00e4ckiger Algen verwenden, w\u00e4hrend Sie die Kunststoffklinge auf der anderen Seite f\u00fcr allgemeine Reinigungszwecke nutzen.<\/p>\n","protected":false},"excerpt":{"rendered":"<p>Bladerunner SS Blade for replacement<\/p>\n","protected":false},"featured_media":83554,"template":"","meta":[],"pwb-brand":[2137],"product_cat":[1428],"product_tag":[],"class_list":{"0":"post-85783","1":"product","2":"type-product","3":"status-publish","4":"has-post-thumbnail","6":"pwb-brand-d-d-the-aquarium-solution","7":"product_cat-algenmagnet","9":"first","10":"instock","11":"taxable","12":"shipping-taxable","13":"purchasable","14":"product-type-simple"},"acf":[],"brands":[{"id":2137,"name":"D-D the aquarium solution","slug":"d-d-the-aquarium-solution"}],"_links":{"self":[{"href":"https:\/\/www.seaflowerstore.com\/de\/wp-json\/wp\/v2\/product\/85783","targetHints":{"allow":["GET"]}}],"collection":[{"href":"https:\/\/www.seaflowerstore.com\/de\/wp-json\/wp\/v2\/product"}],"about":[{"href":"https:\/\/www.seaflowerstore.com\/de\/wp-json\/wp\/v2\/types\/product"}],"wp:featuredmedia":[{"embeddable":true,"href":"https:\/\/www.seaflowerstore.com\/de\/wp-json\/wp\/v2\/media\/83554"}],"wp:attachment":[{"href":"https:\/\/www.seaflowerstore.com\/de\/wp-json\/wp\/v2\/media?parent=85783"}],"wp:term":[{"taxonomy":"pwb-brand","embeddable":true,"href":"https:\/\/www.seaflowerstore.com\/de\/wp-json\/wp\/v2\/pwb-brand?post=85783"},{"taxonomy":"product_cat","embeddable":true,"href":"https:\/\/www.seaflowerstore.com\/de\/wp-json\/wp\/v2\/product_cat?post=85783"},{"taxonomy":"product_tag","embeddable":true,"href":"https:\/\/www.seaflowerstore.com\/de\/wp-json\/wp\/v2\/product_tag?post=85783"}],"curies":[{"name":"wp","href":"https:\/\/api.w.org\/{rel}","templated":true}]}}