{"id":85785,"date":"2021-07-01T15:58:22","date_gmt":"2021-07-01T12:01:34","guid":{"rendered":"https:\/\/www.seaflowerstore.com\/nl\/bladerunner-magnet-cleaner-strong-20-mm\/"},"modified":"2025-07-04T19:02:42","modified_gmt":"2025-07-04T17:02:42","slug":"bladerunner-magnet-cleaner-strong-20-mm","status":"publish","type":"product","link":"https:\/\/www.seaflowerstore.com\/de\/bladerunner-magnet-cleaner-strong-20-mm\/","title":{"rendered":"BladeRunner Magnet cleaner &#8211; Strong (20 mm)"},"content":{"rendered":"<h2>BladeRunner Magnet cleaner &#8211; Strong (20 mm)<\/h2>\n<p>Der D-D BladeRunner ist ein eleganter und effektiver Reinigungsmagnet, der leistungsstarke Seltenerdmagnete verwendet. Er ist speziell f\u00fcr den Betrieb mit zwei Klingen konzipiert und gew\u00e4hrleistet minimalen Kontakt mit Ihren Glas- oder Acryloberfl\u00e4chen, wodurch das Risiko versehentlicher Kratzer verringert wird. Der neutrale Auftrieb des Magneten erm\u00f6glicht eine einfache Bergung, falls er sich einmal gel\u00f6st hat, und verhindert, dass er auf den Boden des Beckens sinkt und empfindliche Korallen sch\u00e4digt.<\/p>\n<h4>Funktionen<\/h4>\n<ul>\n<li>Geeignet f\u00fcr Glasdicken von 15\u201320\u00a0mm<\/li>\n<li>Geeignet f\u00fcr S\u00fc\u00df- und Salzwasseraquarien<\/li>\n<li>Schonend f\u00fcr Glasoberfl\u00e4chen<\/li>\n<li>Ultraschlankes Design f\u00fcr die Reinigung in engen R\u00e4umen<\/li>\n<li>Klingen in voller Breite f\u00fcr schnelles und effizientes Reinigen<\/li>\n<li>Neutraler Auftrieb<\/li>\n<li>Breiter K\u00f6rper f\u00fcr besseren Halt und Benutzerfreundlichkeit<\/li>\n<li>Beinhaltet zwei Kunststoffklingen und eine Edelstahlklinge<\/li>\n<li>Ersatzklingen sind erh\u00e4ltlich<\/li>\n<\/ul>\n","protected":false},"excerpt":{"rendered":"<p>BladeRunner Magnet cleaner &#8211; Strong (20 mm) is an ultra-slim cleaning magnet<\/p>\n","protected":false},"featured_media":83552,"template":"","meta":[],"pwb-brand":[2137],"product_cat":[1428],"product_tag":[],"class_list":{"0":"post-85785","1":"product","2":"type-product","3":"status-publish","4":"has-post-thumbnail","6":"pwb-brand-d-d-the-aquarium-solution","7":"product_cat-algenmagnet","9":"first","10":"instock","11":"sale","12":"taxable","13":"shipping-taxable","14":"purchasable","15":"product-type-simple"},"acf":[],"brands":[{"id":2137,"name":"D-D the aquarium solution","slug":"d-d-the-aquarium-solution"}],"_links":{"self":[{"href":"https:\/\/www.seaflowerstore.com\/de\/wp-json\/wp\/v2\/product\/85785","targetHints":{"allow":["GET"]}}],"collection":[{"href":"https:\/\/www.seaflowerstore.com\/de\/wp-json\/wp\/v2\/product"}],"about":[{"href":"https:\/\/www.seaflowerstore.com\/de\/wp-json\/wp\/v2\/types\/product"}],"wp:featuredmedia":[{"embeddable":true,"href":"https:\/\/www.seaflowerstore.com\/de\/wp-json\/wp\/v2\/media\/83552"}],"wp:attachment":[{"href":"https:\/\/www.seaflowerstore.com\/de\/wp-json\/wp\/v2\/media?parent=85785"}],"wp:term":[{"taxonomy":"pwb-brand","embeddable":true,"href":"https:\/\/www.seaflowerstore.com\/de\/wp-json\/wp\/v2\/pwb-brand?post=85785"},{"taxonomy":"product_cat","embeddable":true,"href":"https:\/\/www.seaflowerstore.com\/de\/wp-json\/wp\/v2\/product_cat?post=85785"},{"taxonomy":"product_tag","embeddable":true,"href":"https:\/\/www.seaflowerstore.com\/de\/wp-json\/wp\/v2\/product_tag?post=85785"}],"curies":[{"name":"wp","href":"https:\/\/api.w.org\/{rel}","templated":true}]}}