{"id":85786,"date":"2021-07-01T15:37:00","date_gmt":"2021-07-01T13:37:00","guid":{"rendered":"https:\/\/www.seaflowerstore.com\/nl\/bladerunner-magnet-cleaner-standard-15-mm\/"},"modified":"2024-03-19T15:44:20","modified_gmt":"2024-03-19T14:44:20","slug":"bladerunner-magnet-cleaner-standard-15-mm","status":"publish","type":"product","link":"https:\/\/www.seaflowerstore.com\/de\/bladerunner-magnet-cleaner-standard-15-mm\/","title":{"rendered":"BladeRunner Magnet cleaner &#8211; Standard (15 mm)"},"content":{"rendered":"<h2>BladeRunner Magnet cleaner &#8211; Standard (15 mm) is an ultra-slim cleaning magnet<\/h2>\n<p>Der D-D BladeRunner ist ein ultraschlanker Reinigungsmagnet, der starke Seltenerdmagnete verwendet. Er ist f\u00fcr den Betrieb mit zwei Klingen ausgelegt, wodurch der Kontakt mit der Glas- oder Acryloberfl\u00e4che minimiert wird. Dieses Design tr\u00e4gt dazu bei, das Risiko versehentlicher Kratzer zu verringern. Die neutrale Auftriebsfunktion erleichtert das Herausnehmen des Magneten, wenn er heruntergesto\u00dfen wird, und verhindert, dass er auf den Boden des Beckens sinkt und empfindliche Korallen sch\u00e4digt.<\/p>\n<h4>Funktionen<\/h4>\n<ul>\n<li>Geeignet f\u00fcr Glasdicken von 10\u201315\u00a0mm<\/li>\n<li>Kompatibel mit S\u00fc\u00dfwasser- und Salzwasseraquarien<\/li>\n<li>Schonend f\u00fcr Glasoberfl\u00e4chen<\/li>\n<li>Ultraschlankes Design f\u00fcr die Reinigung in engen R\u00e4umen<\/li>\n<li>Klingen in voller Breite f\u00fcr schnelles und effizientes Reinigen<\/li>\n<li>Neutraler Auftrieb<\/li>\n<li>Breite Geh\u00e4usekonstruktion f\u00fcr besseren Halt und Benutzerfreundlichkeit<\/li>\n<li>Enth\u00e4lt 2 Kunststoffklingen und 1 Edelstahlklinge<\/li>\n<li>Ersatzklingen sind erh\u00e4ltlich<\/li>\n<\/ul>\n","protected":false},"excerpt":{"rendered":"<p>BladeRunner Magnet cleaner &#8211; Standard (15 mm) is an ultra-slim cleaning magnet<\/p>\n","protected":false},"featured_media":83550,"template":"","meta":[],"pwb-brand":[2137],"product_cat":[1428],"product_tag":[],"class_list":{"0":"post-85786","1":"product","2":"type-product","3":"status-publish","4":"has-post-thumbnail","6":"pwb-brand-d-d-the-aquarium-solution","7":"product_cat-algenmagnet","9":"first","10":"instock","11":"sale","12":"taxable","13":"shipping-taxable","14":"purchasable","15":"product-type-simple"},"acf":[],"brands":[{"id":2137,"name":"D-D the aquarium solution","slug":"d-d-the-aquarium-solution"}],"_links":{"self":[{"href":"https:\/\/www.seaflowerstore.com\/de\/wp-json\/wp\/v2\/product\/85786","targetHints":{"allow":["GET"]}}],"collection":[{"href":"https:\/\/www.seaflowerstore.com\/de\/wp-json\/wp\/v2\/product"}],"about":[{"href":"https:\/\/www.seaflowerstore.com\/de\/wp-json\/wp\/v2\/types\/product"}],"wp:featuredmedia":[{"embeddable":true,"href":"https:\/\/www.seaflowerstore.com\/de\/wp-json\/wp\/v2\/media\/83550"}],"wp:attachment":[{"href":"https:\/\/www.seaflowerstore.com\/de\/wp-json\/wp\/v2\/media?parent=85786"}],"wp:term":[{"taxonomy":"pwb-brand","embeddable":true,"href":"https:\/\/www.seaflowerstore.com\/de\/wp-json\/wp\/v2\/pwb-brand?post=85786"},{"taxonomy":"product_cat","embeddable":true,"href":"https:\/\/www.seaflowerstore.com\/de\/wp-json\/wp\/v2\/product_cat?post=85786"},{"taxonomy":"product_tag","embeddable":true,"href":"https:\/\/www.seaflowerstore.com\/de\/wp-json\/wp\/v2\/product_tag?post=85786"}],"curies":[{"name":"wp","href":"https:\/\/api.w.org\/{rel}","templated":true}]}}