{"id":85791,"date":"2021-06-24T20:31:37","date_gmt":"2021-06-24T18:31:37","guid":{"rendered":"https:\/\/www.seaflowerstore.com\/nl\/maxspect-coral-glue-stick-20x\/"},"modified":"2024-03-19T15:44:15","modified_gmt":"2024-03-19T14:44:15","slug":"maxspect-coral-glue-stick-20x","status":"publish","type":"product","link":"https:\/\/www.seaflowerstore.com\/de\/maxspect-coral-glue-stick-20x\/","title":{"rendered":"Maxspect Coral Glue Stick (20x)"},"content":{"rendered":"<h2>Maxspect Coral Glue Stick 5 gr. Package of 20 sticks coral glue<\/h2>\n<p>Dieser <strong>Klebstoff auf Cyanacrylatbasis<\/strong> eignet sich perfekt zum Verkleben von Korallen. Er bietet eine zuverl\u00e4ssige L\u00f6sung f\u00fcr Ihre Anforderungen an die Korallenbefestigung und sorgt daf\u00fcr, dass Ihre Wasserumgebung gesund und lebendig bleibt.<\/p>\n<p>Egal, ob Sie ein erfahrener Aquarianer sind oder gerade erst anfangen, dieser Klebestift bietet Komfort und Benutzerfreundlichkeit. Er wurde entwickelt, um Ihnen dabei zu helfen, eine stabile und sch\u00f6ne Korallenanlage zu schaffen.<\/p>\n","protected":false},"excerpt":{"rendered":"<p>Maxspect Glue Stick 5 gr. Package of 20 pieces of coral glue tubes for easy sticking of coral frags<\/p>\n","protected":false},"featured_media":83539,"template":"","meta":[],"pwb-brand":[2203],"product_cat":[1405],"product_tag":[],"class_list":{"0":"post-85791","1":"product","2":"type-product","3":"status-publish","4":"has-post-thumbnail","6":"pwb-brand-maxspect","7":"product_cat-korallenkleber-versiegelungsmittel","9":"first","10":"instock","11":"taxable","12":"shipping-taxable","13":"purchasable","14":"product-type-simple"},"acf":[],"brands":[{"id":2203,"name":"Maxspect","slug":"maxspect"}],"_links":{"self":[{"href":"https:\/\/www.seaflowerstore.com\/de\/wp-json\/wp\/v2\/product\/85791","targetHints":{"allow":["GET"]}}],"collection":[{"href":"https:\/\/www.seaflowerstore.com\/de\/wp-json\/wp\/v2\/product"}],"about":[{"href":"https:\/\/www.seaflowerstore.com\/de\/wp-json\/wp\/v2\/types\/product"}],"wp:featuredmedia":[{"embeddable":true,"href":"https:\/\/www.seaflowerstore.com\/de\/wp-json\/wp\/v2\/media\/83539"}],"wp:attachment":[{"href":"https:\/\/www.seaflowerstore.com\/de\/wp-json\/wp\/v2\/media?parent=85791"}],"wp:term":[{"taxonomy":"pwb-brand","embeddable":true,"href":"https:\/\/www.seaflowerstore.com\/de\/wp-json\/wp\/v2\/pwb-brand?post=85791"},{"taxonomy":"product_cat","embeddable":true,"href":"https:\/\/www.seaflowerstore.com\/de\/wp-json\/wp\/v2\/product_cat?post=85791"},{"taxonomy":"product_tag","embeddable":true,"href":"https:\/\/www.seaflowerstore.com\/de\/wp-json\/wp\/v2\/product_tag?post=85791"}],"curies":[{"name":"wp","href":"https:\/\/api.w.org\/{rel}","templated":true}]}}