{"id":85795,"date":"2021-06-22T17:54:14","date_gmt":"2021-06-22T15:54:14","guid":{"rendered":"https:\/\/www.seaflowerstore.com\/nl\/colombo-iodine-test-colour-1\/"},"modified":"2025-10-12T09:31:18","modified_gmt":"2025-10-12T07:31:18","slug":"colombo-iodine-test-colour-1","status":"publish","type":"product","link":"https:\/\/www.seaflowerstore.com\/de\/colombo-iodine-test-colour-1\/","title":{"rendered":"Colombo iodine test (colour 1)"},"content":{"rendered":"<h2>Colombo iodine test (colour 1)<\/h2>\n<p>Der Colombo Marine Iodine Test (Farbe 1) ist eine zuverl\u00e4ssige Methode zur genauen Messung des Jodgehalts in Ihrem Meerwasser. Dieser Test ist benutzerfreundlich gestaltet und enth\u00e4lt klare Anweisungen, die die Durchf\u00fchrung und Interpretation der Ergebnisse erleichtern.<\/p>\n<p>Eine regelm\u00e4\u00dfige \u00dcberwachung des Jodspiegels ist entscheidend f\u00fcr die Erhaltung der leuchtenden Farben Ihrer Korallen. Die ideale Jodkonzentration sollte bei etwa 0,06 mg\/l liegen.<\/p>\n<p><strong>Bei Verwendung des Tests mit der Mastertronic:<\/strong><\/p>\n<ul>\n<li><strong>W\u00e4hlen Sie Giesemann, da dieser mit dem Colombo-Test identisch ist.<\/strong><\/li>\n<li>Sie ben\u00f6tigen zwei Sets, da jedes Set 2 x 10 ml Reagenz enth\u00e4lt.<\/li>\n<\/ul>\n","protected":false},"excerpt":{"rendered":"<p>Colombo iodine test suitable for seawater and can be used in the Mastertronic<\/p>\n","protected":false},"featured_media":83529,"template":"","meta":[],"pwb-brand":[2249],"product_cat":[1400],"product_tag":[],"class_list":{"0":"post-85795","1":"product","2":"type-product","3":"status-publish","4":"has-post-thumbnail","6":"pwb-brand-colombo","7":"product_cat-tester","9":"first","10":"instock","11":"taxable","12":"shipping-taxable","13":"purchasable","14":"product-type-simple"},"acf":[],"brands":[{"id":2249,"name":"Colombo","slug":"colombo"}],"_links":{"self":[{"href":"https:\/\/www.seaflowerstore.com\/de\/wp-json\/wp\/v2\/product\/85795","targetHints":{"allow":["GET"]}}],"collection":[{"href":"https:\/\/www.seaflowerstore.com\/de\/wp-json\/wp\/v2\/product"}],"about":[{"href":"https:\/\/www.seaflowerstore.com\/de\/wp-json\/wp\/v2\/types\/product"}],"wp:featuredmedia":[{"embeddable":true,"href":"https:\/\/www.seaflowerstore.com\/de\/wp-json\/wp\/v2\/media\/83529"}],"wp:attachment":[{"href":"https:\/\/www.seaflowerstore.com\/de\/wp-json\/wp\/v2\/media?parent=85795"}],"wp:term":[{"taxonomy":"pwb-brand","embeddable":true,"href":"https:\/\/www.seaflowerstore.com\/de\/wp-json\/wp\/v2\/pwb-brand?post=85795"},{"taxonomy":"product_cat","embeddable":true,"href":"https:\/\/www.seaflowerstore.com\/de\/wp-json\/wp\/v2\/product_cat?post=85795"},{"taxonomy":"product_tag","embeddable":true,"href":"https:\/\/www.seaflowerstore.com\/de\/wp-json\/wp\/v2\/product_tag?post=85795"}],"curies":[{"name":"wp","href":"https:\/\/api.w.org\/{rel}","templated":true}]}}