{"id":85796,"date":"2021-06-22T17:06:15","date_gmt":"2021-06-22T15:06:15","guid":{"rendered":"https:\/\/www.seaflowerstore.com\/nl\/aqua-medic-indicator-resin\/"},"modified":"2024-03-19T15:44:04","modified_gmt":"2024-03-19T14:44:04","slug":"aqua-medic-indicator-resin","status":"publish","type":"product","link":"https:\/\/www.seaflowerstore.com\/de\/aqua-medic-indicator-resin\/","title":{"rendered":"Aqua Medic indicator-resin"},"content":{"rendered":"<h2>Aqua Medic indicator-resin 730g\/ +\/-1000ml Ion exchange resin with colour indicator<\/h2>\n<p>Dies ist ein Mischbett-Entsalzungsger\u00e4t, das Silikat, Nitrat und andere Ionen effektiv aus Osmosewasser entfernt. Das spezielle Silikatharz spielt eine wichtige Rolle bei der Begrenzung des Wachstums von Kieselalgen, was besonders f\u00fcr Aquarienliebhaber von Vorteil ist.<\/p>\n<p>Das Harz wird verwendet, um die letzten verbleibenden Schadstoffe aus Umkehrosmosewasser (RO) zu entfernen, indem es als letzte Stufe des Filterprozesses dient. Es ist besonders hilfreich bei der Reduzierung des Kieselalgenwachstums, wenn der Silikatgehalt im Leitungswasser zu hoch ist.<\/p>\n<p>Das Harz wird nach den Umkehrosmoseeinheiten in daf\u00fcr vorgesehene Kartuschen wie den Aqua Medic-Entsalzungsfilter, Aqua Medic Platinum Line Plus, Top End Filter, RO-Harzkartusche oder andere handels\u00fcbliche Reinstwasserfilter gegeben. Die Wirksamkeit des Osmosewassers bei der Entfernung verbleibender Ionen h\u00e4ngt vom Restsalzgehalt und der Durchflussrate ab.<\/p>\n<ul>\n<li><strong>Einwegharz:<\/strong> Dieses Harz verf\u00fcgt \u00fcber einen Farbindikator, der die Effizienz des Filtermaterials anzeigt. Wenn die Leitf\u00e4higkeit des entsalzten Osmosewassers zu steigen beginnt, wechselt das Harz von blau auf gr\u00fcn und zeigt damit an, dass es ausgetauscht werden muss.<\/li>\n<li>Verpackt in einem verschlie\u00dfbaren Beutel.<\/li>\n<li>Nicht wiederaufladbar.<\/li>\n<\/ul>\n<p><strong>F\u00fcllgewicht:<\/strong> 730 g \/ ca. 1.000 ml<\/p>\n<p><strong>Inhaltsstoffe:<\/strong> Styrol-Divinylbenzol-Copolymer mit Trialkylammoniumgruppen in OH-Form; Styrol-Divinylbenzol-Copolymer mit Sulfons\u00e4uregruppen in H-Form.<\/p>\n<p><strong>Gefahrenhinweis:<\/strong> H318 Verursacht schwere Augensch\u00e4den.<\/p>\n<p><strong>Sicherheitshinweise:<\/strong><\/p>\n<ul>\n<li>P264 Nach Gebrauch gr\u00fcndlich waschen.<\/li>\n<li>P280 Schutzhandschuhe, Schutzkleidung und Augen-\/Gesichtsschutz tragen.<\/li>\n<li>P305 + P351 + P338 BEI KONTAKT MIT DEN AUGEN: Einige Minuten lang behutsam mit Wasser sp\u00fclen. Eventuell vorhandene Kontaktlinsen nach M\u00f6glichkeit entfernen. Weiter sp\u00fclen.<\/li>\n<li>P310 BEI VERSCHLUCKEN: Sofort GIFTINFORMATIONSZENTRUM oder Arzt anrufen.<\/li>\n<li>P501 Inhalt\/Beh\u00e4lter gem\u00e4\u00df den \u00f6rtlichen, regionalen und nationalen Vorschriften zur Abfallbeseitigung entsorgen.<\/li>\n<\/ul>\n","protected":false},"excerpt":{"rendered":"<p>Aqua Medic indicator-resin Mixed bed demineralizer for removing silicate, nitrate and other ions from osmosis water with colour indicator<\/p>\n","protected":false},"featured_media":83527,"template":"","meta":[],"pwb-brand":[2149],"product_cat":[1463,1421],"product_tag":[],"class_list":{"0":"post-85796","1":"product","2":"type-product","3":"status-publish","4":"has-post-thumbnail","6":"pwb-brand-aqua-medic","7":"product_cat-filter-und-zubehoer","8":"product_cat-aqua-medic-de","10":"first","11":"instock","12":"taxable","13":"shipping-taxable","14":"purchasable","15":"product-type-simple"},"acf":[],"brands":[{"id":2149,"name":"Aqua Medic","slug":"aqua-medic"}],"_links":{"self":[{"href":"https:\/\/www.seaflowerstore.com\/de\/wp-json\/wp\/v2\/product\/85796","targetHints":{"allow":["GET"]}}],"collection":[{"href":"https:\/\/www.seaflowerstore.com\/de\/wp-json\/wp\/v2\/product"}],"about":[{"href":"https:\/\/www.seaflowerstore.com\/de\/wp-json\/wp\/v2\/types\/product"}],"wp:featuredmedia":[{"embeddable":true,"href":"https:\/\/www.seaflowerstore.com\/de\/wp-json\/wp\/v2\/media\/83527"}],"wp:attachment":[{"href":"https:\/\/www.seaflowerstore.com\/de\/wp-json\/wp\/v2\/media?parent=85796"}],"wp:term":[{"taxonomy":"pwb-brand","embeddable":true,"href":"https:\/\/www.seaflowerstore.com\/de\/wp-json\/wp\/v2\/pwb-brand?post=85796"},{"taxonomy":"product_cat","embeddable":true,"href":"https:\/\/www.seaflowerstore.com\/de\/wp-json\/wp\/v2\/product_cat?post=85796"},{"taxonomy":"product_tag","embeddable":true,"href":"https:\/\/www.seaflowerstore.com\/de\/wp-json\/wp\/v2\/product_tag?post=85796"}],"curies":[{"name":"wp","href":"https:\/\/api.w.org\/{rel}","templated":true}]}}