{"id":85797,"date":"2021-06-20T18:04:43","date_gmt":"2021-06-20T16:04:43","guid":{"rendered":"https:\/\/www.seaflowerstore.com\/nl\/tablet-ex-gear-utility-pouch\/"},"modified":"2024-03-19T15:44:02","modified_gmt":"2024-03-19T14:44:02","slug":"tablet-ex-gear-utility-pouch","status":"publish","type":"product","link":"https:\/\/www.seaflowerstore.com\/de\/tablet-ex-gear-utility-pouch\/","title":{"rendered":"Tablet EX gear Utility Pouch"},"content":{"rendered":"<h2>Tablet EX gear Utility Pouch<\/h2>\n<p>Dies ist eine vielseitige MOLLE\/PALS-kompatible Mehrzwecktasche. Das Hauptfach eignet sich perfekt zum Aufbewahren von Gegenst\u00e4nden wie Ma\u00dfb\u00e4ndern, kleinen Ferngl\u00e4sern oder anderen Instrumenten. Das Au\u00dfenfach eignet sich hervorragend zum Aufbewahren von Messern, Taschenlampen und Stiften.<\/p>\n<ul>\n<li>Die Mehrzwecktasche enth\u00e4lt sowohl eine schwarze als auch eine orangefarbene Frontabdeckung. Diese Frontabdeckungen k\u00f6nnen leicht ausgetauscht werden.<\/li>\n<li>Die Frontabdeckungen k\u00f6nnen mithilfe des umlaufenden Rei\u00dfverschlusses abgenommen werden.<\/li>\n<li>Es gibt zwei Rei\u00dfverschlussf\u00e4cher \u2013 eines f\u00fcr gr\u00f6\u00dfere Gegenst\u00e4nde und eine Fronttasche, die sich perfekt f\u00fcr Stifte, Bleistifte und mehr eignet.<\/li>\n<li>Die Abmessungen des Hauptfachs betragen 17 cm x 19 cm x 4,5 cm.<\/li>\n<li>Diese Tasche ist ideal zum Tragen eines pers\u00f6nlichen Erste-Hilfe-Sets!<\/li>\n<li>Sie ist mit dem Comox-Gurt kompatibel, der ein MOLLE-kompatibles System zur Befestigung verwendet.<\/li>\n<\/ul>\n","protected":false},"excerpt":{"rendered":"<p>Tablet EX gear Utility Pouch to expand the Tablet EX gear chest pack<\/p>\n","protected":false},"featured_media":83524,"template":"","meta":[],"pwb-brand":[2299],"product_cat":[1538],"product_tag":[],"class_list":{"0":"post-85797","1":"product","2":"type-product","3":"status-publish","4":"has-post-thumbnail","6":"pwb-brand-tablet-ex-gear","7":"product_cat-brusttaschen","9":"first","10":"instock","11":"taxable","12":"shipping-taxable","13":"purchasable","14":"product-type-simple"},"acf":[],"brands":[{"id":2299,"name":"Tablet EX gear","slug":"tablet-ex-gear"}],"_links":{"self":[{"href":"https:\/\/www.seaflowerstore.com\/de\/wp-json\/wp\/v2\/product\/85797","targetHints":{"allow":["GET"]}}],"collection":[{"href":"https:\/\/www.seaflowerstore.com\/de\/wp-json\/wp\/v2\/product"}],"about":[{"href":"https:\/\/www.seaflowerstore.com\/de\/wp-json\/wp\/v2\/types\/product"}],"wp:featuredmedia":[{"embeddable":true,"href":"https:\/\/www.seaflowerstore.com\/de\/wp-json\/wp\/v2\/media\/83524"}],"wp:attachment":[{"href":"https:\/\/www.seaflowerstore.com\/de\/wp-json\/wp\/v2\/media?parent=85797"}],"wp:term":[{"taxonomy":"pwb-brand","embeddable":true,"href":"https:\/\/www.seaflowerstore.com\/de\/wp-json\/wp\/v2\/pwb-brand?post=85797"},{"taxonomy":"product_cat","embeddable":true,"href":"https:\/\/www.seaflowerstore.com\/de\/wp-json\/wp\/v2\/product_cat?post=85797"},{"taxonomy":"product_tag","embeddable":true,"href":"https:\/\/www.seaflowerstore.com\/de\/wp-json\/wp\/v2\/product_tag?post=85797"}],"curies":[{"name":"wp","href":"https:\/\/api.w.org\/{rel}","templated":true}]}}