{"id":85805,"date":"2021-06-05T13:37:50","date_gmt":"2021-06-05T11:37:50","guid":{"rendered":"https:\/\/www.seaflowerstore.com\/nl\/ruxton-chest-pack\/"},"modified":"2024-03-19T15:43:55","modified_gmt":"2024-03-19T14:43:55","slug":"ruxton-chest-pack","status":"publish","type":"product","link":"https:\/\/www.seaflowerstore.com\/de\/ruxton-chest-pack\/","title":{"rendered":"Ruxton Chest Pack"},"content":{"rendered":"<h2>Ruxton Chest Pack of Tablet EX gear<\/h2>\n<p><strong>Ruxton Pack:<\/strong> Das Ruxton Pack wurde entwickelt, um Benutzern von Tablet-Computern im Au\u00dfeneinsatz eine bequeme und ergonomische Unterst\u00fctzung zu bieten. Das Tablet wird bequem in einer Rei\u00dfverschlusstasche nahe am K\u00f6rper aufbewahrt. Es ist mit einem Schnellverschlussmechanismus, der mit einem selbstklebenden Klettverschluss an der R\u00fcckseite des Tablets befestigt wird, sicher am Rucksack befestigt. Wenn die Rei\u00dfverschlusstasche geschlossen ist, ist das Tablet sicher verstaut und transportiert. Um das Tablet zu verwenden, \u00f6ffnen Sie einfach die Tasche und klappen Sie die Vorderseite des Rucksacks nach unten, sodass Sie es sowohl im Hoch- als auch im Querformat betrachten k\u00f6nnen.<\/p>\n<p>Alle drei Gr\u00f6\u00dfen des Ruxton Pack werden mit dem bequemen Comox-Gurt geliefert. W\u00e4hrend die Komponenten des Ruxton Pack schwarz sind, erh\u00f6ht das gut sichtbare Paket die Sicherheit durch die Hinzuf\u00fcgung der orangefarbenen Frontabdeckung und Schulterabdeckung, wodurch die Sichtbarkeit f\u00fcr den Benutzer verbessert wird. Sie k\u00f6nnen auch zus\u00e4tzliche Taschen und Holster an diesem MOLLE-kompatiblen Gurt anbringen. Der Comox-Gurt ist f\u00fcr ganzt\u00e4gigen Komfort ausgelegt und verf\u00fcgt \u00fcber Netz- und geschlossenzellige Schaumstoffstreifen, die eine gute Luftzirkulation gew\u00e4hrleisten. Es ist auch bequem genug, um es unter einem Rucksack zu tragen!<\/p>\n<h3><strong>Enth\u00e4lt:<\/strong><\/h3>\n<ul>\n<li>Ruxton-Brusttasche<\/li>\n<\/ul>\n<p>Mit dem High Viz Ruxton-Paket k\u00f6nnen Sie die Vorderseite herunterklappen, um Ihr Tablet freih\u00e4ndig zu verwenden. Es ist in drei Gr\u00f6\u00dfen erh\u00e4ltlich, um fast jeden Tablet-Computer aufzunehmen.<\/p>\n<p><strong>Verbesserte Sicherheit:<\/strong> Halten Sie Ihre H\u00e4nde frei, w\u00e4hrend Sie durch anspruchsvolles Gel\u00e4nde navigieren!<\/p>\n<p><strong>\u00dcberlegene Ergonomie:<\/strong> Falten Sie die Tasche herunter und schieben Sie das Tablet von Ihrem K\u00f6rper weg, um es optimal zum Anzeigen und zur Dateneingabe zu positionieren.<\/p>\n<p><strong>Gesteigerte Produktivit\u00e4t:<\/strong> Halten Sie Ihr Tablet und andere Feldausr\u00fcstung griffbereit, damit Sie beide H\u00e4nde zur Dateneingabe verwenden k\u00f6nnen.<\/p>\n<p><strong>Superkomfortabel:<\/strong> Dies ist ein h\u00e4ufiges Feedback unserer Kunden. Der Mesh-Gurt ist gut bel\u00fcftet und vielseitig einstellbar, sodass er auch beim Tragen unter einem Rucksack bequem ist!<\/p>\n","protected":false},"excerpt":{"rendered":"<p>Ruxton Chest Pack of Tablet EX gear for handsfree works in combination with a tablet<\/p>\n","protected":false},"featured_media":83517,"template":"","meta":[],"pwb-brand":[2299],"product_cat":[1451,1538],"product_tag":[],"class_list":{"0":"post-85805","1":"product","2":"type-product","3":"status-publish","4":"has-post-thumbnail","6":"pwb-brand-tablet-ex-gear","7":"product_cat-zubehoer","8":"product_cat-brusttaschen","10":"first","11":"instock","12":"taxable","13":"shipping-taxable","14":"product-type-variable"},"acf":[],"brands":[{"id":2299,"name":"Tablet EX gear","slug":"tablet-ex-gear"}],"_links":{"self":[{"href":"https:\/\/www.seaflowerstore.com\/de\/wp-json\/wp\/v2\/product\/85805","targetHints":{"allow":["GET"]}}],"collection":[{"href":"https:\/\/www.seaflowerstore.com\/de\/wp-json\/wp\/v2\/product"}],"about":[{"href":"https:\/\/www.seaflowerstore.com\/de\/wp-json\/wp\/v2\/types\/product"}],"wp:featuredmedia":[{"embeddable":true,"href":"https:\/\/www.seaflowerstore.com\/de\/wp-json\/wp\/v2\/media\/83517"}],"wp:attachment":[{"href":"https:\/\/www.seaflowerstore.com\/de\/wp-json\/wp\/v2\/media?parent=85805"}],"wp:term":[{"taxonomy":"pwb-brand","embeddable":true,"href":"https:\/\/www.seaflowerstore.com\/de\/wp-json\/wp\/v2\/pwb-brand?post=85805"},{"taxonomy":"product_cat","embeddable":true,"href":"https:\/\/www.seaflowerstore.com\/de\/wp-json\/wp\/v2\/product_cat?post=85805"},{"taxonomy":"product_tag","embeddable":true,"href":"https:\/\/www.seaflowerstore.com\/de\/wp-json\/wp\/v2\/product_tag?post=85805"}],"curies":[{"name":"wp","href":"https:\/\/api.w.org\/{rel}","templated":true}]}}