{"id":85810,"date":"2021-06-04T16:06:26","date_gmt":"2021-06-04T14:06:26","guid":{"rendered":"https:\/\/www.seaflowerstore.com\/nl\/ruxton-high-visibility-chest-pack-package\/"},"modified":"2024-03-19T15:43:49","modified_gmt":"2024-03-19T14:43:49","slug":"ruxton-high-visibility-chest-pack-package","status":"publish","type":"product","link":"https:\/\/www.seaflowerstore.com\/de\/ruxton-high-visibility-chest-pack-package\/","title":{"rendered":"Ruxton High Visibility Chest Pack Package"},"content":{"rendered":"<h2>Ruxton High Visibility Chest Pack Package of Tablet EX gear<\/h2>\n<p><strong>Ruxton Pack:<\/strong> Das Ruxton Pack wurde entwickelt, um Benutzern von Tablet-Computern im Au\u00dfeneinsatz eine komfortable und ergonomische Unterst\u00fctzung zu bieten. Das Tablet ist bequem in einer Rei\u00dfverschlusstasche untergebracht, die eng am K\u00f6rper anliegt. Es ist mit einem Schnellverschluss, der mit einem selbstklebenden Klettverschlusssystem an der R\u00fcckseite des Tablets befestigt wird, sicher am Rucksack befestigt. Bei Nichtgebrauch wird das Tablet sicher in geschlossener Rei\u00dfverschlusstasche aufbewahrt. Um das Tablet zu verwenden, \u00f6ffnen Sie einfach den Rei\u00dfverschluss der Tasche und klappen Sie die Vorderseite des Rucksacks nach unten, sodass Sie das Tablet im Hoch- oder Querformat positionieren k\u00f6nnen. Alle drei Gr\u00f6\u00dfen des Ruxton Pack werden mit dem bequemen Comox-Gurt geliefert. W\u00e4hrend die Komponenten des Ruxton Pack schwarz sind, umfasst das gut sichtbare Paket eine orangefarbene Frontabdeckung und eine Schulterabdeckung zur Verbesserung der Sichtbarkeit. Sie k\u00f6nnen auch zus\u00e4tzliche Taschen und Holster an diesem MOLLE-kompatiblen Gurt anbringen. Der Comox-Gurt ist auf Komfort ausgelegt, sodass Sie ihn den ganzen Tag lang bei der Arbeit im Au\u00dfeneinsatz tragen k\u00f6nnen. Es besteht aus Mesh mit Streifen aus geschlossenzelligem Schaumstoff, um eine hervorragende Luftzirkulation zu gew\u00e4hrleisten, und ist auch so konzipiert, dass es bequem unter einem Rucksack getragen werden kann!<\/p>\n<h3><strong>Enth\u00e4lt:<\/strong><\/h3>\n<ul>\n<li>Ruxton-Brusttasche<\/li>\n<li>Vordere Abdeckung mit Taschen<\/li>\n<li>Gut sichtbare Schulterabdeckung<\/li>\n<\/ul>\n<p><strong>Orangefarbene Vorderabdeckung mit Taschen:<\/strong> Der Rei\u00dfverschluss um den Umfang der Vorderabdeckung erm\u00f6glicht es Ihnen, sie einfach am Ruxton-Rucksack zu befestigen. Beide Taschen sind mit herausnehmbaren Trennw\u00e4nden ausgestattet und sichern den Taschendeckel mit dem Fidlock\u00ae-Druckknopfsystem, das den Komfort eines Magnetverschlusses mit der Stabilit\u00e4t eines mechanischen Druckknopfverschlusses kombiniert.<\/p>\n<p><strong>Gut sichtbare Schulterabdeckung:<\/strong> Diese Abdeckung verbessert die Sichtbarkeit durch Hinzuf\u00fcgen von leuchtend orangefarbenem Stoff und reflektierendem Band an den Schultern und Seitenteilen des Ruxton-Rucksacks. Bitte beachten Sie, dass dies kein Ersatz f\u00fcr zertifizierte Warnschutzkleidung ist.<\/p>\n<p><strong>Das High Viz Ruxton-Paket:<\/strong> Klappen Sie die Vorderseite herunter, damit Sie Ihr Tablet freih\u00e4ndig verwenden k\u00f6nnen. Es ist in drei Gr\u00f6\u00dfen erh\u00e4ltlich und bietet Platz f\u00fcr fast jeden Tablet-Computer.<\/p>\n<p><strong>Verbesserte Sicherheit:<\/strong> Halten Sie Ihre H\u00e4nde frei, w\u00e4hrend Sie durch anspruchsvolles Gel\u00e4nde navigieren!<\/p>\n<p><strong>Hervorragende Ergonomie:<\/strong> Klappen Sie den Rucksack herunter und schieben Sie das Tablet von Ihrem K\u00f6rper weg, um es optimal zum Anzeigen und zur Dateneingabe zu positionieren.<\/p>\n<p><strong>Gesteigerte Produktivit\u00e4t:<\/strong> Halten Sie Ihr Tablet und andere Feldausr\u00fcstung in Reichweite, sodass Sie beide H\u00e4nde zur Dateneingabe verwenden k\u00f6nnen.<\/p>\n<p><strong>Superkomfortabel:<\/strong> Wir erhalten h\u00e4ufig Feedback von unseren Kunden, wie bequem dieser Rucksack ist. Der Netzgurt ist gut bel\u00fcftet und sehr gut verstellbar, sodass er auch beim Tragen unter einem Rucksack bequem ist!<\/p>\n","protected":false},"excerpt":{"rendered":"<p>Ruxton High Visibility Chest Pack Package of Tablet EX gear for handsfree works in combination with a tablet<\/p>\n","protected":false},"featured_media":83506,"template":"","meta":[],"pwb-brand":[2299],"product_cat":[1538],"product_tag":[],"class_list":{"0":"post-85810","1":"product","2":"type-product","3":"status-publish","4":"has-post-thumbnail","6":"pwb-brand-tablet-ex-gear","7":"product_cat-brusttaschen","9":"first","10":"instock","11":"taxable","12":"shipping-taxable","13":"purchasable","14":"product-type-variable"},"acf":[],"brands":[{"id":2299,"name":"Tablet EX gear","slug":"tablet-ex-gear"}],"_links":{"self":[{"href":"https:\/\/www.seaflowerstore.com\/de\/wp-json\/wp\/v2\/product\/85810","targetHints":{"allow":["GET"]}}],"collection":[{"href":"https:\/\/www.seaflowerstore.com\/de\/wp-json\/wp\/v2\/product"}],"about":[{"href":"https:\/\/www.seaflowerstore.com\/de\/wp-json\/wp\/v2\/types\/product"}],"wp:featuredmedia":[{"embeddable":true,"href":"https:\/\/www.seaflowerstore.com\/de\/wp-json\/wp\/v2\/media\/83506"}],"wp:attachment":[{"href":"https:\/\/www.seaflowerstore.com\/de\/wp-json\/wp\/v2\/media?parent=85810"}],"wp:term":[{"taxonomy":"pwb-brand","embeddable":true,"href":"https:\/\/www.seaflowerstore.com\/de\/wp-json\/wp\/v2\/pwb-brand?post=85810"},{"taxonomy":"product_cat","embeddable":true,"href":"https:\/\/www.seaflowerstore.com\/de\/wp-json\/wp\/v2\/product_cat?post=85810"},{"taxonomy":"product_tag","embeddable":true,"href":"https:\/\/www.seaflowerstore.com\/de\/wp-json\/wp\/v2\/product_tag?post=85810"}],"curies":[{"name":"wp","href":"https:\/\/api.w.org\/{rel}","templated":true}]}}