{"id":85814,"date":"2021-05-29T15:20:41","date_gmt":"2021-05-29T11:25:08","guid":{"rendered":"https:\/\/www.seaflowerstore.com\/nl\/mastertronic-membrane-4x\/"},"modified":"2024-03-19T15:43:42","modified_gmt":"2024-03-19T14:43:42","slug":"mastertronic-membrane-4x","status":"publish","type":"product","link":"https:\/\/www.seaflowerstore.com\/de\/mastertronic-membrane-4x\/","title":{"rendered":"Mastertronic membrane (4x)"},"content":{"rendered":"<h2>Mastertronic membrane is used in the reagent vials<\/h2>\n<p>Das Set enth\u00e4lt <strong>4 neue Membranen<\/strong>. Bitte beachten Sie, dass das Reagenz f\u00fcr das Rote Meer-Phosphat sehr aggressiv ist, wodurch diese Membran angegriffen werden kann. Au\u00dferdem ist darauf zu achten, dass das Reagenz nicht mit den H\u00e4nden in Ber\u00fchrung kommt.<\/p>\n","protected":false},"excerpt":{"rendered":"<p>Mastertronic membrane is used in the reagent vials<\/p>\n","protected":false},"featured_media":83504,"template":"","meta":[],"pwb-brand":[2261],"product_cat":[1407,1387],"product_tag":[],"class_list":{"0":"post-85814","1":"product","2":"type-product","3":"status-publish","4":"has-post-thumbnail","6":"pwb-brand-focustronic","7":"product_cat-focustronic-de","8":"product_cat-messsysteme","10":"first","11":"outofstock","12":"taxable","13":"shipping-taxable","14":"purchasable","15":"product-type-simple"},"acf":[],"brands":[{"id":2261,"name":"Focustronic","slug":"focustronic"}],"_links":{"self":[{"href":"https:\/\/www.seaflowerstore.com\/de\/wp-json\/wp\/v2\/product\/85814","targetHints":{"allow":["GET"]}}],"collection":[{"href":"https:\/\/www.seaflowerstore.com\/de\/wp-json\/wp\/v2\/product"}],"about":[{"href":"https:\/\/www.seaflowerstore.com\/de\/wp-json\/wp\/v2\/types\/product"}],"wp:featuredmedia":[{"embeddable":true,"href":"https:\/\/www.seaflowerstore.com\/de\/wp-json\/wp\/v2\/media\/83504"}],"wp:attachment":[{"href":"https:\/\/www.seaflowerstore.com\/de\/wp-json\/wp\/v2\/media?parent=85814"}],"wp:term":[{"taxonomy":"pwb-brand","embeddable":true,"href":"https:\/\/www.seaflowerstore.com\/de\/wp-json\/wp\/v2\/pwb-brand?post=85814"},{"taxonomy":"product_cat","embeddable":true,"href":"https:\/\/www.seaflowerstore.com\/de\/wp-json\/wp\/v2\/product_cat?post=85814"},{"taxonomy":"product_tag","embeddable":true,"href":"https:\/\/www.seaflowerstore.com\/de\/wp-json\/wp\/v2\/product_tag?post=85814"}],"curies":[{"name":"wp","href":"https:\/\/api.w.org\/{rel}","templated":true}]}}