{"id":85817,"date":"2021-05-27T21:18:42","date_gmt":"2021-05-27T19:18:42","guid":{"rendered":"https:\/\/www.seaflowerstore.com\/nl\/tropic-marin-nitribiotic\/"},"modified":"2024-03-19T15:43:43","modified_gmt":"2024-03-19T14:43:43","slug":"tropic-marin-nitribiotic","status":"publish","type":"product","link":"https:\/\/www.seaflowerstore.com\/de\/tropic-marin-nitribiotic\/","title":{"rendered":"Tropic Marin NITRIBIOTIC"},"content":{"rendered":"<h2>Tropic Marin NITRIBIOTIC Probiotic and nitrifying bacteria<\/h2>\n<p>Tropic Marin NITRIBIOTIC ist eine einzigartige Mischung aus probiotischen und nitrifizierenden Bakterien, die das Immunsystem von Fischen und Garnelen st\u00e4rkt und gleichzeitig die Wasserqualit\u00e4t verbessert. Die nitrifizierenden Bakterien kurbeln den Nitrifikationsprozess an und wandeln giftiges Ammoniak effektiv in ungiftiges Nitrat um. Dar\u00fcber hinaus oxidieren die in NITRIBIOTIC enthaltenen Purpurbakterien sch\u00e4dlichen Schwefelwasserstoff in ungef\u00e4hrlichen Schwefel und Sulfat. Probiotische Bakterien und Hefen wirken sich bekannterma\u00dfen positiv auf die Gesundheit und das Wohlbefinden von Fischen und Garnelen aus, insbesondere w\u00e4hrend der Zucht.<\/p>\n<p><strong>Vorteile:<\/strong><\/p>\n<ul>\n<li>Bakterielle Verbindung mit probiotischen, nitrifizierenden und Purpurbakterien<\/li>\n<li>Die Einbeziehung probiotischer Bakterien f\u00f6rdert die Gesundheit und erh\u00f6ht die Stressresistenz von Wassertieren<\/li>\n<li>Nitrifizierende Bakterien unterst\u00fctzen den Nitrifikationsprozess<\/li>\n<li>Purpurbakterien helfen beim Abbau von Schwefelwasserstoff<\/li>\n<li>Geeignet f\u00fcr alle Arten von Aquarienbewohnern \u2013 Fische, Korallen, LPS, SPS, andere Filtrierer und Krebstiere<\/li>\n<li>Leicht zu dosierende Fl\u00fcssigl\u00f6sung<\/li>\n<li>Lange Haltbarkeit, auch nach dem \u00d6ffnen<\/li>\n<li>Geruchslos<\/li>\n<\/ul>\n<h3>Anwendung:<\/h3>\n<p>Sch\u00fctteln Sie die Flasche vor jedem Gebrauch gut! Damit die Bakterien in Ihrem Aquarium gedeihen k\u00f6nnen, schalten Sie UV-Systeme, Ozonisatoren und Absch\u00e4umer vor der Dosierung aus. Sie k\u00f6nnen sie nach 3-4 Stunden wieder einschalten. NITRIBIOTIC kann in den Einlass eines biologischen Filters oder direkt ins Aquarienwasser gegeben werden.<\/p>\n<p>Befestigen Sie den mitgelieferten Schlauch an der Spritze und messen Sie die gew\u00fcnschte Menge NITRIBIOTIC ab. Die Luft, die in Schlauch und Spritze eindringt, w\u00e4hrend Sie die Spritze zur\u00fcckziehen, hat keinen Einfluss auf die Dosierung. Die Unterkante des Kolbens zeigt immer die richtige Dosiermenge an, auch wenn etwas NITRIBIOTIC im Schlauch verbleibt. Die eingesaugte Luft hilft dabei, den Schlauch w\u00e4hrend der Dosierung zu entleeren.<\/p>\n<p>Beginnen Sie mit einer Dosis von 1 ml pro 100 Liter (26 US-Gallonen) Aquarienvolumen. Zur kontinuierlichen Erhaltung wird eine w\u00f6chentliche Dosis von 1 ml pro 200 Liter (52 US-Gallonen) die probiotische Wirkung aufrechterhalten. Sie k\u00f6nnen f\u00fcr Ihr Aquarium bedenkenlos bis zur doppelten empfohlenen Dosis NITRIBIOTIC verwenden.<\/p>\n<p>Zur einfachen Berechnung der erforderlichen Dosierung f\u00fcr Ihr Aquarium nutzen Sie den neuen Dosierungsrechner.<\/p>\n<p>Tropic Marin\u00ae NITRIBIOTIC enth\u00e4lt Bacillus subtilis, Nitrobacteria, Saccharomyces, Lactobacillus und Purpurbakterien.<\/p>\n","protected":false},"excerpt":{"rendered":"<p>Tropic Marin NITRIBIOTIC Probiotic and nitrifying bacteria<\/p>\n","protected":false},"featured_media":83500,"template":"","meta":[],"pwb-brand":[2151],"product_cat":[1484,515],"product_tag":[],"class_list":{"0":"post-85817","1":"product","2":"type-product","3":"status-publish","4":"has-post-thumbnail","6":"pwb-brand-tropic-marin","7":"product_cat-bakterien","8":"product_cat-additives","9":"pa_content-25-ml","10":"pa_content-50-ml","11":"pa_inhoud-25-ml-de","12":"pa_inhoud-50-ml-de","14":"first","15":"instock","16":"taxable","17":"shipping-taxable","18":"purchasable","19":"product-type-variable"},"acf":[],"brands":[{"id":2151,"name":"Tropic Marin","slug":"tropic-marin"}],"_links":{"self":[{"href":"https:\/\/www.seaflowerstore.com\/de\/wp-json\/wp\/v2\/product\/85817","targetHints":{"allow":["GET"]}}],"collection":[{"href":"https:\/\/www.seaflowerstore.com\/de\/wp-json\/wp\/v2\/product"}],"about":[{"href":"https:\/\/www.seaflowerstore.com\/de\/wp-json\/wp\/v2\/types\/product"}],"wp:featuredmedia":[{"embeddable":true,"href":"https:\/\/www.seaflowerstore.com\/de\/wp-json\/wp\/v2\/media\/83500"}],"wp:attachment":[{"href":"https:\/\/www.seaflowerstore.com\/de\/wp-json\/wp\/v2\/media?parent=85817"}],"wp:term":[{"taxonomy":"pwb-brand","embeddable":true,"href":"https:\/\/www.seaflowerstore.com\/de\/wp-json\/wp\/v2\/pwb-brand?post=85817"},{"taxonomy":"product_cat","embeddable":true,"href":"https:\/\/www.seaflowerstore.com\/de\/wp-json\/wp\/v2\/product_cat?post=85817"},{"taxonomy":"product_tag","embeddable":true,"href":"https:\/\/www.seaflowerstore.com\/de\/wp-json\/wp\/v2\/product_tag?post=85817"}],"curies":[{"name":"wp","href":"https:\/\/api.w.org\/{rel}","templated":true}]}}