{"id":85823,"date":"2021-04-12T21:04:22","date_gmt":"2021-04-12T19:04:22","guid":{"rendered":"https:\/\/www.seaflowerstore.com\/nl\/waterbox-flow-kit-with-1-2in-vca-random-flow-generator-nozzle\/"},"modified":"2024-03-19T15:43:29","modified_gmt":"2024-03-19T14:43:29","slug":"waterbox-flow-kit-with-1-2in-vca-random-flow-generator-nozzle","status":"publish","type":"product","link":"https:\/\/www.seaflowerstore.com\/de\/waterbox-flow-kit-with-1-2in-vca-random-flow-generator-nozzle\/","title":{"rendered":"Waterbox Flow Kit with 1\/2in VCA Random Flow Generator Nozzle"},"content":{"rendered":"<h2>Waterbox Flow Kit with 1\/2in VCA Random Flow Generator Nozzle<\/h2>\n<p>Wir stellen Ihnen die einfachste M\u00f6glichkeit vor, die Str\u00f6mung in Ihrem Waterbox\u00ae-Aquarium zu verbessern. Dieses Kit wurde entwickelt, um Ihr Aquarienerlebnis m\u00fchelos zu verbessern.<\/p>\n<p><strong>Kompatibel mit:<\/strong><\/p>\n<ul>\n<li>Cube-Serie<\/li>\n<li>Peninsula Mini-Serie<\/li>\n<li>Reef-Serie*<\/li>\n<li>Frag-Serie*<\/li>\n<li>Marine-Serie*<\/li>\n<li>und mehr!<\/li>\n<\/ul>\n<p><strong>Kit enth\u00e4lt:<\/strong><\/p>\n<ul>\n<li>1\/2-Zoll-Random Flow Generator\u00ae-D\u00fcse<\/li>\n<li>2 Segmente echter 1\/2-Zoll-Loc-Line<\/li>\n<li>16,5-mm-Wasserkastenadapter<\/li>\n<li>22-mm-Wasserkastenadapter<\/li>\n<\/ul>\n<p>Alle 3D-gedruckten Teile bestehen aus riffsicherem PETG-Kunststoff, was sowohl Qualit\u00e4t als auch Sicherheit f\u00fcr Ihre Wasserumgebung gew\u00e4hrleistet.<\/p>\n<p><img loading=\"lazy\" decoding=\"async\" class=\"alignnone wp-image-28080 size-medium\" src=\"https:\/\/vividcreativeaquatics.com\/wp-content\/uploads\/2021\/02\/WBFK050-Flow-rates-300x101.jpg\" alt=\"\" width=\"300\" height=\"101\" \/><\/p>\n<p>Die empfohlenen Durchflussraten basieren auf dem Auslass der R\u00fccklaufleitung und pro Auslass. Bitte beachten Sie, dass f\u00fcr eine vollst\u00e4ndige Durchflussl\u00f6sung zwei Kits erforderlich sind.<\/p>\n","protected":false},"excerpt":{"rendered":"<p>Waterbox Flow Kit with 1\/2in VCA Random Flow Generator Nozzle<\/p>\n","protected":false},"featured_media":83480,"template":"","meta":[],"pwb-brand":[2269],"product_cat":[1451],"product_tag":[],"class_list":{"0":"post-85823","1":"product","2":"type-product","3":"status-publish","4":"has-post-thumbnail","6":"pwb-brand-vca","7":"product_cat-zubehoer","9":"first","10":"outofstock","11":"taxable","12":"shipping-taxable","13":"purchasable","14":"product-type-simple"},"acf":[],"brands":[{"id":2269,"name":"VCA","slug":"vca"}],"_links":{"self":[{"href":"https:\/\/www.seaflowerstore.com\/de\/wp-json\/wp\/v2\/product\/85823","targetHints":{"allow":["GET"]}}],"collection":[{"href":"https:\/\/www.seaflowerstore.com\/de\/wp-json\/wp\/v2\/product"}],"about":[{"href":"https:\/\/www.seaflowerstore.com\/de\/wp-json\/wp\/v2\/types\/product"}],"wp:featuredmedia":[{"embeddable":true,"href":"https:\/\/www.seaflowerstore.com\/de\/wp-json\/wp\/v2\/media\/83480"}],"wp:attachment":[{"href":"https:\/\/www.seaflowerstore.com\/de\/wp-json\/wp\/v2\/media?parent=85823"}],"wp:term":[{"taxonomy":"pwb-brand","embeddable":true,"href":"https:\/\/www.seaflowerstore.com\/de\/wp-json\/wp\/v2\/pwb-brand?post=85823"},{"taxonomy":"product_cat","embeddable":true,"href":"https:\/\/www.seaflowerstore.com\/de\/wp-json\/wp\/v2\/product_cat?post=85823"},{"taxonomy":"product_tag","embeddable":true,"href":"https:\/\/www.seaflowerstore.com\/de\/wp-json\/wp\/v2\/product_tag?post=85823"}],"curies":[{"name":"wp","href":"https:\/\/api.w.org\/{rel}","templated":true}]}}