{"id":85838,"date":"2021-03-07T15:05:12","date_gmt":"2021-03-07T14:05:12","guid":{"rendered":"https:\/\/www.seaflowerstore.com\/nl\/flipper-platinum-scraper-25cm-10\/"},"modified":"2026-02-10T07:31:31","modified_gmt":"2026-02-10T06:31:31","slug":"flipper-platinum-scraper-25cm-10","status":"publish","type":"product","link":"https:\/\/www.seaflowerstore.com\/de\/flipper-platinum-scraper-25cm-10\/","title":{"rendered":"Flipper Platinum Scraper 25cm \/ 10&#8243;"},"content":{"rendered":"<h2>Flipper Platinum Scraper 25cm \/ 10&#8243; for glass and acrylic tanks<\/h2>\n<p>Der Flipper Platinum Scraper wurde mit Blick auf Benutzerfreundlichkeit entwickelt. Hier sind einige seiner fantastischen Funktionen:<\/p>\n<ul>\n<li><strong>Vielseitige Verwendung:<\/strong> Sie k\u00f6nnen jede alte Kreditkarte, Geschenkkarte oder jeden Hotelzimmerschl\u00fcssel als Schaberklinge verwenden.<\/li>\n<li><strong>Flexible Klingeneinf\u00fchrung:<\/strong> Die Klingenkarten k\u00f6nnen in jede Richtung eingef\u00fchrt werden und bieten so mehrere Flexibilit\u00e4tsstufen.<\/li>\n<li><strong>Anpassbare Formen:<\/strong> Sie k\u00f6nnen Ihre eigenen Klingenkartenformen ausschneiden, um die kniffligen gebogenen oder engen Stellen in Ihrem Tank zu reinigen.<\/li>\n<li><strong>Robuster Griff:<\/strong> Der solide Griff aus Fiberglasmatrix ist bei ordnungsgem\u00e4\u00dfer Verwendung praktisch unzerst\u00f6rbar.<\/li>\n<\/ul>\n","protected":false},"excerpt":{"rendered":"<p>Flipper Platinum Scraper 25cm \/ 10&#8243; for glass and acrylic tanks<\/p>\n","protected":false},"featured_media":83441,"template":"","meta":[],"pwb-brand":[2247],"product_cat":[1488],"product_tag":[],"class_list":{"0":"post-85838","1":"product","2":"type-product","3":"status-publish","4":"has-post-thumbnail","6":"pwb-brand-flipper","7":"product_cat-pflege","9":"first","10":"instock","11":"taxable","12":"shipping-taxable","13":"purchasable","14":"product-type-simple"},"acf":[],"brands":[{"id":2247,"name":"Flipper","slug":"flipper"}],"_links":{"self":[{"href":"https:\/\/www.seaflowerstore.com\/de\/wp-json\/wp\/v2\/product\/85838","targetHints":{"allow":["GET"]}}],"collection":[{"href":"https:\/\/www.seaflowerstore.com\/de\/wp-json\/wp\/v2\/product"}],"about":[{"href":"https:\/\/www.seaflowerstore.com\/de\/wp-json\/wp\/v2\/types\/product"}],"wp:featuredmedia":[{"embeddable":true,"href":"https:\/\/www.seaflowerstore.com\/de\/wp-json\/wp\/v2\/media\/83441"}],"wp:attachment":[{"href":"https:\/\/www.seaflowerstore.com\/de\/wp-json\/wp\/v2\/media?parent=85838"}],"wp:term":[{"taxonomy":"pwb-brand","embeddable":true,"href":"https:\/\/www.seaflowerstore.com\/de\/wp-json\/wp\/v2\/pwb-brand?post=85838"},{"taxonomy":"product_cat","embeddable":true,"href":"https:\/\/www.seaflowerstore.com\/de\/wp-json\/wp\/v2\/product_cat?post=85838"},{"taxonomy":"product_tag","embeddable":true,"href":"https:\/\/www.seaflowerstore.com\/de\/wp-json\/wp\/v2\/product_tag?post=85838"}],"curies":[{"name":"wp","href":"https:\/\/api.w.org\/{rel}","templated":true}]}}