{"id":85842,"date":"2021-02-25T18:00:55","date_gmt":"2021-02-25T16:04:16","guid":{"rendered":"https:\/\/www.seaflowerstore.com\/nl\/tropic-marin-plus-np-200ml\/"},"modified":"2024-03-19T15:43:05","modified_gmt":"2024-03-19T14:43:05","slug":"tropic-marin-plus-np-200ml","status":"publish","type":"product","link":"https:\/\/www.seaflowerstore.com\/de\/tropic-marin-plus-np-200ml\/","title":{"rendered":"Tropic Marin Plus-NP 200ml"},"content":{"rendered":"<h2>Tropic Marin Plus-NP 200ml Liquid concentrate for supplying important nutrients for corals<\/h2>\n<p>Um zu gedeihen, ben\u00f6tigen Korallen f\u00fcr ihren Stoffwechsel sowie den Stoffwechsel ihrer Zooxanthellen bestimmte Mindestmengen an Phosphaten und Stickstoffverbindungen. Aquarien mit sehr niedrigem N\u00e4hrstoffgehalt, sogenannte Ultra Low Nutrient Systems (ULNS), sind besonders anf\u00e4llig f\u00fcr einen Mangel an diesen essentiellen Verbindungen.<\/p>\n<p><strong>Tropic Marin Plus-NP<\/strong> bietet eine ma\u00dfgeschneiderte Mischung aus Phosphaten und Stickstoffverbindungen, die speziell auf die Bed\u00fcrfnisse von Korallen abgestimmt ist. Da diese N\u00e4hrstoffe an eine organische Energiequelle gebunden sind, k\u00f6nnen Korallen sie effektiver verwerten als mit anorganischen N\u00e4hrsalzzus\u00e4tzen. Diese Methode reduziert den N\u00e4hrstoffverlust durch Denitrifikation und Adsorption, hilft, Mangelerscheinungen bei Korallen vorzubeugen und f\u00f6rdert gesundes Wachstum.<\/p>\n<p>Dieses Fl\u00fcssigkonzentrat ist benutzerfreundlich und kann durch manuelle Dosierung oder mit Dosierpumpen verabreicht werden.<\/p>\n<h3>Vorteile:<\/h3>\n<ul>\n<li>Eine hochkonzentrierte Phosphat- und Stickstoffl\u00f6sung zur Linderung von N\u00e4hrstoffmangel bei Korallen.<\/li>\n<li>Speziell f\u00fcr Riffaquarien mit sehr niedrigem N\u00e4hrstoffgehalt (ULNS) entwickelt.<\/li>\n<li>Geeignet f\u00fcr Aquarien mit Weichkorallen, LPS und SPS.<\/li>\n<li>Eine leicht zu dosierende Fl\u00fcssigl\u00f6sung.<\/li>\n<li>Kompatibel mit manueller Dosierung und Dosierpumpen.<\/li>\n<\/ul>\n<h3>Anwendung:<\/h3>\n<p>Zur Verwendung den Pumpenkopf gegen den Uhrzeigersinn drehen, bis er herausspringt. Geben Sie t\u00e4glich 1 ml (eine Pumppumpe) pro 100 Liter (26 US-Gallonen) Aquarienvolumen hinzu, bis die N\u00e4hrstoffbeschr\u00e4nkungen bei den Korallen behoben sind und sie ein normales Wachstums- und Farbniveau aufweisen.<\/p>\n<p><strong>Maximaldosis:<\/strong> 1 ml pro 100 Liter (26 US-Gallonen) Aquarienvolumen t\u00e4glich. Dieses Produkt ist sowohl f\u00fcr die manuelle Dosierung als auch f\u00fcr Dosierpumpen geeignet. Bitte lagern Sie die Flasche dicht verschlossen an einem k\u00fchlen, dunklen Ort.<\/p>\n","protected":false},"excerpt":{"rendered":"<p>Tropic Marin Plus-NP 200ml Liquid concentrate for supplying important nutrients for corals<\/p>\n","protected":false},"featured_media":83423,"template":"","meta":[],"pwb-brand":[2151],"product_cat":[1391],"product_tag":[],"class_list":{"0":"post-85842","1":"product","2":"type-product","3":"status-publish","4":"has-post-thumbnail","6":"pwb-brand-tropic-marin","7":"product_cat-ergaenzungen","9":"first","10":"outofstock","11":"taxable","12":"shipping-taxable","13":"purchasable","14":"product-type-simple"},"acf":[],"brands":[{"id":2151,"name":"Tropic Marin","slug":"tropic-marin"}],"_links":{"self":[{"href":"https:\/\/www.seaflowerstore.com\/de\/wp-json\/wp\/v2\/product\/85842","targetHints":{"allow":["GET"]}}],"collection":[{"href":"https:\/\/www.seaflowerstore.com\/de\/wp-json\/wp\/v2\/product"}],"about":[{"href":"https:\/\/www.seaflowerstore.com\/de\/wp-json\/wp\/v2\/types\/product"}],"wp:featuredmedia":[{"embeddable":true,"href":"https:\/\/www.seaflowerstore.com\/de\/wp-json\/wp\/v2\/media\/83423"}],"wp:attachment":[{"href":"https:\/\/www.seaflowerstore.com\/de\/wp-json\/wp\/v2\/media?parent=85842"}],"wp:term":[{"taxonomy":"pwb-brand","embeddable":true,"href":"https:\/\/www.seaflowerstore.com\/de\/wp-json\/wp\/v2\/pwb-brand?post=85842"},{"taxonomy":"product_cat","embeddable":true,"href":"https:\/\/www.seaflowerstore.com\/de\/wp-json\/wp\/v2\/product_cat?post=85842"},{"taxonomy":"product_tag","embeddable":true,"href":"https:\/\/www.seaflowerstore.com\/de\/wp-json\/wp\/v2\/product_tag?post=85842"}],"curies":[{"name":"wp","href":"https:\/\/api.w.org\/{rel}","templated":true}]}}