{"id":85843,"date":"2021-02-25T15:35:22","date_gmt":"2021-02-25T14:49:32","guid":{"rendered":"https:\/\/www.seaflowerstore.com\/nl\/tropic-marin-elimi-np\/"},"modified":"2024-03-19T15:43:12","modified_gmt":"2024-03-19T14:43:12","slug":"tropic-marin-elimi-np","status":"publish","type":"product","link":"https:\/\/www.seaflowerstore.com\/de\/tropic-marin-elimi-np\/","title":{"rendered":"Tropic Marin Elimi-NP"},"content":{"rendered":"<h2>Tropic Marin Elimi-NP Liquid carbon dosing concentrate for nutrient reduction<\/h2>\n<p>Die N\u00e4hrstoffbedingungen f\u00fcr die niederen Tiere in Ihrem Riffaquarium, wie etwa Korallen und Schw\u00e4mme, sind am besten, wenn die Nitrat- und Phosphatwerte m\u00f6glichst niedrig sind. Tropic Marin\u00ae ELIMI-NP ist eine konzentrierte organische Kohlenstoffl\u00f6sung, die Nitrat und Phosphat in Riffaquarien effektiv reduziert, indem sie zus\u00e4tzliches Biomassewachstum f\u00f6rdert.<\/p>\n<p>ELIMI-NP ist f\u00fcr alle Salzwasseraquarien geeignet, die erh\u00f6hte Phosphatwerte und ein niedriges Nitrat-Phosphat-Verh\u00e4ltnis aufweisen, was h\u00e4ufig in Riff-Setups vorkommt.<\/p>\n<h3>Vorteile:<\/h3>\n<ul>\n<li><strong>Effiziente Reduzierung<\/strong> von Nitrat und Phosphat im Riffaquarium<\/li>\n<li><strong>Leicht zu dosierende<\/strong> Fl\u00fcssigl\u00f6sung<\/li>\n<li><strong>Geeignet f\u00fcr Aquarien<\/strong> mit Meerwasserfischen, Weichkorallen, LPS, SPS, anderen Filtrierern und\/oder Krebstieren<\/li>\n<li><strong>Entwickelt f\u00fcr Riffaquarien<\/strong> mit Korallenkalkreaktoren; funktioniert auch gut in Aquarien mit hohem Phosphatgehalt und niedrigem Nitrat\/Phosphat-Verh\u00e4ltnis<\/li>\n<\/ul>\n<h3>Anwendung:<\/h3>\n<p>F\u00fcr die 50 ml Flasche:<\/p>\n<p>Den beiliegenden Schlauch auf die Spritze stecken und die gew\u00fcnschte Menge ELIMI-NP abmessen. Eventuelle Luft, die beim Aufziehen in Schlauch und Spritze gelangt, hat keinen Einfluss auf die Dosierung. Die Unterkante des Kolbens zeigt immer die richtige Dosiermenge an, auch wenn sich die gew\u00fcnschte Menge ELIMI-NP nur im Schlauch und nicht in der Spritzenkammer befindet. Die angesaugte Luft hilft beim Entleeren des Schlauches w\u00e4hrend der Dosierung.<\/p>\n<p>F\u00fcr die 200 ml Flasche:<\/p>\n<p>Pumpenkopf gegen den Uhrzeigersinn drehen, bis er herausspringt. Ein Druck auf den Pumpenkopf gibt 1 ml ab.<\/p>\n<p><strong>Dosierung:<\/strong> Beginnen Sie mit einer Tagesdosis von 0,1 ml pro 100 Liter (26 US-Gallonen) Aquarienvolumen. Nach zwei Wochen k\u00f6nnen Sie die Dosierung schrittweise um 0,1 ml pro 100 Liter (26 US-Gallonen) erh\u00f6hen, w\u00e4hrend Sie Ihre Tiere beobachten und die Nitrat- und Phosphatkonzentrationen \u00fcberpr\u00fcfen. Verabreichen Sie ELIMI-NP in den Pumpenstrom, um eine ordnungsgem\u00e4\u00dfe Verteilung im gesamten Aquarium zu gew\u00e4hrleisten.<\/p>\n<p><strong>Maximaldosis:<\/strong> \u00dcberschreiten Sie nicht eine Tagesdosis von 0,5 ml pro 100 Liter (26 US-Gallonen) Aquarienvolumen. Es ist wichtig, den Phosphatgehalt im Riffaquarium langsam zu senken, um Anpassungsstress f\u00fcr die Organismen zu vermeiden. Achten Sie au\u00dferdem darauf, dass das Nitrat-Phosphat-Verh\u00e4ltnis 10:1 nicht \u00fcberschreitet.<\/p>\n<p>Wenn Ihr Nitrat-Phosphat-Verh\u00e4ltnis gr\u00f6\u00dfer als 10:1 ist, empfehlen wir Ihnen, Tropic Marin\u00ae NP-BACTO-BALANCE anstelle von ELIMI-NP zu verwenden, um die beste N\u00e4hrstoffbalance zu erreichen.<\/p>\n<p>Bitte lagern Sie die Flasche dicht verschlossen!<\/p>\n","protected":false},"excerpt":{"rendered":"<p>Tropic Marin Elimi-NP Liquid carbon dosing concentrate for nutrient reduction<\/p>\n","protected":false},"featured_media":83421,"template":"","meta":[],"pwb-brand":[2151],"product_cat":[1453],"product_tag":[],"class_list":{"0":"post-85843","1":"product","2":"type-product","3":"status-publish","4":"has-post-thumbnail","6":"pwb-brand-tropic-marin","7":"product_cat-nitrat-und-phosphatentferner","8":"pa_content-200-ml","9":"pa_content-50-ml","10":"pa_inhoud-200-ml-de","11":"pa_inhoud-250-ml-de","12":"pa_inhoud-50-ml-de","14":"first","15":"instock","16":"taxable","17":"shipping-taxable","18":"purchasable","19":"product-type-variable"},"acf":[],"brands":[{"id":2151,"name":"Tropic Marin","slug":"tropic-marin"}],"_links":{"self":[{"href":"https:\/\/www.seaflowerstore.com\/de\/wp-json\/wp\/v2\/product\/85843","targetHints":{"allow":["GET"]}}],"collection":[{"href":"https:\/\/www.seaflowerstore.com\/de\/wp-json\/wp\/v2\/product"}],"about":[{"href":"https:\/\/www.seaflowerstore.com\/de\/wp-json\/wp\/v2\/types\/product"}],"wp:featuredmedia":[{"embeddable":true,"href":"https:\/\/www.seaflowerstore.com\/de\/wp-json\/wp\/v2\/media\/83421"}],"wp:attachment":[{"href":"https:\/\/www.seaflowerstore.com\/de\/wp-json\/wp\/v2\/media?parent=85843"}],"wp:term":[{"taxonomy":"pwb-brand","embeddable":true,"href":"https:\/\/www.seaflowerstore.com\/de\/wp-json\/wp\/v2\/pwb-brand?post=85843"},{"taxonomy":"product_cat","embeddable":true,"href":"https:\/\/www.seaflowerstore.com\/de\/wp-json\/wp\/v2\/product_cat?post=85843"},{"taxonomy":"product_tag","embeddable":true,"href":"https:\/\/www.seaflowerstore.com\/de\/wp-json\/wp\/v2\/product_tag?post=85843"}],"curies":[{"name":"wp","href":"https:\/\/api.w.org\/{rel}","templated":true}]}}