{"id":85846,"date":"2021-02-25T15:12:15","date_gmt":"2021-02-25T14:12:15","guid":{"rendered":"https:\/\/www.seaflowerstore.com\/nl\/tropic-marin-coral-clean-250-ml\/"},"modified":"2024-03-19T15:42:59","modified_gmt":"2024-03-19T14:42:59","slug":"tropic-marin-coral-clean-250-ml","status":"publish","type":"product","link":"https:\/\/www.seaflowerstore.com\/de\/tropic-marin-coral-clean-250-ml\/","title":{"rendered":"Tropic Marin Coral Clean 250 ml"},"content":{"rendered":"<h2>Tropic Marin Coral Clean 250 ml Cleaning iodine dip for corals<\/h2>\n<p><strong>Reinigendes Jodbad f\u00fcr Korallen<\/strong><\/p>\n<p>Beim Einsetzen neuer Korallen werden h\u00e4ufig unerw\u00fcnschte Organismen, Parasiten oder Verunreinigungen mitgebracht, die eine Gefahr f\u00fcr die bestehende Korallenpopulation darstellen k\u00f6nnen. <strong>Tropic Marin\u00ae Coral Clean<\/strong> beseitigt die h\u00e4ufigsten Epiphyten, Parasiten und Verunreinigungen effektiv durch einen einfachen Badevorgang. Sie k\u00f6nnen den Fortschritt leicht \u00fcberwachen, indem Sie abfallende Tiere beobachten, die anzeigen, ob zus\u00e4tzliche B\u00e4der erforderlich sind. Dieses Produkt ist phosphatfrei und schonender als herk\u00f6mmliche Reinigungsl\u00f6sungen wie Lugolsche L\u00f6sung oder S\u00fc\u00dfwasser.<\/p>\n<h3>Vorteile:<\/h3>\n<ul>\n<li>Phosphatfrei, im Gegensatz zu herk\u00f6mmlichem PVP-Jod, das zur Wundpflege verwendet wird<\/li>\n<li>Keine Belastung des Aquariums durch Medikamente oder Biozide, da es in einem Bad verwendet wird<\/li>\n<li>Reinigt Korallen von den h\u00e4ufigsten Epiphyten, Parasiten und Verunreinigungen<\/li>\n<li>Schonende Behandlung f\u00fcr Korallen<\/li>\n<li>Sofortige Erfolgskontrolle, da abgefallene Epiphyten und Parasiten im Bad verbleiben<\/li>\n<\/ul>\n<h3>Anwendung:<\/h3>\n<p>F\u00fcllen Sie zun\u00e4chst einen Glas- oder Plastikbeh\u00e4lter mit Meerwasser aus Ihrem Aquarium und stellen Sie sicher, dass die Koralle w\u00e4hrend der Behandlung darin Platz hat. F\u00fcgen Sie 1 ml <strong>Tropic Marin\u00ae Coral Clean<\/strong> pro 100 ml Wasser hinzu und mischen Sie es gut. Tauchen Sie die neue Koralle zehn bis f\u00fcnfzehn Minuten lang vollst\u00e4ndig in dieses kurze Bad. Bevor Sie die Koralle wieder in das Aquarium setzen, sch\u00fctteln Sie sie im Bad leicht, um Ablagerungen und unerw\u00fcnschte Organismen zu l\u00f6sen. Denken Sie daran, Korallenkrabben vor der Behandlung vorsichtig zu entfernen und nach dem Vorgang wieder einzusetzen. Es ist auch wichtig, die Wasserqualit\u00e4t des Aquariums regelm\u00e4\u00dfig zu \u00fcberpr\u00fcfen, um die Gesundheit der Korallen zu f\u00f6rdern.<\/p>\n","protected":false},"excerpt":{"rendered":"<p>Tropic Marin Coral Clean 250 ml Cleaning iodine dip for corals<\/p>\n","protected":false},"featured_media":83420,"template":"","meta":[],"pwb-brand":[2151],"product_cat":[1390],"product_tag":[],"class_list":{"0":"post-85846","1":"product","2":"type-product","3":"status-publish","4":"has-post-thumbnail","6":"pwb-brand-tropic-marin","7":"product_cat-medikamente","9":"first","10":"instock","11":"taxable","12":"shipping-taxable","13":"purchasable","14":"product-type-simple"},"acf":[],"brands":[{"id":2151,"name":"Tropic Marin","slug":"tropic-marin"}],"_links":{"self":[{"href":"https:\/\/www.seaflowerstore.com\/de\/wp-json\/wp\/v2\/product\/85846","targetHints":{"allow":["GET"]}}],"collection":[{"href":"https:\/\/www.seaflowerstore.com\/de\/wp-json\/wp\/v2\/product"}],"about":[{"href":"https:\/\/www.seaflowerstore.com\/de\/wp-json\/wp\/v2\/types\/product"}],"wp:featuredmedia":[{"embeddable":true,"href":"https:\/\/www.seaflowerstore.com\/de\/wp-json\/wp\/v2\/media\/83420"}],"wp:attachment":[{"href":"https:\/\/www.seaflowerstore.com\/de\/wp-json\/wp\/v2\/media?parent=85846"}],"wp:term":[{"taxonomy":"pwb-brand","embeddable":true,"href":"https:\/\/www.seaflowerstore.com\/de\/wp-json\/wp\/v2\/pwb-brand?post=85846"},{"taxonomy":"product_cat","embeddable":true,"href":"https:\/\/www.seaflowerstore.com\/de\/wp-json\/wp\/v2\/product_cat?post=85846"},{"taxonomy":"product_tag","embeddable":true,"href":"https:\/\/www.seaflowerstore.com\/de\/wp-json\/wp\/v2\/product_tag?post=85846"}],"curies":[{"name":"wp","href":"https:\/\/api.w.org\/{rel}","templated":true}]}}