{"id":85852,"date":"2021-02-25T13:16:08","date_gmt":"2021-02-25T11:16:08","guid":{"rendered":"https:\/\/www.seaflowerstore.com\/nl\/sander-ozonizer-certizon-c-100\/"},"modified":"2024-03-19T15:42:54","modified_gmt":"2024-03-19T14:42:54","slug":"sander-ozonizer-certizon-c-100","status":"publish","type":"product","link":"https:\/\/www.seaflowerstore.com\/de\/sander-ozonizer-certizon-c-100\/","title":{"rendered":"Sander Ozonizer Certizon C 100"},"content":{"rendered":"<h2>Sander Ozonizer Certizon C 100 mg\/h ozon for Fresh and Seawater aquaria<\/h2>\n<p>Die Ozonisierer der Sander Certizon-Reihe bieten einen Ozonleistungsbereich von 25 mg\/h bis 300 mg\/h. Jeder Certizon-Ozonisator wird mit einem Trimmer geliefert, sodass die Einstellungen ganz einfach stufenlos angepasst werden k\u00f6nnen.<\/p>\n<p>Das Ozonelement l\u00e4sst sich bei Bedarf leicht reinigen und das leichte und kompakte Design des Ger\u00e4ts erm\u00f6glicht die Installation auf einer Werkbank oder die Montage an einer Wand.<\/p>\n<table id=\"infos\">\n<tbody>\n<tr>\n<th><\/th>\n<th><\/th>\n<th>Certizon C300<\/th>\n<th>Certizon C200<\/th>\n<th>Certizon <span style=\"background-color: #ffff00\">C100<\/span><\/th>\n<th>Certizon C50<\/th>\n<th>Certizon C25<\/th>\n<\/tr>\n<tr>\n<td>Ozonleistung<\/td>\n<td>mg\/h<\/td>\n<td>50\u2013300<\/td>\n<td>50\u2013200<\/td>\n<td>10\u2013100<\/td>\n<td>5\u201350<\/td>\n<td>2\u201325<\/td>\n<\/tr>\n<tr>\n<td>Kontinuierliche Einstellung<\/td>\n<td>%<\/td>\n<td>0\u2013100<\/td>\n<td>0\u2013100<\/td>\n<td>0\u2013100<\/td>\n<td>0\u2013100<\/td>\n<td>0\u2013100<\/td>\n<\/tr>\n<tr>\n<td>Stromverbrauch<\/td>\n<td>Watt<\/td>\n<td>10<\/td>\n<td>6<\/td>\n<td>4,8<\/td>\n<td>3,6<\/td>\n<td>3<\/td>\n<\/tr>\n<tr>\n<td>Luftstrom<\/td>\n<td>L\/h<\/td>\n<td>200\u2013500<\/td>\n<td>100\u2013500<\/td>\n<td>50\u2013500<\/td>\n<td>50\u2013500<\/td>\n<td>50\u2013500<\/td>\n<\/tr>\n<tr>\n<td>S\u00fc\u00dfwasservolumen bis zu<\/td>\n<td>L<\/td>\n<td>6000<\/td>\n<td>4000<\/td>\n<td>2000<\/td>\n<td>1000<\/td>\n<td>500<\/td>\n<\/tr>\n<tr>\n<td>Meerwasservolumen bis zu<\/td>\n<td>L<\/td>\n<td>3000<\/td>\n<td>2000<\/td>\n<td>1000<\/td>\n<td>500<\/td>\n<td>250<\/td>\n<\/tr>\n<\/tbody>\n<\/table>\n<p><strong>Seien Sie beim Einsatz von Ozon vorsichtig.<\/strong> Aus Sicherheitsgr\u00fcnden empfehlen wir, es nur in Verbindung mit einem Redox-Regler (ORP) zu verwenden.<\/p>\n","protected":false},"excerpt":{"rendered":"<p>Sander Ozonizer Certizon C 100 mg\/h ozon for Fresh and Seawater aquaria<\/p>\n","protected":false},"featured_media":83410,"template":"","meta":[],"pwb-brand":[2267],"product_cat":[1427],"product_tag":[],"class_list":{"0":"post-85852","1":"product","2":"type-product","3":"status-publish","4":"has-post-thumbnail","6":"pwb-brand-sander","7":"product_cat-ozon-de","8":"pa_show-myparcel-options-male-de","10":"first","11":"instock","12":"taxable","13":"shipping-taxable","14":"purchasable","15":"product-type-simple"},"acf":[],"brands":[{"id":2267,"name":"Sander","slug":"sander"}],"_links":{"self":[{"href":"https:\/\/www.seaflowerstore.com\/de\/wp-json\/wp\/v2\/product\/85852","targetHints":{"allow":["GET"]}}],"collection":[{"href":"https:\/\/www.seaflowerstore.com\/de\/wp-json\/wp\/v2\/product"}],"about":[{"href":"https:\/\/www.seaflowerstore.com\/de\/wp-json\/wp\/v2\/types\/product"}],"wp:featuredmedia":[{"embeddable":true,"href":"https:\/\/www.seaflowerstore.com\/de\/wp-json\/wp\/v2\/media\/83410"}],"wp:attachment":[{"href":"https:\/\/www.seaflowerstore.com\/de\/wp-json\/wp\/v2\/media?parent=85852"}],"wp:term":[{"taxonomy":"pwb-brand","embeddable":true,"href":"https:\/\/www.seaflowerstore.com\/de\/wp-json\/wp\/v2\/pwb-brand?post=85852"},{"taxonomy":"product_cat","embeddable":true,"href":"https:\/\/www.seaflowerstore.com\/de\/wp-json\/wp\/v2\/product_cat?post=85852"},{"taxonomy":"product_tag","embeddable":true,"href":"https:\/\/www.seaflowerstore.com\/de\/wp-json\/wp\/v2\/product_tag?post=85852"}],"curies":[{"name":"wp","href":"https:\/\/api.w.org\/{rel}","templated":true}]}}