{"id":85853,"date":"2021-02-24T22:14:53","date_gmt":"2021-02-24T21:14:53","guid":{"rendered":"https:\/\/www.seaflowerstore.com\/nl\/deepsee-max-magnified-aquarium-viewer\/"},"modified":"2025-08-10T11:18:58","modified_gmt":"2025-08-10T09:18:58","slug":"deepsee-max-clear-magnified-aquarium-viewer","status":"publish","type":"product","link":"https:\/\/www.seaflowerstore.com\/de\/deepsee-max-clear-magnified-aquarium-viewer\/","title":{"rendered":"DeepSee Max Clear &#8211; Magnified Aquarium Viewer"},"content":{"rendered":"<h2>Flipper DeepSee Max Clear &#8211; Magnified Aquarium Viewer<\/h2>\n<p>Der DeepSee Viewer ist eine magnetisch befestigte Lupe, die Ihr gesamtes Aquariumerlebnis verbessern soll. Er ist in drei verschiedenen Gr\u00f6\u00dfen erh\u00e4ltlich, sodass Sie f\u00fcr fast jedes Aquarium die perfekte Passform finden.<\/p>\n<p>Dieser Viewer eignet sich hervorragend f\u00fcr die Aquarienfotografie und zum Erkennen fr\u00fcher Anzeichen von Sch\u00e4dlingsbefall oder Krankheiten. Sie werden Details in Ihrem Aquarium entdecken wie nie zuvor!<\/p>\n<p><strong>Hauptmerkmale:<\/strong><\/p>\n<ul>\n<li>Lupe mit einem Durchmesser von ca. 12,5 cm<\/li>\n<li>Kompatibel mit Glas- und Acrylaquarien<\/li>\n<li>Maximale Glasdicke von 19 mm<\/li>\n<li>Brennweite zwischen 15 und 25 cm<\/li>\n<\/ul>\n","protected":false},"excerpt":{"rendered":"<p>Flipper DeepSee Max ist eine Lupe f\u00fcr eine einzigartige Sicht im Aquarium<\/p>\n","protected":false},"featured_media":127126,"template":"","meta":[],"pwb-brand":[2247],"product_cat":[1431],"product_tag":[],"class_list":{"0":"post-85853","1":"product","2":"type-product","3":"status-publish","4":"has-post-thumbnail","6":"pwb-brand-flipper","7":"product_cat-nuetzliche-artikel","9":"first","10":"instock","11":"sale","12":"taxable","13":"shipping-taxable","14":"purchasable","15":"product-type-simple"},"acf":[],"brands":[{"id":2247,"name":"Flipper","slug":"flipper"}],"_links":{"self":[{"href":"https:\/\/www.seaflowerstore.com\/de\/wp-json\/wp\/v2\/product\/85853","targetHints":{"allow":["GET"]}}],"collection":[{"href":"https:\/\/www.seaflowerstore.com\/de\/wp-json\/wp\/v2\/product"}],"about":[{"href":"https:\/\/www.seaflowerstore.com\/de\/wp-json\/wp\/v2\/types\/product"}],"wp:featuredmedia":[{"embeddable":true,"href":"https:\/\/www.seaflowerstore.com\/de\/wp-json\/wp\/v2\/media\/127126"}],"wp:attachment":[{"href":"https:\/\/www.seaflowerstore.com\/de\/wp-json\/wp\/v2\/media?parent=85853"}],"wp:term":[{"taxonomy":"pwb-brand","embeddable":true,"href":"https:\/\/www.seaflowerstore.com\/de\/wp-json\/wp\/v2\/pwb-brand?post=85853"},{"taxonomy":"product_cat","embeddable":true,"href":"https:\/\/www.seaflowerstore.com\/de\/wp-json\/wp\/v2\/product_cat?post=85853"},{"taxonomy":"product_tag","embeddable":true,"href":"https:\/\/www.seaflowerstore.com\/de\/wp-json\/wp\/v2\/product_tag?post=85853"}],"curies":[{"name":"wp","href":"https:\/\/api.w.org\/{rel}","templated":true}]}}