{"id":85855,"date":"2021-02-24T21:45:21","date_gmt":"2021-02-24T20:45:21","guid":{"rendered":"https:\/\/www.seaflowerstore.com\/nl\/deepsee-standard-magnified-aquarium-viewer\/"},"modified":"2025-08-10T11:53:59","modified_gmt":"2025-08-10T09:53:59","slug":"deepsee-standard-clear-magnified-aquarium-viewer","status":"publish","type":"product","link":"https:\/\/www.seaflowerstore.com\/de\/deepsee-standard-clear-magnified-aquarium-viewer\/","title":{"rendered":"DeepSee Standard Clear &#8211; Magnified Aquarium Viewer"},"content":{"rendered":"<h2>Flipper DeepSee Standard Clear &#8211; Magnified Aquarium Viewer<\/h2>\n<p>Der DeepSee Viewer ist eine magnetisch befestigte Lupe, die Ihr gesamtes Aquariumerlebnis verbessern soll. Er ist in drei verschiedenen Gr\u00f6\u00dfen erh\u00e4ltlich, sodass er f\u00fcr nahezu jedes Aquarium perfekt passt.<\/p>\n<p>Dieser Viewer ist ideal f\u00fcr die Aquarienfotografie und zum Erkennen fr\u00fcher Anzeichen von Sch\u00e4dlingsbefall oder Krankheiten. Sie k\u00f6nnen Details in Ihrem Aquarium wie nie zuvor beobachten!<\/p>\n<p><strong>Hauptmerkmale:<\/strong><\/p>\n<ul>\n<li>Lupe mit einem Durchmesser von ca. 10 cm<\/li>\n<li>Kompatibel mit Glas- oder Acrylaquarien<\/li>\n<li>Maximale Glasdicke von 16 mm<\/li>\n<li>Brennweite von 7,5 bis 20 cm<\/li>\n<\/ul>\n","protected":false},"excerpt":{"rendered":"<p>Flipper DeepSee Standard ist eine Lupe f\u00fcr eine einzigartige Sicht im Aquarium<\/p>\n","protected":false},"featured_media":127130,"template":"","meta":[],"pwb-brand":[2247],"product_cat":[1431],"product_tag":[],"class_list":{"0":"post-85855","1":"product","2":"type-product","3":"status-publish","4":"has-post-thumbnail","6":"pwb-brand-flipper","7":"product_cat-nuetzliche-artikel","9":"first","10":"outofstock","11":"sale","12":"taxable","13":"shipping-taxable","14":"purchasable","15":"product-type-simple"},"acf":[],"brands":[{"id":2247,"name":"Flipper","slug":"flipper"}],"_links":{"self":[{"href":"https:\/\/www.seaflowerstore.com\/de\/wp-json\/wp\/v2\/product\/85855","targetHints":{"allow":["GET"]}}],"collection":[{"href":"https:\/\/www.seaflowerstore.com\/de\/wp-json\/wp\/v2\/product"}],"about":[{"href":"https:\/\/www.seaflowerstore.com\/de\/wp-json\/wp\/v2\/types\/product"}],"wp:featuredmedia":[{"embeddable":true,"href":"https:\/\/www.seaflowerstore.com\/de\/wp-json\/wp\/v2\/media\/127130"}],"wp:attachment":[{"href":"https:\/\/www.seaflowerstore.com\/de\/wp-json\/wp\/v2\/media?parent=85855"}],"wp:term":[{"taxonomy":"pwb-brand","embeddable":true,"href":"https:\/\/www.seaflowerstore.com\/de\/wp-json\/wp\/v2\/pwb-brand?post=85855"},{"taxonomy":"product_cat","embeddable":true,"href":"https:\/\/www.seaflowerstore.com\/de\/wp-json\/wp\/v2\/product_cat?post=85855"},{"taxonomy":"product_tag","embeddable":true,"href":"https:\/\/www.seaflowerstore.com\/de\/wp-json\/wp\/v2\/product_tag?post=85855"}],"curies":[{"name":"wp","href":"https:\/\/api.w.org\/{rel}","templated":true}]}}