{"id":85856,"date":"2021-02-23T17:01:56","date_gmt":"2021-02-23T16:01:56","guid":{"rendered":"https:\/\/www.seaflowerstore.com\/nl\/aqua-medic-demineralization-filter-10\/"},"modified":"2024-03-19T15:42:45","modified_gmt":"2024-03-19T14:42:45","slug":"aqua-medic-demineralization-filter-10","status":"publish","type":"product","link":"https:\/\/www.seaflowerstore.com\/de\/aqua-medic-demineralization-filter-10\/","title":{"rendered":"Aqua Medic Demineralization Filter 10&#8243;"},"content":{"rendered":"<h2>Aqua Medic Demineralization Filter 10<\/h2>\n<p>Der Aqua Medic Demineralization Filter 10 wurde entwickelt, um mithilfe eines speziellen Ionenaustauscherharzes auch die letzten Spuren von Verunreinigungen effektiv zu entfernen. Dieser Filter wird nach der Umkehrosmoseanlage installiert, um optimale Wasserqualit\u00e4t zu gew\u00e4hrleisten.<\/p>\n<p>Durch den Einsatz dieses Filters k\u00f6nnen Sie das Wachstum von Kieselalgen deutlich reduzieren, insbesondere wenn der Silikatgehalt in Ihrem Leitungswasser erh\u00f6ht ist.<\/p>\n<p>Dieses Produkt wird mit einer gef\u00fcllten DI-Kartusche geliefert, die Sie einfach nachf\u00fcllen k\u00f6nnen, sowie einer praktischen Aufh\u00e4ngevorrichtung. Bitte beachten Sie, dass Schl\u00e4uche nicht im Lieferumfang enthalten sind.<\/p>\n","protected":false},"excerpt":{"rendered":"<p>Aqua Medic Demineralization Filter 10 &#8222;Used as the last stage of an osmosis device<\/p>\n","protected":false},"featured_media":83397,"template":"","meta":[],"pwb-brand":[2149],"product_cat":[1463],"product_tag":[],"class_list":{"0":"post-85856","1":"product","2":"type-product","3":"status-publish","4":"has-post-thumbnail","6":"pwb-brand-aqua-medic","7":"product_cat-filter-und-zubehoer","9":"first","10":"instock","11":"taxable","12":"shipping-taxable","13":"purchasable","14":"product-type-simple"},"acf":[],"brands":[{"id":2149,"name":"Aqua Medic","slug":"aqua-medic"}],"_links":{"self":[{"href":"https:\/\/www.seaflowerstore.com\/de\/wp-json\/wp\/v2\/product\/85856","targetHints":{"allow":["GET"]}}],"collection":[{"href":"https:\/\/www.seaflowerstore.com\/de\/wp-json\/wp\/v2\/product"}],"about":[{"href":"https:\/\/www.seaflowerstore.com\/de\/wp-json\/wp\/v2\/types\/product"}],"wp:featuredmedia":[{"embeddable":true,"href":"https:\/\/www.seaflowerstore.com\/de\/wp-json\/wp\/v2\/media\/83397"}],"wp:attachment":[{"href":"https:\/\/www.seaflowerstore.com\/de\/wp-json\/wp\/v2\/media?parent=85856"}],"wp:term":[{"taxonomy":"pwb-brand","embeddable":true,"href":"https:\/\/www.seaflowerstore.com\/de\/wp-json\/wp\/v2\/pwb-brand?post=85856"},{"taxonomy":"product_cat","embeddable":true,"href":"https:\/\/www.seaflowerstore.com\/de\/wp-json\/wp\/v2\/product_cat?post=85856"},{"taxonomy":"product_tag","embeddable":true,"href":"https:\/\/www.seaflowerstore.com\/de\/wp-json\/wp\/v2\/product_tag?post=85856"}],"curies":[{"name":"wp","href":"https:\/\/api.w.org\/{rel}","templated":true}]}}