{"id":85857,"date":"2021-02-11T23:09:22","date_gmt":"2021-02-11T21:12:50","guid":{"rendered":"https:\/\/www.seaflowerstore.com\/nl\/tropic-marin-nitrate-test\/"},"modified":"2024-03-19T15:42:44","modified_gmt":"2024-03-19T14:42:44","slug":"tropic-marin-nitrate-test","status":"publish","type":"product","link":"https:\/\/www.seaflowerstore.com\/de\/tropic-marin-nitrate-test\/","title":{"rendered":"Tropic Marin Nitrate Test"},"content":{"rendered":"<h2>Tropic Marin Nitrate Test<\/h2>\n<p><strong>Zur Bestimmung der Nitrit- und Nitratkonzentration in S\u00fc\u00df- und Salzwasser<\/strong><\/p>\n<p>Bei der Nitrifikation entstehen aus Ammonium (NH<sub>4<\/sub><sup>+<\/sup>) Nitrit (NO<sub>2<\/sub><sup>\u2013<\/sup>) und Nitrationen (NO<sub>3<\/sub><sup>\u2013<\/sup>). Im ersten Schritt dieses bakteriellen Prozesses entsteht Nitrit, das f\u00fcr S\u00fc\u00dfwasserarten sehr sch\u00e4dlich ist. Wenn alles gut geht, wird Nitrit im zweiten Schritt in Nitrat umgewandelt. In Salzwasseraquarien k\u00f6nnen hohe Nitratwerte das Wachstum empfindlicher Korallen hemmen. Dar\u00fcber hinaus k\u00f6nnen erh\u00f6hte Nitratwerte das Algenwachstum erheblich f\u00f6rdern, was f\u00fcr alle Arten von Aquarien ein Problem darstellen kann. Obwohl es selten vorkommt, kann es auch zu Nitratmangel kommen. Daher ist es wichtig, die Nitrit- und Nitratkonzentrationen in Ihrem Aquarienwasser regelm\u00e4\u00dfig zu testen.<\/p>\n<p>Als allgemeine Richtlinie gilt, dass die Nitritkonzentration in allen Aquarien unter 0,2 mg\/l (ppm) gehalten werden sollte. Bei Salzwasseraquarien sollte die Nitratkonzentration 20 mg\/l (ppm) nicht \u00fcberschreiten. Bei der Pflege von Steinkorallen sollten Sie versuchen, den Nitratwert unter 10 mg\/l (ppm) zu halten. In S\u00fc\u00dfwasseraquarien ist es ratsam, die Nitratkonzentration unter 50 mg\/l (ppm) zu halten. Die idealen Untergrenzen f\u00fcr Nitrat h\u00e4ngen von den spezifischen Bedingungen in Ihrem Aquarium ab.<\/p>\n<p>Mit dem <strong>Tropic Marin Nitrit\/Nitrat-Test<\/strong> k\u00f6nnen Sie Nitrit- und Nitratkonzentrationen ganz einfach anhand einer fein abgestimmten Farbskala bestimmen, die von 0 bis 2 ppm f\u00fcr Nitrit und von 0 bis 50 ppm f\u00fcr Nitrat reicht.<\/p>\n<h3><strong>Vorteile:<\/strong><\/h3>\n<ul>\n<li>Messbereich: NO<sub>2<\/sub> 0 \u2013 2,0 mg\/l (ppm)<\/li>\n<li>Messbereich: NO<sub>3<\/sub> 0,5 \u2013 50 mg\/l (ppm)<\/li>\n<li>Genauigkeit: NO<sub>2<\/sub> 0,02 mg\/l<\/li>\n<li>Genauigkeit: NO<sub>3<\/sub> 0,5 mg\/l<\/li>\n<li>Zur Bestimmung der Nitrit-\/Nitratkonzentrationen in Aquarien<\/li>\n<li>Ausreichend f\u00fcr ca. 50 Anwendungen<\/li>\n<\/ul>\n","protected":false},"excerpt":{"rendered":"<p>Tropic Marin Nitrate Test For determining the nitrite and nitrate concentration in Fresh and Saltwater<\/p>\n","protected":false},"featured_media":83395,"template":"","meta":[],"pwb-brand":[2151],"product_cat":[1400],"product_tag":[],"class_list":{"0":"post-85857","1":"product","2":"type-product","3":"status-publish","4":"has-post-thumbnail","6":"pwb-brand-tropic-marin","7":"product_cat-tester","9":"first","10":"outofstock","11":"taxable","12":"shipping-taxable","13":"purchasable","14":"product-type-simple"},"acf":[],"brands":[{"id":2151,"name":"Tropic Marin","slug":"tropic-marin"}],"_links":{"self":[{"href":"https:\/\/www.seaflowerstore.com\/de\/wp-json\/wp\/v2\/product\/85857","targetHints":{"allow":["GET"]}}],"collection":[{"href":"https:\/\/www.seaflowerstore.com\/de\/wp-json\/wp\/v2\/product"}],"about":[{"href":"https:\/\/www.seaflowerstore.com\/de\/wp-json\/wp\/v2\/types\/product"}],"wp:featuredmedia":[{"embeddable":true,"href":"https:\/\/www.seaflowerstore.com\/de\/wp-json\/wp\/v2\/media\/83395"}],"wp:attachment":[{"href":"https:\/\/www.seaflowerstore.com\/de\/wp-json\/wp\/v2\/media?parent=85857"}],"wp:term":[{"taxonomy":"pwb-brand","embeddable":true,"href":"https:\/\/www.seaflowerstore.com\/de\/wp-json\/wp\/v2\/pwb-brand?post=85857"},{"taxonomy":"product_cat","embeddable":true,"href":"https:\/\/www.seaflowerstore.com\/de\/wp-json\/wp\/v2\/product_cat?post=85857"},{"taxonomy":"product_tag","embeddable":true,"href":"https:\/\/www.seaflowerstore.com\/de\/wp-json\/wp\/v2\/product_tag?post=85857"}],"curies":[{"name":"wp","href":"https:\/\/api.w.org\/{rel}","templated":true}]}}