{"id":85858,"date":"2021-01-24T19:00:12","date_gmt":"2021-01-24T17:01:18","guid":{"rendered":"https:\/\/www.seaflowerstore.com\/nl\/fauna-marin-rtn-stn-x-500ml\/"},"modified":"2024-03-19T15:42:43","modified_gmt":"2024-03-19T14:42:43","slug":"fauna-marin-rtn-stn-x-500ml","status":"publish","type":"product","link":"https:\/\/www.seaflowerstore.com\/de\/fauna-marin-rtn-stn-x-500ml\/","title":{"rendered":"Fauna Marin RTN\/STN X &#8211; 500ml"},"content":{"rendered":"<h2>Fauna Marin RTN\/STN X &#8211; 500ml the solution against tissue necrosis on corals<\/h2>\n<p>RTN\/STN-X ist eine ausgezeichnete Schutzbehandlung f\u00fcr Korallen, die effektiv Gewebenekrose bek\u00e4mpft, egal ob sie in der schnellen Form (RTN, Rapid Tissue Necrosis) oder der langsamen Form (STN, Slow Tissue Necrosis) auftritt. Dieses Produkt wirkt, indem es die Entwicklung sch\u00e4dlicher Mikroorganismen unterbricht und gleichzeitig die Abwehrkr\u00e4fte der Korallen st\u00e4rkt.<\/p>\n<h3>RTN\/STN-X sch\u00fctzt:<\/h3>\n<ul>\n<li>Weichkorallen und Seeanemonen<\/li>\n<li>Steinkorallen SPS\/LPS<\/li>\n<li>Azooxanthellate Korallen<\/li>\n<\/ul>\n<h3>Anwendung:<\/h3>\n<p>Wir empfehlen eine Behandlungsdauer von 7 bis 10 Tagen. Bei Bedarf k\u00f6nnen Sie die Behandlung verl\u00e4ngern. Bevor Sie dieses Pr\u00e4parat verwenden, lesen Sie bitte die HTU RTN\/STN-X sorgf\u00e4ltig durch und befolgen Sie die Gebrauchsanweisung genau. RTN\/STN-X ist f\u00fcr die Verwendung in Aquarien unbedenklich und schadet anderen Bewohnern nicht.<\/p>\n<h3>DOSIERUNG:<\/h3>\n<ul>\n<li>15 ml pro 100 Liter Aquarienvolumen t\u00e4glich f\u00fcr 7 bis 10 Tage<\/li>\n<li>Direkt in einen Bereich mit starker Str\u00f6mung geben<\/li>\n<li>Entfernen Sie w\u00e4hrend der Behandlung Aktivkohle aus dem System; Absch\u00e4umer, Adsorberfiltermaterialien und UV-Sterilisatoren bleiben jedoch einsatzf\u00e4hig.<\/li>\n<li>Zus\u00e4tzlich k\u00f6nnen Sie BACTO THERAPY w\u00e4hrend der Behandlung t\u00e4glich in einer Dosierung von 3 ml pro 100 Liter Aquarienvolumen verwenden.<\/li>\n<\/ul>\n<h3>ZUTATEN:<\/h3>\n<p>Wasser, Zink, Chelatoren<\/p>\n<p>Wirkstoff: Pyridin-2-thiol-1-oxid<\/p>\n<p><strong>Sicherheitshinweis:<\/strong> Dieses Produkt ist nur f\u00fcr die Anwendung in Meerwasseraquarien bestimmt. Au\u00dferhalb der Reichweite von Kindern aufbewahren und nicht in offene Gew\u00e4sser einbringen. Bitte gehen Sie mit Biozidprodukten vorsichtig um. Lesen Sie vor Gebrauch stets das Etikett und die Produktinformationen sorgf\u00e4ltig durch.<\/p>\n<p>BAuA-Reg.-Nr.: N-94587<\/p>\n","protected":false},"excerpt":{"rendered":"<p>Fauna Marin RTN\/STN X &#8211; 500ml the solution against tissue necrosis on corals<\/p>\n","protected":false},"featured_media":83393,"template":"","meta":[],"pwb-brand":[2177],"product_cat":[1390,1437],"product_tag":[],"class_list":{"0":"post-85858","1":"product","2":"type-product","3":"status-publish","4":"has-post-thumbnail","6":"pwb-brand-fauna-marin","7":"product_cat-medikamente","8":"product_cat-fauna-marin-de","10":"first","11":"outofstock","12":"taxable","13":"shipping-taxable","14":"purchasable","15":"product-type-simple"},"acf":[],"brands":[{"id":2177,"name":"Fauna Marin","slug":"fauna-marin"}],"_links":{"self":[{"href":"https:\/\/www.seaflowerstore.com\/de\/wp-json\/wp\/v2\/product\/85858","targetHints":{"allow":["GET"]}}],"collection":[{"href":"https:\/\/www.seaflowerstore.com\/de\/wp-json\/wp\/v2\/product"}],"about":[{"href":"https:\/\/www.seaflowerstore.com\/de\/wp-json\/wp\/v2\/types\/product"}],"wp:featuredmedia":[{"embeddable":true,"href":"https:\/\/www.seaflowerstore.com\/de\/wp-json\/wp\/v2\/media\/83393"}],"wp:attachment":[{"href":"https:\/\/www.seaflowerstore.com\/de\/wp-json\/wp\/v2\/media?parent=85858"}],"wp:term":[{"taxonomy":"pwb-brand","embeddable":true,"href":"https:\/\/www.seaflowerstore.com\/de\/wp-json\/wp\/v2\/pwb-brand?post=85858"},{"taxonomy":"product_cat","embeddable":true,"href":"https:\/\/www.seaflowerstore.com\/de\/wp-json\/wp\/v2\/product_cat?post=85858"},{"taxonomy":"product_tag","embeddable":true,"href":"https:\/\/www.seaflowerstore.com\/de\/wp-json\/wp\/v2\/product_tag?post=85858"}],"curies":[{"name":"wp","href":"https:\/\/api.w.org\/{rel}","templated":true}]}}