{"id":85863,"date":"2021-01-24T14:12:40","date_gmt":"2021-01-24T13:12:40","guid":{"rendered":"https:\/\/www.seaflowerstore.com\/nl\/coral-essentials-coral-power-gro-100ml\/"},"modified":"2024-03-19T15:42:35","modified_gmt":"2024-03-19T14:42:35","slug":"coral-essentials-coral-power-gro-100ml","status":"publish","type":"product","link":"https:\/\/www.seaflowerstore.com\/de\/coral-essentials-coral-power-gro-100ml\/","title":{"rendered":"Coral Essentials Coral Power Gro &#8211; 100ml"},"content":{"rendered":"<h2>Coral Essentials Coral Power Gro &#8211; 100ml<\/h2>\n<p><strong>Coral Essentials Coral Power Gro 100 ml<\/strong> ist eine konzentrierte Mischung aus Vitaminkomplexen, die auch die Aminos\u00e4ure L-Lysin enth\u00e4lt. Diese Formel dient als wichtige Nahrungsquelle f\u00fcr Korallen und f\u00f6rdert sowohl Wachstum als auch leuchtende Farben. Sie spielt eine entscheidende Rolle bei der Verbesserung der Vitalit\u00e4t und des Korallenstoffwechsels und dient als allgemeine Nahrungsquelle f\u00fcr die meisten Bewohner von Meerwasseraquarien.<\/p>\n<p>Nach der Dosierung von Coral Power Gro werden Sie eine verst\u00e4rkte Polypenausdehnung feststellen, was ein Zeichen f\u00fcr gesunde, fressende Korallen ist. Um die Farbe und das Wachstum von SPS- und LPS-Korallen zu maximieren, ist es wichtig, einen Dosierungsplan wie unten beschrieben einzuhalten. Sie k\u00f6nnen die Dosierung basierend auf Ihren spezifischen Beckenbedingungen und der vorhandenen Korallendichte anpassen. Korallen k\u00f6nnen erh\u00f6hte Vitaminmengen problemlos verwerten oder sie durch nat\u00fcrliche Prozesse im Meerwasseraquarium abbauen.<\/p>\n<p>Bitte denken Sie daran, Coral Essentials \u2013 Coral Power Gro an einem k\u00fchlen, dunklen Ort aufzubewahren. Nach dem \u00d6ffnen sollten Sie es am besten im K\u00fchlschrank aufbewahren.<\/p>\n<p><strong>Dosierungsrate:<\/strong> Wir empfehlen, mit 1 Tropfen pro Tag pro 100 Liter Tankwasser zu beginnen und die Dosis \u00fcber einige Wochen hinweg schrittweise auf 2 Tropfen pro Tag zu erh\u00f6hen. Sie k\u00f6nnen je nach Korallendichte in Ihrem Tank mit h\u00f6heren Dosierungsraten experimentieren. Wir empfehlen jedoch nicht, 4 Tropfen pro Tag pro 100 Liter Wasser zu \u00fcberschreiten. Weitere Hinweise finden Sie in den manuellen Dosierungstabellen (siehe Abbildung).<\/p>\n","protected":false},"excerpt":{"rendered":"<p>Coral Essentials Coral Power Gro 100ml is a concentrated blend of vitamin complexes<\/p>\n","protected":false},"featured_media":81712,"template":"","meta":[],"pwb-brand":[2279],"product_cat":[1391,515],"product_tag":[],"class_list":{"0":"post-85863","1":"product","2":"type-product","3":"status-publish","4":"has-post-thumbnail","6":"pwb-brand-coral-essentials","7":"product_cat-ergaenzungen","8":"product_cat-additives","9":"pa_inhoud-50-ml-de","10":"pa_show-myparcel-options-male-de","12":"first","13":"instock","14":"sale","15":"taxable","16":"shipping-taxable","17":"purchasable","18":"product-type-simple"},"acf":[],"brands":[{"id":2279,"name":"Coral Essentials","slug":"coral-essentials"}],"_links":{"self":[{"href":"https:\/\/www.seaflowerstore.com\/de\/wp-json\/wp\/v2\/product\/85863","targetHints":{"allow":["GET"]}}],"collection":[{"href":"https:\/\/www.seaflowerstore.com\/de\/wp-json\/wp\/v2\/product"}],"about":[{"href":"https:\/\/www.seaflowerstore.com\/de\/wp-json\/wp\/v2\/types\/product"}],"wp:featuredmedia":[{"embeddable":true,"href":"https:\/\/www.seaflowerstore.com\/de\/wp-json\/wp\/v2\/media\/81712"}],"wp:attachment":[{"href":"https:\/\/www.seaflowerstore.com\/de\/wp-json\/wp\/v2\/media?parent=85863"}],"wp:term":[{"taxonomy":"pwb-brand","embeddable":true,"href":"https:\/\/www.seaflowerstore.com\/de\/wp-json\/wp\/v2\/pwb-brand?post=85863"},{"taxonomy":"product_cat","embeddable":true,"href":"https:\/\/www.seaflowerstore.com\/de\/wp-json\/wp\/v2\/product_cat?post=85863"},{"taxonomy":"product_tag","embeddable":true,"href":"https:\/\/www.seaflowerstore.com\/de\/wp-json\/wp\/v2\/product_tag?post=85863"}],"curies":[{"name":"wp","href":"https:\/\/api.w.org\/{rel}","templated":true}]}}