{"id":85864,"date":"2021-01-23T12:43:19","date_gmt":"2021-01-23T10:44:35","guid":{"rendered":"https:\/\/www.seaflowerstore.com\/nl\/ghl-dosing-pump-hose\/"},"modified":"2024-03-19T15:42:34","modified_gmt":"2024-03-19T14:42:34","slug":"ghl-dosing-pump-hose","status":"publish","type":"product","link":"https:\/\/www.seaflowerstore.com\/de\/ghl-dosing-pump-hose\/","title":{"rendered":"GHL Dosing pump hose"},"content":{"rendered":"<h2>GHL Dosing pump hose<\/h2>\n<p>Der Ersatzschlauch f\u00fcr den Dosierpumpenkopf eines GHL Doser 2.1 ist aus hochwertigem Novoprene gefertigt. Dies gew\u00e4hrleistet Langlebigkeit und Zuverl\u00e4ssigkeit f\u00fcr Ihre Dosieranforderungen.<\/p>\n<ul>\n<li><strong>Durchmesser:<\/strong> 2,5 mm<\/li>\n<li><strong>L\u00e4nge:<\/strong> 150 mm<\/li>\n<\/ul>\n<p>Wenn Sie einen neuen Schlauch f\u00fcr Ihre GHL-Dosierpumpe ben\u00f6tigen, ist dies eine gute Wahl, damit alles reibungslos l\u00e4uft.<\/p>\n","protected":false},"excerpt":{"rendered":"<p>GHL Dosing pump hose is the replacement hose for the dosing pump head of a GHL doser 2.1<\/p>\n","protected":false},"featured_media":83380,"template":"","meta":[],"pwb-brand":[2157],"product_cat":[1420,1406,1387],"product_tag":[],"class_list":{"0":"post-85864","1":"product","2":"type-product","3":"status-publish","4":"has-post-thumbnail","6":"pwb-brand-ghl","7":"product_cat-doseerpomp-accessoires-de","8":"product_cat-dosierpumpen","9":"product_cat-messsysteme","11":"first","12":"instock","13":"taxable","14":"shipping-taxable","15":"purchasable","16":"product-type-simple"},"acf":[],"brands":[{"id":2157,"name":"GHL","slug":"ghl"}],"_links":{"self":[{"href":"https:\/\/www.seaflowerstore.com\/de\/wp-json\/wp\/v2\/product\/85864","targetHints":{"allow":["GET"]}}],"collection":[{"href":"https:\/\/www.seaflowerstore.com\/de\/wp-json\/wp\/v2\/product"}],"about":[{"href":"https:\/\/www.seaflowerstore.com\/de\/wp-json\/wp\/v2\/types\/product"}],"wp:featuredmedia":[{"embeddable":true,"href":"https:\/\/www.seaflowerstore.com\/de\/wp-json\/wp\/v2\/media\/83380"}],"wp:attachment":[{"href":"https:\/\/www.seaflowerstore.com\/de\/wp-json\/wp\/v2\/media?parent=85864"}],"wp:term":[{"taxonomy":"pwb-brand","embeddable":true,"href":"https:\/\/www.seaflowerstore.com\/de\/wp-json\/wp\/v2\/pwb-brand?post=85864"},{"taxonomy":"product_cat","embeddable":true,"href":"https:\/\/www.seaflowerstore.com\/de\/wp-json\/wp\/v2\/product_cat?post=85864"},{"taxonomy":"product_tag","embeddable":true,"href":"https:\/\/www.seaflowerstore.com\/de\/wp-json\/wp\/v2\/product_tag?post=85864"}],"curies":[{"name":"wp","href":"https:\/\/api.w.org\/{rel}","templated":true}]}}