{"id":85865,"date":"2021-01-23T12:32:15","date_gmt":"2021-01-23T10:34:01","guid":{"rendered":"https:\/\/www.seaflowerstore.com\/nl\/ghl-doser-2-1-pumps-maintenance-set\/"},"modified":"2024-03-19T15:42:34","modified_gmt":"2024-03-19T14:42:34","slug":"ghl-doser-2-1-pumps-maintenance-set","status":"publish","type":"product","link":"https:\/\/www.seaflowerstore.com\/de\/ghl-doser-2-1-pumps-maintenance-set\/","title":{"rendered":"GHL Doser 2.1 pumps maintenance set"},"content":{"rendered":"<h2>GHL Doser 2.1 pumps maintenance set<\/h2>\n<p>Das Wartungsset beinhaltet wichtige Verschlei\u00dfteile f\u00fcr zwei Pumpen des GHL Doser 2.1. Es ist wichtig, dass Ihr Ger\u00e4t reibungslos l\u00e4uft.<\/p>\n<p><strong>Das Wartungsset besteht aus:<\/strong><\/p>\n<ul>\n<li>2x blaue Pumpendeckel<\/li>\n<li>2x Rollenhalter<\/li>\n<li>6x Rollen<\/li>\n<\/ul>\n<p>Mit diesen Teilen stellen Sie sicher, dass Ihr GHL Doser weiterhin effizient und effektiv arbeitet.<\/p>\n","protected":false},"excerpt":{"rendered":"<p>GHL Doser 2.1 pumps maintenance set replacement parts that are subject to wear and tear for 2 pumps of a GHL doser 2.1<\/p>\n","protected":false},"featured_media":83379,"template":"","meta":[],"pwb-brand":[2157],"product_cat":[1420,1406,1387],"product_tag":[],"class_list":{"0":"post-85865","1":"product","2":"type-product","3":"status-publish","4":"has-post-thumbnail","6":"pwb-brand-ghl","7":"product_cat-doseerpomp-accessoires-de","8":"product_cat-dosierpumpen","9":"product_cat-messsysteme","11":"first","12":"instock","13":"taxable","14":"shipping-taxable","15":"purchasable","16":"product-type-simple"},"acf":[],"brands":[{"id":2157,"name":"GHL","slug":"ghl"}],"_links":{"self":[{"href":"https:\/\/www.seaflowerstore.com\/de\/wp-json\/wp\/v2\/product\/85865","targetHints":{"allow":["GET"]}}],"collection":[{"href":"https:\/\/www.seaflowerstore.com\/de\/wp-json\/wp\/v2\/product"}],"about":[{"href":"https:\/\/www.seaflowerstore.com\/de\/wp-json\/wp\/v2\/types\/product"}],"wp:featuredmedia":[{"embeddable":true,"href":"https:\/\/www.seaflowerstore.com\/de\/wp-json\/wp\/v2\/media\/83379"}],"wp:attachment":[{"href":"https:\/\/www.seaflowerstore.com\/de\/wp-json\/wp\/v2\/media?parent=85865"}],"wp:term":[{"taxonomy":"pwb-brand","embeddable":true,"href":"https:\/\/www.seaflowerstore.com\/de\/wp-json\/wp\/v2\/pwb-brand?post=85865"},{"taxonomy":"product_cat","embeddable":true,"href":"https:\/\/www.seaflowerstore.com\/de\/wp-json\/wp\/v2\/product_cat?post=85865"},{"taxonomy":"product_tag","embeddable":true,"href":"https:\/\/www.seaflowerstore.com\/de\/wp-json\/wp\/v2\/product_tag?post=85865"}],"curies":[{"name":"wp","href":"https:\/\/api.w.org\/{rel}","templated":true}]}}