{"id":85866,"date":"2021-01-21T15:24:01","date_gmt":"2021-01-21T14:24:01","guid":{"rendered":"https:\/\/www.seaflowerstore.com\/nl\/coral-essentials-coral-power-trace-c-100ml\/"},"modified":"2024-03-19T15:42:33","modified_gmt":"2024-03-19T14:42:33","slug":"coral-essentials-coral-power-trace-c-100ml","status":"publish","type":"product","link":"https:\/\/www.seaflowerstore.com\/de\/coral-essentials-coral-power-trace-c-100ml\/","title":{"rendered":"Coral Essentials Coral Power Trace C &#8211; 100ml"},"content":{"rendered":"<h2>Coral Essentials Coral Power Trace C &#8211; 100 ml is a blend of Potassium Iodide and Sodium Fluoride<\/h2>\n<p>Coral Power Trace-C kombiniert Kaliumiodid und Natriumfluorid und stellt so eine fantastische L\u00f6sung f\u00fcr Ihre Meeresumwelt dar. Dieses Produkt bietet eine vollst\u00e4ndige Mischung aus Jod und Fluor, die beide f\u00fcr die Gesundheit Ihrer Korallen unerl\u00e4sslich sind.<\/p>\n<p>W\u00e4hrend Korallen gedeihen, verbrauchen sie diese Spurenelemente auf nat\u00fcrliche Weise. Daher ist die regelm\u00e4\u00dfige Verwendung von Coral Power Trace-C notwendig, um das Wachstum zu unterst\u00fctzen und die Farbe zu verbessern. Halten Sie Ihre Korallen mit dieser essentiellen Mischung lebendig und gesund!<\/p>\n","protected":false},"excerpt":{"rendered":"<p>Coral Essentials Coral Power Trace C is a blend of Potassium Iodide and Sodium Fluoride<\/p>\n","protected":false},"featured_media":81669,"template":"","meta":[],"pwb-brand":[2279],"product_cat":[1391,515],"product_tag":[],"class_list":{"0":"post-85866","1":"product","2":"type-product","3":"status-publish","4":"has-post-thumbnail","6":"pwb-brand-coral-essentials","7":"product_cat-ergaenzungen","8":"product_cat-additives","10":"first","11":"instock","12":"sale","13":"taxable","14":"shipping-taxable","15":"purchasable","16":"product-type-simple"},"acf":[],"brands":[{"id":2279,"name":"Coral Essentials","slug":"coral-essentials"}],"_links":{"self":[{"href":"https:\/\/www.seaflowerstore.com\/de\/wp-json\/wp\/v2\/product\/85866","targetHints":{"allow":["GET"]}}],"collection":[{"href":"https:\/\/www.seaflowerstore.com\/de\/wp-json\/wp\/v2\/product"}],"about":[{"href":"https:\/\/www.seaflowerstore.com\/de\/wp-json\/wp\/v2\/types\/product"}],"wp:featuredmedia":[{"embeddable":true,"href":"https:\/\/www.seaflowerstore.com\/de\/wp-json\/wp\/v2\/media\/81669"}],"wp:attachment":[{"href":"https:\/\/www.seaflowerstore.com\/de\/wp-json\/wp\/v2\/media?parent=85866"}],"wp:term":[{"taxonomy":"pwb-brand","embeddable":true,"href":"https:\/\/www.seaflowerstore.com\/de\/wp-json\/wp\/v2\/pwb-brand?post=85866"},{"taxonomy":"product_cat","embeddable":true,"href":"https:\/\/www.seaflowerstore.com\/de\/wp-json\/wp\/v2\/product_cat?post=85866"},{"taxonomy":"product_tag","embeddable":true,"href":"https:\/\/www.seaflowerstore.com\/de\/wp-json\/wp\/v2\/product_tag?post=85866"}],"curies":[{"name":"wp","href":"https:\/\/api.w.org\/{rel}","templated":true}]}}