{"id":85867,"date":"2021-01-21T15:21:02","date_gmt":"2021-01-21T14:21:02","guid":{"rendered":"https:\/\/www.seaflowerstore.com\/nl\/coral-essentials-coral-power-trace-b-100ml\/"},"modified":"2024-03-19T15:42:31","modified_gmt":"2024-03-19T14:42:31","slug":"coral-essentials-coral-power-trace-b-100ml","status":"publish","type":"product","link":"https:\/\/www.seaflowerstore.com\/de\/coral-essentials-coral-power-trace-b-100ml\/","title":{"rendered":"Coral Essentials Coral Power Trace B &#8211; 100ml"},"content":{"rendered":"<h2>Coral Essentials Coral Power Trace B &#8211; 100ml<\/h2>\n<p><strong>Coral Essentials Coral Power Trace B<\/strong> ist eine konzentrierte Mischung aus essentiellen Spurenelementen wie Eisen, Zink, Kupfer, Mangan, Chrom, Kobalt und Nickel. In Meerwasseraquarien k\u00f6nnen diese wichtigen Metalle mit der Zeit ersch\u00f6pft sein, weshalb es wichtig ist, sie wieder aufzuf\u00fcllen.<\/p>\n<p>Der Eisengehalt in unserem Coral Power Trace B betr\u00e4gt beeindruckende <strong>100.000 ppm<\/strong>. Die regelm\u00e4\u00dfige Verwendung dieses Produkts ist f\u00fcr die F\u00f6rderung eines gesunden Wachstums und einer lebendigen F\u00e4rbung von SPS-Korallen von entscheidender Bedeutung. Sie werden feststellen, dass Ihre Korallen nach einer regelm\u00e4\u00dfigen Dosierung wundersch\u00f6n gl\u00e4nzen und schimmern.<\/p>\n<p>Dar\u00fcber hinaus unterst\u00fctzt diese Mischung viele andere biologische Prozesse in Meerwasseraquarien und ist somit ein wesentlicher Bestandteil f\u00fcr die Aufrechterhaltung einer bl\u00fchenden Wasserumgebung.<\/p>\n","protected":false},"excerpt":{"rendered":"<p>Coral Essentials Coral Power Trace B is a concentrated blend of Iron, Zinc, Copper, Manganese, Chromium, Cobalt and Nickel<\/p>\n","protected":false},"featured_media":81666,"template":"","meta":[],"pwb-brand":[2279],"product_cat":[1391,515],"product_tag":[],"class_list":{"0":"post-85867","1":"product","2":"type-product","3":"status-publish","4":"has-post-thumbnail","6":"pwb-brand-coral-essentials","7":"product_cat-ergaenzungen","8":"product_cat-additives","9":"pa_inhoud-50-ml-de","10":"pa_show-myparcel-options-male-de","12":"first","13":"instock","14":"sale","15":"taxable","16":"shipping-taxable","17":"purchasable","18":"product-type-simple"},"acf":[],"brands":[{"id":2279,"name":"Coral Essentials","slug":"coral-essentials"}],"_links":{"self":[{"href":"https:\/\/www.seaflowerstore.com\/de\/wp-json\/wp\/v2\/product\/85867","targetHints":{"allow":["GET"]}}],"collection":[{"href":"https:\/\/www.seaflowerstore.com\/de\/wp-json\/wp\/v2\/product"}],"about":[{"href":"https:\/\/www.seaflowerstore.com\/de\/wp-json\/wp\/v2\/types\/product"}],"wp:featuredmedia":[{"embeddable":true,"href":"https:\/\/www.seaflowerstore.com\/de\/wp-json\/wp\/v2\/media\/81666"}],"wp:attachment":[{"href":"https:\/\/www.seaflowerstore.com\/de\/wp-json\/wp\/v2\/media?parent=85867"}],"wp:term":[{"taxonomy":"pwb-brand","embeddable":true,"href":"https:\/\/www.seaflowerstore.com\/de\/wp-json\/wp\/v2\/pwb-brand?post=85867"},{"taxonomy":"product_cat","embeddable":true,"href":"https:\/\/www.seaflowerstore.com\/de\/wp-json\/wp\/v2\/product_cat?post=85867"},{"taxonomy":"product_tag","embeddable":true,"href":"https:\/\/www.seaflowerstore.com\/de\/wp-json\/wp\/v2\/product_tag?post=85867"}],"curies":[{"name":"wp","href":"https:\/\/api.w.org\/{rel}","templated":true}]}}