{"id":85868,"date":"2021-01-21T15:09:55","date_gmt":"2021-01-21T14:09:55","guid":{"rendered":"https:\/\/www.seaflowerstore.com\/nl\/coral-essentials-coral-power-trace-a-100ml\/"},"modified":"2024-03-19T15:42:30","modified_gmt":"2024-03-19T14:42:30","slug":"coral-essentials-coral-power-trace-a-100ml","status":"publish","type":"product","link":"https:\/\/www.seaflowerstore.com\/de\/coral-essentials-coral-power-trace-a-100ml\/","title":{"rendered":"Coral Essentials Coral Power Trace A &#8211; 100ml"},"content":{"rendered":"<h2>Coral Essentials Coral Power Trace A &#8211; 100ml is a blend of strontium (50,000 ppm) and barium<\/h2>\n<p>Coral Power Trace-A kombiniert Strontium (50.000 ppm) und Barium f\u00fcr optimale Leistung. In nat\u00fcrlichem Meerwasser liegt der Strontiumgehalt normalerweise zwischen 8 und 10 ppm. Es ist ratsam, den Strontiumgehalt in diesem Bereich zu halten, idealerweise zwischen 5 und 15 ppm.<\/p>\n<p>Untersuchungen zeigen, dass Strontiumwerte unter 5 ppm das Korallenwachstum in Meerwasseraquarien negativ beeinflussen k\u00f6nnen. F\u00fcr diejenigen, die es mit ihren Meerwasseraquarien ernst meinen, ist es wichtig, den Strontiumspiegel regelm\u00e4\u00dfig zu \u00fcberpr\u00fcfen, um die Aufnahme in Ihr System zu \u00fcberwachen.<\/p>\n<p>Um den Strontiumverbrauch effektiv zu steuern, befolgen Sie diese Schritte:<\/p>\n<ul>\n<li>Testen Sie Ihr Aquarienwasser regelm\u00e4\u00dfig, um den aktuellen Strontiumspiegel zu bestimmen.<\/li>\n<li>Berechnen Sie Ihren Dosierungsbedarf auf Grundlage der beobachteten Ersch\u00f6pfungsrate.<\/li>\n<li>\u00dcberpr\u00fcfen Sie den Strontiumspiegel weiterhin alle ein bis zwei Wochen, um sicherzustellen, dass er im gew\u00fcnschten Bereich bleibt.<\/li>\n<\/ul>\n<p>Indem Sie diese Werte im Auge behalten, k\u00f6nnen Sie ein gesundes Korallenwachstum unterst\u00fctzen und eine lebendige Meeresumwelt erhalten.<\/p>\n","protected":false},"excerpt":{"rendered":"<p>Coral Essentials Coral Power Trace A is a blend of strontium (50,000 ppm) and barium<\/p>\n","protected":false},"featured_media":81663,"template":"","meta":[],"pwb-brand":[2279],"product_cat":[1391,515],"product_tag":[],"class_list":{"0":"post-85868","1":"product","2":"type-product","3":"status-publish","4":"has-post-thumbnail","6":"pwb-brand-coral-essentials","7":"product_cat-ergaenzungen","8":"product_cat-additives","9":"pa_inhoud-50-ml-de","10":"pa_show-myparcel-options-male-de","12":"first","13":"instock","14":"sale","15":"taxable","16":"shipping-taxable","17":"purchasable","18":"product-type-simple"},"acf":[],"brands":[{"id":2279,"name":"Coral Essentials","slug":"coral-essentials"}],"_links":{"self":[{"href":"https:\/\/www.seaflowerstore.com\/de\/wp-json\/wp\/v2\/product\/85868","targetHints":{"allow":["GET"]}}],"collection":[{"href":"https:\/\/www.seaflowerstore.com\/de\/wp-json\/wp\/v2\/product"}],"about":[{"href":"https:\/\/www.seaflowerstore.com\/de\/wp-json\/wp\/v2\/types\/product"}],"wp:featuredmedia":[{"embeddable":true,"href":"https:\/\/www.seaflowerstore.com\/de\/wp-json\/wp\/v2\/media\/81663"}],"wp:attachment":[{"href":"https:\/\/www.seaflowerstore.com\/de\/wp-json\/wp\/v2\/media?parent=85868"}],"wp:term":[{"taxonomy":"pwb-brand","embeddable":true,"href":"https:\/\/www.seaflowerstore.com\/de\/wp-json\/wp\/v2\/pwb-brand?post=85868"},{"taxonomy":"product_cat","embeddable":true,"href":"https:\/\/www.seaflowerstore.com\/de\/wp-json\/wp\/v2\/product_cat?post=85868"},{"taxonomy":"product_tag","embeddable":true,"href":"https:\/\/www.seaflowerstore.com\/de\/wp-json\/wp\/v2\/product_tag?post=85868"}],"curies":[{"name":"wp","href":"https:\/\/api.w.org\/{rel}","templated":true}]}}